{"id":1237,"date":"2014-11-19T20:44:15","date_gmt":"2014-11-19T20:44:15","guid":{"rendered":"http:\/\/operatorzy.edu.pl\/?page_id=1237"},"modified":"2021-07-07T08:15:01","modified_gmt":"2021-07-07T08:15:01","slug":"hds-ausrustung","status":"publish","type":"page","link":"https:\/\/operatorzy.edu.pl\/de\/baza-wiedzy\/urzadzenia-hds\/","title":{"rendered":"HDS-Ausr\u00fcstung"},"content":{"rendered":"<div style=\"float: left; padding-right: 10px;\"><div id=\"metaslider-id-625\" style=\"max-width: 300px;\" class=\"ml-slider-3-108-0 metaslider metaslider-flex metaslider-625 ml-slider ms-theme-default nav-hidden\" role=\"region\" aria-label=\"hds-Ausr\u00fcstung\" data-height=\"225\" data-width=\"300\">\n    <div id=\"metaslider_container_625\">\n        <div id=\"metaslider_625\">\n            <ul class='slides'>\n                <li style=\"display: block; width: 100%;\" class=\"slide-1277 ms-image\" aria-roledescription=\"slide\" data-date=\"2014-11-19 22:15:04\" data-filename=\"pk_74002.jpg\" data-slide-type=\"image\"><img decoding=\"async\" src=\"https:\/\/operatorzy.edu.pl\/wp-content\/uploads\/2014\/11\/pk_74002.jpg\" height=\"225\" width=\"300\" alt=\"\" class=\"slider-625 slide-1277 msDefaultImage\" \/><\/li>\n            <\/ul>\n        <\/div>\n        \n    <\/div>\n<\/div><\/div>\n<div class=\"wyjustuj\">\n<p>HDS - Hydraulischer LKW-Kran ist eine Art Kran, der an einem LKW oder Sattelauflieger befestigt ist und beim Be- und Entladen von Materialien hilft. Krane dieser Art werden unter anderem f\u00fcr Transport-, Umlade- und Montagearbeiten eingesetzt. Auch im Bergbau, in der Metallurgie und in der Forstwirtschaft kommen sie zum Einsatz und helfen, je nach Krantyp, Lasten bis zu mehreren Dutzend Tonnen zu transportieren.<\/p>\n<p><strong>Dank HDS-Ger\u00e4ten ist es m\u00f6glich, solche Gegenst\u00e4nde und Materialien zu transportieren wie:<\/strong><\/p>\n<ul>\n<li>Baumaterial<\/li>\n<li>Fertigbeton und Schalungen<\/li>\n<li>Decken, St\u00fcrze<\/li>\n<li>Container und Baracken<\/li>\n<li>Bau-, Land- und andere Maschinen<\/li>\n<\/ul>\n<p>Hydraulische Autokrane bestehen aus einer S\u00e4ule, die sich auf der Basis dreht, und einem Ausleger, der darauf sitzt. Sie werden in der Regel auf Anh\u00e4ngern oder direkt auf Fahrzeugen installiert. Dank ihnen kann das Umladen ohne den Einsatz zus\u00e4tzlicher Kr\u00e4ne durchgef\u00fchrt werden.<\/p>\n<p>Derzeit wird diese Art von Ausr\u00fcstung in vielen polnischen Unternehmen eingesetzt, und die Nachfrage nach Bedienern von tragbaren Hydraulikkranen ist immer noch auf hohem Niveau. Entscheiden Sie sich, in Ihre Zukunft zu investieren, indem Sie sich anmelden <a href=\"https:\/\/operatorzy.edu.pl\/de\/szkolenia\/urzad-dozoru-technicznego\/uprawnienia-hds\/\">HDS-Kurs<\/a>ist eine gute M\u00f6glichkeit. Betreiber werden sowohl in Polen als auch in anderen L\u00e4ndern gesucht.<\/p>\n<p>F\u00fcr den Betrieb von hydraulischen Autokr\u00e4nen ben\u00f6tigen Sie <a href=\"https:\/\/operatorzy.edu.pl\/de\/szkolenia\/urzad-dozoru-technicznego\/zdobadz-uprawnienia-operatora-zurawia-hds\/\">HDS-Qualifikation<\/a>. Sie werden auf der Grundlage eines abgeschlossenen Kurses und einer erfolgreich bestandenen Pr\u00fcfung vor einer Kommission des Technischen \u00dcberwachungsamtes ausgestellt. Wenn Sie an einem HDS-Operator-Kurs interessiert sind, laden wir Sie ein, sich unser Angebot anzuschauen!<\/p>\n<\/div>","protected":false},"excerpt":{"rendered":"<p>HDS \u2013 hydrauliczny d\u017awig samochodowy to rodzaj d\u017awigu, kt\u00f3ry zamontowany jest do samochodu ci\u0119\u017carowego lub naczepy i pomaga w za\u0142adunku i roz\u0142adunku materia\u0142\u00f3w. D\u017awigi tego rodzaju s\u0105 wykorzystywane mi\u0119dzy innymi przy transporcie, pracach prze\u0142adunkowych oraz monta\u017cowych. Tak\u017ce znajduj\u0105 zastosowanie w g\u00f3rnictwie, hutnictwie, przemy\u015ble le\u015bnym, pomagaj\u0105c w przewo\u017ceniu \u0142adunk\u00f3w do kilkudziesi\u0119ciu ton zale\u017cnie od rodzaju d\u017awigu. [&hellip;]<\/p>\n","protected":false},"author":3,"featured_media":0,"parent":1231,"menu_order":0,"comment_status":"closed","ping_status":"closed","template":"","meta":{"footnotes":""},"class_list":["post-1237","page","type-page","status-publish","hentry"],"aioseo_notices":[],"_links":{"self":[{"href":"https:\/\/operatorzy.edu.pl\/de\/wp-json\/wp\/v2\/pages\/1237","targetHints":{"allow":["GET"]}}],"collection":[{"href":"https:\/\/operatorzy.edu.pl\/de\/wp-json\/wp\/v2\/pages"}],"about":[{"href":"https:\/\/operatorzy.edu.pl\/de\/wp-json\/wp\/v2\/types\/page"}],"author":[{"embeddable":true,"href":"https:\/\/operatorzy.edu.pl\/de\/wp-json\/wp\/v2\/users\/3"}],"replies":[{"embeddable":true,"href":"https:\/\/operatorzy.edu.pl\/de\/wp-json\/wp\/v2\/comments?post=1237"}],"version-history":[{"count":4,"href":"https:\/\/operatorzy.edu.pl\/de\/wp-json\/wp\/v2\/pages\/1237\/revisions"}],"predecessor-version":[{"id":1594,"href":"https:\/\/operatorzy.edu.pl\/de\/wp-json\/wp\/v2\/pages\/1237\/revisions\/1594"}],"up":[{"embeddable":true,"href":"https:\/\/operatorzy.edu.pl\/de\/wp-json\/wp\/v2\/pages\/1231"}],"wp:attachment":[{"href":"https:\/\/operatorzy.edu.pl\/de\/wp-json\/wp\/v2\/media?parent=1237"}],"curies":[{"name":"wp","href":"https:\/\/api.w.org\/{rel}","templated":true}]}}