{"id":1241,"date":"2014-11-19T20:45:17","date_gmt":"2014-11-19T20:45:17","guid":{"rendered":"http:\/\/operatorzy.edu.pl\/?page_id=1241"},"modified":"2014-11-19T21:34:32","modified_gmt":"2014-11-19T21:34:32","slug":"krane-2","status":"publish","type":"page","link":"https:\/\/operatorzy.edu.pl\/de\/baza-wiedzy\/zurawie\/","title":{"rendered":"Kr\u00e4ne"},"content":{"rendered":"<div style=\"float: left; padding-right: 10px;\"><div id=\"metaslider-id-629\" style=\"max-width: 300px;\" class=\"ml-slider-3-107-0 metaslider metaslider-flex metaslider-629 ml-slider ms-theme-default nav-hidden\" role=\"region\" aria-label=\"Kr\u00e4ne\" data-height=\"225\" data-width=\"300\">\n    <div id=\"metaslider_container_629\">\n        <div id=\"metaslider_629\">\n            <ul class='slides'>\n                <li style=\"display: block; width: 100%;\" class=\"slide-1279 ms-image\" aria-roledescription=\"slide\" data-date=\"2014-11-19 22:17:50\" data-filename=\"zuraw2.jpg\" data-slide-type=\"image\"><img decoding=\"async\" src=\"https:\/\/operatorzy.edu.pl\/wp-content\/uploads\/2014\/11\/zuraw2.jpg\" height=\"225\" width=\"300\" alt=\"\" class=\"slider-629 slide-1279 msDefaultImage\" \/><\/li>\n            <\/ul>\n        <\/div>\n        \n    <\/div>\n<\/div><\/div>\n<div class=\"wyjustuj\">\nKr\u00e4ne werden als Kranmaschinen klassifiziert, die in vielen T\u00e4tigkeitsbereichen eingesetzt werden. Diese Maschinen werden insbesondere auf Baustellen, aber auch an Arbeitspl\u00e4tzen und bei Montage-, Umlade- und anderen T\u00e4tigkeiten eingesetzt.<\/p>\n<p>Aufgrund ihrer Konstruktion k\u00f6nnen die Krane einen begrenzten Platz bew\u00e4ltigen. Sie bestehen aus einem Kegel oder Zylinder, der die maximale H\u00f6he der von der Maschine zu hebenden Lasten bestimmt, sowie einem drehbaren Sockel, der f\u00fcr die maximale Reichweite verantwortlich ist. Am Ende der Ausleger der Kr\u00e4ne befinden sich Traktoren, die mit verschiedenen Arten von Greifern ausgestattet sind, die an die Art der transportierten Gegenst\u00e4nde oder Materialien angepasst sind. <\/p>\n<p>Beim Heben von Lasten ist die wichtigste Einheit das Tonometer, das das maximale Belastungsmoment ausdr\u00fcckt. Es wird berechnet, indem das maximale Gewicht f\u00fcr ein bestimmtes Ger\u00e4t in Tonnen mit dem horizontalen Abstand in Metern vom St\u00fctzpunkt der Ausleger multipliziert wird. <\/p>\n<p>Der beliebteste Krantyp ist der Turmdrehkran, mit dem Sie Lasten von mehreren Dutzend Tonnen sogar \u00fcber 100 Meter heben k\u00f6nnen. Es gibt auch Hafenkr\u00e4ne, die im Frachtumschlag eingesetzt werden. Die dritte Art von Kr\u00e4nen sind selbstfahrende Kr\u00e4ne, die selbstfahrend oder auf Autos montiert sind.<\/p>\n<p>Zum Betrieb der vorgestellten Maschinen ben\u00f6tigen Sie <a href=\"https:\/\/operatorzy.edu.pl\/de\/szkolenia\/urzad-dozoru-technicznego\/kurs-na-zurawia\/\">eine Ausbildung zum Kranf\u00fchrer<\/a> Turm und Bestehen der Pr\u00fcfung vor dem Ausschuss des Amtes f\u00fcr Technische \u00dcberwachung. Es vermittelt die erforderlichen Qualifikationen an den Kranen, um als Kranf\u00fchrer zu arbeiten. Wenn Sie eine solche Ausbildung absolvieren und ein UDT-Zertifikat erwerben m\u00f6chten, empfehlen wir Ihnen, sich mit unserem Angebot in vertraut zu machen <a href=\"https:\/\/operatorzy.edu.pl\/de\/o-firmie\/\">Schulungszentrum f\u00fcr SPA-Betreiber<\/a>!\n<\/p><\/div>","protected":false},"excerpt":{"rendered":"<p>\u017burawie zaliczane s\u0105 do maszyn d\u017awignicowych, kt\u00f3re znajduj\u0105 zastosowanie w wielu ga\u0142\u0119ziach dzia\u0142alno\u015bci. To maszyny wykorzystywane w szczeg\u00f3lno\u015bci na budowach, ale r\u00f3wnie\u017c stosowane s\u0105 w zak\u0142adach pracy oraz przy czynno\u015bciach monta\u017cowych, prze\u0142adunkowych i innego rodzaju. \u017burawie ze wzgl\u0119du na swoj\u0105 konstrukcj\u0119 obs\u0142uguj\u0105 ograniczon\u0105 przestrze\u0144. Zbudowane s\u0105 ze sto\u017cka lub walca, kt\u00f3ry wyznacza maksymaln\u0105 wysoko\u015b\u0107 podnoszenia [&hellip;]<\/p>\n","protected":false},"author":3,"featured_media":0,"parent":1231,"menu_order":0,"comment_status":"closed","ping_status":"closed","template":"","meta":{"footnotes":""},"class_list":["post-1241","page","type-page","status-publish","hentry"],"aioseo_notices":[],"_links":{"self":[{"href":"https:\/\/operatorzy.edu.pl\/de\/wp-json\/wp\/v2\/pages\/1241","targetHints":{"allow":["GET"]}}],"collection":[{"href":"https:\/\/operatorzy.edu.pl\/de\/wp-json\/wp\/v2\/pages"}],"about":[{"href":"https:\/\/operatorzy.edu.pl\/de\/wp-json\/wp\/v2\/types\/page"}],"author":[{"embeddable":true,"href":"https:\/\/operatorzy.edu.pl\/de\/wp-json\/wp\/v2\/users\/3"}],"replies":[{"embeddable":true,"href":"https:\/\/operatorzy.edu.pl\/de\/wp-json\/wp\/v2\/comments?post=1241"}],"version-history":[{"count":2,"href":"https:\/\/operatorzy.edu.pl\/de\/wp-json\/wp\/v2\/pages\/1241\/revisions"}],"predecessor-version":[{"id":1257,"href":"https:\/\/operatorzy.edu.pl\/de\/wp-json\/wp\/v2\/pages\/1241\/revisions\/1257"}],"up":[{"embeddable":true,"href":"https:\/\/operatorzy.edu.pl\/de\/wp-json\/wp\/v2\/pages\/1231"}],"wp:attachment":[{"href":"https:\/\/operatorzy.edu.pl\/de\/wp-json\/wp\/v2\/media?parent=1241"}],"curies":[{"name":"wp","href":"https:\/\/api.w.org\/{rel}","templated":true}]}}