{"id":2099,"date":"2022-09-13T10:25:38","date_gmt":"2022-09-13T10:25:38","guid":{"rendered":"https:\/\/operatorzy.edu.pl\/?page_id=2099"},"modified":"2023-03-29T08:41:25","modified_gmt":"2023-03-29T06:41:25","slug":"kurs-fur-herd-und-kesselmonteure-was-lohnt-sich","status":"publish","type":"page","link":"https:\/\/operatorzy.edu.pl\/de\/uprawnienia-sep\/kurs-na-palacza-piecow-i-kotlow-co-dlaczego-warto\/","title":{"rendered":"Kurs f\u00fcr CO-Herd und Kesselbrenner"},"content":{"rendered":"<div class=\"wp-block-image\">\n<figure class=\"alignright size-large is-resized\"><a href=\"https:\/\/operatorzy.edu.pl\/wp-content\/uploads\/2022\/09\/1-3.jpeg\"><img decoding=\"async\" src=\"https:\/\/operatorzy.edu.pl\/wp-content\/uploads\/2022\/09\/1-3-1024x683.jpeg\" alt=\"Herd- und Kesselmonteur\" class=\"wp-image-2100\" width=\"512\" height=\"342\" srcset=\"https:\/\/operatorzy.edu.pl\/wp-content\/uploads\/2022\/09\/1-3-1024x683.jpeg 1024w, https:\/\/operatorzy.edu.pl\/wp-content\/uploads\/2022\/09\/1-3-300x200.jpeg 300w, https:\/\/operatorzy.edu.pl\/wp-content\/uploads\/2022\/09\/1-3-768x512.jpeg 768w, https:\/\/operatorzy.edu.pl\/wp-content\/uploads\/2022\/09\/1-3-1536x1024.jpeg 1536w, https:\/\/operatorzy.edu.pl\/wp-content\/uploads\/2022\/09\/1-3-18x12.jpeg 18w, https:\/\/operatorzy.edu.pl\/wp-content\/uploads\/2022\/09\/1-3.jpeg 1600w\" sizes=\"(max-width: 512px) 100vw, 512px\" \/><\/a><\/figure>\n<\/div>\n\n\n<h2 class=\"wp-block-heading\">\u00dcber das CSO-Angebot<\/h2>\n\n\n\n<p>Unser Zentrum bietet einen Kurs f\u00fcr CO-Brenner an, in dem Sie spezielle Qualifikationen f\u00fcr diesen Beruf erwerben und lernen k\u00f6nnen, worum es dabei geht. In unserem Land werden Zentralheizungsanlagen zur Beheizung von Einfamilienh\u00e4usern, Wohngeb\u00e4uden, Schulen usw. eingesetzt. Dazu geh\u00f6ren sowohl kleine \u00d6fen als auch gr\u00f6\u00dfere Anlagen. Die Arbeit eines Heizungsw\u00e4rters erfordert eine entsprechende Qualifikation und ein hohes Ma\u00df an Verantwortungsbewusstsein des Mitarbeiters.\u00a0\u00a0<\/p>\n\n\n\n<h4 class=\"wp-block-heading\">Wir werden Sie unterrichten:&nbsp;<\/h4>\n\n\n\n<ul class=\"dwiekolumny wp-block-list\">\n<li>Gesundheits- und Sicherheitsvorschriften,&nbsp;&nbsp;<\/li>\n\n\n\n<li>die korrekte Ablesung der Ergebnisse des Messger\u00e4ts,&nbsp;&nbsp;<\/li>\n\n\n\n<li>Inbetriebnahme von Zentralheizungskesseln und \u00dcberwachung ihres Betriebs,&nbsp;&nbsp;<\/li>\n\n\n\n<li>\u00dcberwachung des ordnungsgem\u00e4\u00dfen Betriebs der Heizkessel,&nbsp;<\/li>\n\n\n\n<li>Informationen \u00fcber das Kraftstoffversorgungssystem, die Temperatur, den Druck und den richtigen Luftzug.\u00a0\u00a0<\/li>\n<\/ul>\n\n\n\n<h2 class=\"wp-block-heading\">Anforderungen an die Bewerber&nbsp;<\/h2>\n\n\n\n<p>Sie m\u00fcssen nicht nur die entsprechende Ausbildung absolvieren und das Staatsexamen bestehen, sondern auch:&nbsp;<\/p>\n\n\n\n<ul class=\"wp-block-list\">\n<li>eine k\u00f6rperlich fitte Person sein,&nbsp;&nbsp;<\/li>\n\n\n\n<li>mindestens 18 Jahre alt sein,&nbsp;&nbsp;<\/li>\n\n\n\n<li>ein Minimum an Berufsausbildung haben.&nbsp;<\/li>\n<\/ul>\n\n\n\n<h2 class=\"wp-block-heading\">Arbeit als Ofenheizer\u00a0<\/h2>\n\n\n<div class=\"wp-block-image\">\n<figure class=\"alignleft is-resized\"><a href=\"https:\/\/operatorzy.edu.pl\/wp-content\/uploads\/2022\/09\/2-3.jpeg\"><img decoding=\"async\" src=\"https:\/\/operatorzy.edu.pl\/wp-content\/uploads\/2022\/09\/2-3-1024x684.jpeg\" alt=\"Mann bei der Bedienung von Co\" class=\"wp-image-2101\" width=\"512\" height=\"342\" srcset=\"https:\/\/operatorzy.edu.pl\/wp-content\/uploads\/2022\/09\/2-3-1024x684.jpeg 1024w, https:\/\/operatorzy.edu.pl\/wp-content\/uploads\/2022\/09\/2-3-300x200.jpeg 300w, https:\/\/operatorzy.edu.pl\/wp-content\/uploads\/2022\/09\/2-3-768x513.jpeg 768w, https:\/\/operatorzy.edu.pl\/wp-content\/uploads\/2022\/09\/2-3-1536x1025.jpeg 1536w, https:\/\/operatorzy.edu.pl\/wp-content\/uploads\/2022\/09\/2-3-18x12.jpeg 18w, https:\/\/operatorzy.edu.pl\/wp-content\/uploads\/2022\/09\/2-3.jpeg 1600w\" sizes=\"(max-width: 512px) 100vw, 512px\" \/><\/a><\/figure>\n<\/div>\n\n\n<p>Unabh\u00e4ngig von der Leistung Ihres Heizkessels m\u00fcssen Sie, wenn Sie eine Stelle als Heizer antreten, mit speziellen Anweisungen vertraut sein. In unserem Kurs lernen Sie, wie Sie die Effizienz des Systems kontrollieren und die Sicherheit aller Mitarbeiter am Arbeitsplatz gew\u00e4hrleisten k\u00f6nnen. In den meisten Unternehmen besteht die Hauptaufgabe eines Heizers darin, Heizkessel zu bedienen. Dies h\u00e4ngt jedoch auch von Ihrer bisherigen Betriebszugeh\u00f6rigkeit, Erfahrung und Qualifikation ab. Aufgrund des Klimas in unserer Region werden seit vielen Jahren immer wieder Heizer gesucht. Wenn Sie f\u00fcr Wasser- und Gasheizkessel, Dampfkessel oder gew\u00f6hnliche Herde qualifiziert sind, werden Sie leicht eine Stelle in diesem Beruf finden.&nbsp;<\/p>\n\n\n\n<h2 class=\"wp-block-heading\">Wie erhalten Sie die richtigen Qualifikationen?&nbsp;<\/h2>\n\n\n\n<p>Bei uns qualifizieren Sie sich in Einzel- oder Gruppenschulungen f\u00fcr den Beruf des Rauchers. Wir reisen zu Kunden im ganzen Land. Wenn Sie Ihre Mitarbeiter schulen und einen Kurs in Ihrem Unternehmen veranstalten m\u00f6chten, senden Sie uns eine E-Mail oder rufen Sie uns an. Wir bieten attraktive Preise und Rabatte f\u00fcr Gruppen. Verschaffen Sie sich einen ersten \u00dcberblick \u00fcber die Themen, die w\u00e4hrend des Kurses in unserem Schulungszentrum behandelt werden:\u00a0<\/p>\n\n\n\n<figure class=\"wp-block-table\"><table><tbody><tr><td class=\"has-text-align-center\" data-align=\"center\">Gesundheits- und Sicherheitsvorschriften\u00a0<\/td><td class=\"has-text-align-center\" data-align=\"center\">Organisation der Arbeit des Rauchers<\/td><td class=\"has-text-align-center\" data-align=\"center\">Schema des Kesselraums<\/td><\/tr><tr><td class=\"has-text-align-center\" data-align=\"center\">Bestimmungen zur technischen \u00dcberwachung<\/td><td class=\"has-text-align-center\" data-align=\"center\">Zust\u00e4ndigkeiten der Herdbrenner<\/td><td class=\"has-text-align-center\" data-align=\"center\">Betrieb von Heizkesseln<\/td><\/tr><tr><td class=\"has-text-align-center\" data-align=\"center\">Dampf- und Hei\u00dfwasseranlagen<\/td><td class=\"has-text-align-center\" data-align=\"center\">Thermische Anlagen und Netze<\/td><td class=\"has-text-align-center\" data-align=\"center\">Feste und fl\u00fcssige Brennstoffe<\/td><\/tr><tr><td class=\"has-text-align-center\" data-align=\"center\">Beschl\u00e4ge und Materialien\u00a0<\/td><td class=\"has-text-align-center\" data-align=\"center\">F\u00fchren eines Registers der Z\u00e4hlerst\u00e4nde<\/td><td class=\"has-text-align-center\" data-align=\"center\">Andere Neuigkeiten aus der W\u00e4rmetechnik<\/td><\/tr><\/tbody><\/table><\/figure>\n\n\n\n<h2 class=\"wp-block-heading\">Anspr\u00fcche auf Heizung<\/h2>\n\n\n\n<p>Das Zertifikat berechtigt auch zur \u00dcberwachung und Inspektion von W\u00e4rmenetzen und -anlagen, W\u00e4rmetauschern, zum Betrieb von Fl\u00fcssig- und Festbrennstoffkesseln, Industrie\u00f6fen, zum Betrieb von Kompressoren, Ventilatoren, Gebl\u00e4sen, Pumpen und Sch\u00e4chten.&nbsp;&nbsp;<\/p>\n\n\n\n<h4 class=\"wp-block-heading\">Mit einer Heizungslizenz k\u00f6nnen Sie:&nbsp;&nbsp;<\/h4>\n\n\n\n<ul class=\"dwiekolumny wp-block-list\">\n<li>Dienst,&nbsp;&nbsp;<\/li>\n\n\n\n<li>Montage,&nbsp;&nbsp;<\/li>\n\n\n\n<li>kleinere Renovierungen,&nbsp;&nbsp;<\/li>\n\n\n\n<li>Wartung,&nbsp;&nbsp;<\/li>\n\n\n\n<li>Inspektions- und Messarbeiten an Heizungsanlagen,\u00a0\u00a0<\/li>\n\n\n\n<li>die \u00dcberwachung des ordnungsgem\u00e4\u00dfen Funktionierens des Herdes.&nbsp;&nbsp;<\/li>\n<\/ul>\n\n\n\n<h2 class=\"wp-block-heading\">Wie lange sind die Anspr\u00fcche g\u00fcltig?&nbsp;<\/h2>\n\n\n\n<p>Ein Raucherausweis ist f\u00fcnf Jahre lang g\u00fcltig. Danach muss er durch die Teilnahme an einem neuen Lehrgang erneuert werden.&nbsp;&nbsp;<\/p>\n\n\n\n<h2 class=\"wp-block-heading\">Warum sollten Sie unser Zentrum w\u00e4hlen?\u00a0<\/h2>\n\n\n\n<p>Es lohnt sich, unser Angebot zur Kenntnis zu nehmen. Neben einem attraktiven Preis und einem Berechtigungsschein bieten wir Ihnen die M\u00f6glichkeit, unter der Anleitung erfahrener und qualifizierter Dozenten zu lernen. Wir melden die Kursteilnehmer nach vorheriger Terminabsprache pers\u00f6nlich zur Pr\u00fcfung an. Die Meinungen unserer Absolventen, die an den in unserem Zentrum organisierten Lehrg\u00e4ngen teilgenommen haben, sind eine Garantie f\u00fcr die h\u00f6chste Qualit\u00e4t unserer Dienstleistungen.&nbsp;&nbsp;<\/p>\n\n\n\n<h2 class=\"wp-block-heading\">Wie hoch sind die Geh\u00e4lter f\u00fcr diese Stelle?\u00a0<\/h2>\n\n\n\n<p>Der Verdienst f\u00fcr eine Raucherstelle h\u00e4ngt in erster Linie von den zu erf\u00fcllenden Aufgaben ab, aber auch von der Gr\u00f6\u00dfe des Unternehmens, das den Arbeitnehmer in dieser Position besch\u00e4ftigt. Auch Dienstalter, Erfahrung und Qualifikation k\u00f6nnen eine Rolle spielen. Heutige Wohnungen werden durch eine mit Heizkesseln betriebene Zentralheizung isoliert. Wenn Sie Ihre Wettbewerbsf\u00e4higkeit auf dem Arbeitsmarkt verbessern und einen Beruf erlernen wollen, der in den meisten Geb\u00e4uden immer n\u00fctzlich ist, sollten Sie \u00fcber eine Ausbildung zum Zentralheizungsbauer und Heizkesselmonteur nachdenken.<\/p>\n\n\n<div class=\"wp-block-image\">\n<figure class=\"aligncenter\"><a href=\"https:\/\/operatorzy.edu.pl\/wp-content\/uploads\/2022\/09\/operatorzy.edu_.pl-0003-Kurs-G-2-Cieplo.jpg.jpg\"><img decoding=\"async\" width=\"1024\" height=\"853\" src=\"https:\/\/operatorzy.edu.pl\/wp-content\/uploads\/2022\/09\/operatorzy.edu_.pl-0003-Kurs-G-2-Cieplo.jpg-1024x853.jpg\" alt=\"Trainingsgrafiken\" class=\"wp-image-2102\" srcset=\"https:\/\/operatorzy.edu.pl\/wp-content\/uploads\/2022\/09\/operatorzy.edu_.pl-0003-Kurs-G-2-Cieplo.jpg-1024x853.jpg 1024w, https:\/\/operatorzy.edu.pl\/wp-content\/uploads\/2022\/09\/operatorzy.edu_.pl-0003-Kurs-G-2-Cieplo.jpg-300x250.jpg 300w, https:\/\/operatorzy.edu.pl\/wp-content\/uploads\/2022\/09\/operatorzy.edu_.pl-0003-Kurs-G-2-Cieplo.jpg-768x640.jpg 768w, https:\/\/operatorzy.edu.pl\/wp-content\/uploads\/2022\/09\/operatorzy.edu_.pl-0003-Kurs-G-2-Cieplo.jpg-14x12.jpg 14w, https:\/\/operatorzy.edu.pl\/wp-content\/uploads\/2022\/09\/operatorzy.edu_.pl-0003-Kurs-G-2-Cieplo.jpg.jpg 1200w\" sizes=\"(max-width: 1024px) 100vw, 1024px\" \/><\/a><\/figure>\n<\/div>","protected":false},"excerpt":{"rendered":"<p>O ofercie OSO Nasz O\u015brodek oferuje kurs na palacza CO, gdzie mo\u017cesz uzyska\u0107 specjalne uprawnienia do wykonywania tego zawodu i dowiedzie\u0107 si\u0119 na czym polega ca\u0142y proces. W naszym kraju systemy CO wykorzystywane s\u0105 zar\u00f3wno do ogrzewania dom\u00f3w jednorodzinnych, jak i budynk\u00f3w mieszkalnych, szk\u00f3\u0142 itp. Zaliczaj\u0105 si\u0119 do nich ma\u0142e piece, a tak\u017ce wi\u0119ksze maszyny. [&hellip;]<\/p>\n","protected":false},"author":3,"featured_media":2100,"parent":37,"menu_order":0,"comment_status":"closed","ping_status":"closed","template":"","meta":{"footnotes":""},"class_list":["post-2099","page","type-page","status-publish","has-post-thumbnail","hentry"],"aioseo_notices":[],"_links":{"self":[{"href":"https:\/\/operatorzy.edu.pl\/de\/wp-json\/wp\/v2\/pages\/2099","targetHints":{"allow":["GET"]}}],"collection":[{"href":"https:\/\/operatorzy.edu.pl\/de\/wp-json\/wp\/v2\/pages"}],"about":[{"href":"https:\/\/operatorzy.edu.pl\/de\/wp-json\/wp\/v2\/types\/page"}],"author":[{"embeddable":true,"href":"https:\/\/operatorzy.edu.pl\/de\/wp-json\/wp\/v2\/users\/3"}],"replies":[{"embeddable":true,"href":"https:\/\/operatorzy.edu.pl\/de\/wp-json\/wp\/v2\/comments?post=2099"}],"version-history":[{"count":4,"href":"https:\/\/operatorzy.edu.pl\/de\/wp-json\/wp\/v2\/pages\/2099\/revisions"}],"predecessor-version":[{"id":2670,"href":"https:\/\/operatorzy.edu.pl\/de\/wp-json\/wp\/v2\/pages\/2099\/revisions\/2670"}],"up":[{"embeddable":true,"href":"https:\/\/operatorzy.edu.pl\/de\/wp-json\/wp\/v2\/pages\/37"}],"wp:featuredmedia":[{"embeddable":true,"href":"https:\/\/operatorzy.edu.pl\/de\/wp-json\/wp\/v2\/media\/2100"}],"wp:attachment":[{"href":"https:\/\/operatorzy.edu.pl\/de\/wp-json\/wp\/v2\/media?parent=2099"}],"curies":[{"name":"wp","href":"https:\/\/api.w.org\/{rel}","templated":true}]}}