{"id":1467,"date":"2020-07-15T20:21:19","date_gmt":"2020-07-15T20:21:19","guid":{"rendered":"https:\/\/operatorzy.edu.pl\/?page_id=1467"},"modified":"2023-03-14T22:31:25","modified_gmt":"2023-03-14T21:31:25","slug":"escalators-servicingmaintenance","status":"publish","type":"page","link":"https:\/\/operatorzy.edu.pl\/en\/szkolenia\/urzad-dozoru-technicznego\/podesty-ruchome-obslugakonserwacja\/","title":{"rendered":"Course on mobile platforms - operation and maintenance"},"content":{"rendered":"<p><a href=\"https:\/\/operatorzy.edu.pl\/wp-content\/uploads\/2020\/07\/3.jpeg\"><img decoding=\"async\" class=\"size-medium wp-image-1470 alignleft\" src=\"https:\/\/operatorzy.edu.pl\/wp-content\/uploads\/2020\/07\/3-300x200.jpeg\" alt=\"Podesty ruchome to urz\u0105dzenia wykorzystywane w pracach monta\u017cowych, budowlanych, konserwacyjnych.\" width=\"300\" height=\"200\" srcset=\"https:\/\/operatorzy.edu.pl\/wp-content\/uploads\/2020\/07\/3-300x200.jpeg 300w, https:\/\/operatorzy.edu.pl\/wp-content\/uploads\/2020\/07\/3.jpeg 432w\" sizes=\"(max-width: 300px) 100vw, 300px\" \/><\/a>To szkolenie, kt\u00f3re umo\u017cliwia zdobycie uprawnie\u0144 do obs\u0142ugi lub konserwacji m.in.: podno\u015bnik\u00f3w koszowych (zwy\u017cki), no\u017cycowych i innych podest\u00f3w ruchomych. Podniesienie kwalifikacji w tym zakresie znacznie zwi\u0119ksza szanse na rynku pracy. Posiadanie uprawnie\u0144 na podesty ruchome u\u0142atwia znalezienie pracy w firmach zajmuj\u0105cych si\u0119 konserwacj\u0105 budynk\u00f3w, zak\u0142adach energetycznych, firmach budowlanych czy transportowych. Maj\u0105c takie uprawnienia, mo\u017cna tak\u017ce samodzielnie \u015bwiadczy\u0107 us\u0142ugi wynajmu podno\u015bnik\u00f3w koszowych (zwy\u017cek). Z kolei uko\u0144czenie kursu konserwacji pozwala na podj\u0119cie pracy w serwisie podest\u00f3w ruchomych. Kurs przygotowuje do egzaminu UDT, TDT przeprowadzanego przez Urz\u0105d Dozoru Technicznego,a tak\u017ce przez Transportowy Doz\u00f3r Techniczny.<\/p>\n<div class=\"filmw\">\n<div class=\"responsive-youtube\" style=\"text-align: center;\"><iframe title=\"YouTube video player\" src=\"https:\/\/www.youtube.com\/embed\/PrymIamaVUM\" width=\"560\" height=\"315\" frameborder=\"0\" allowfullscreen=\"allowfullscreen\"><\/iframe><\/div>\n<\/div>\n<h2><strong>Kurs na podesty\u2013 dlaczego warto?<\/strong><\/h2>\n<p><strong>Korzy\u015bci z posiadania uprawnie\u0144 na obs\u0142ug\u0119 i konserwacj\u0119 tego typu urz\u0105dze\u0144:<\/strong><\/p>\n<ul>\n<li>Wy\u017csze kwalifikacje to szansa na lepsz\u0105 prac\u0119. Pracownicy ze specjalistycznymi uprawnieniami s\u0105 znacznie cz\u0119\u015bciej poszukiwani przez pracodawc\u00f3w i mog\u0105 liczy\u0107 na du\u017co wy\u017csze wynagrodzenie.<\/li>\n<li>Szeroki zakres \u2013 uprawnienia na podesty ruchome dotycz\u0105 nie tylko najpopularniejszych urz\u0105dze\u0144, czyli podest\u00f3w samojezdnych, ale tak\u017ce wielu innych rodzaj\u00f3w podno\u015bnik\u00f3w.<\/li>\n<li>Dla pracodawc\u00f3w: wi\u0119ksza liczba pracownik\u00f3w posiadaj\u0105cych uprawnienia to gwarancja terminowej realizacji zlece\u0144 dla klient\u00f3w. Pozwala to tak\u017ce na udzia\u0142 w przetargach organizowanych przez samorz\u0105dy i inne jednostki, gdzie cz\u0119sto wymogiem jest posiadanie pracownik\u00f3w o odpowiednich kwalifikacjach.<\/li>\n<li>Mo\u017cliwo\u015b\u0107 podj\u0119cia w\u0142asnej dzia\u0142alno\u015bci: wynajem podno\u015bnik\u00f3w koszowych i wykonywanie prac tego rodzaju sprz\u0119tem jest cz\u0119sto poszukiwan\u0105 przez klient\u00f3w us\u0142ug\u0105.<\/li>\n<li>Uko\u0144czenie kursu w zakresie konserwacji zwy\u017cek i zdanie egzaminu UDT, TDT uprawnia do wykonywania okresowych przegl\u0105d\u00f3w, serwisowania sprz\u0119tu, oceny jego stanu technicznego. To po\u017c\u0105dane na rynku pracy umiej\u0119tno\u015bci, kt\u00f3re pozwalaj\u0105 znale\u017a\u0107 zatrudnienie praktycznie \u201eod zaraz\u201d lub \u015bwiadczy\u0107 us\u0142ugi we w\u0142asnym zakresie.<\/li>\n<\/ul>\n<h2><strong>Dla kogo jest kurs?<\/strong><\/h2>\n<p>Uprawnienia UDT na podesty przejezdne, stacjonarne czy wisz\u0105ce s\u0105 wymagane w przypadku operator\u00f3w , instalator\u00f3w, monter\u00f3w, pracownik\u00f3w firm budowlanych czy os\u00f3b zajmuj\u0105cych si\u0119 reklam\u0105 wielkopowierzchniow\u0105.<\/p>\n<p><strong>Jakie wymagania musz\u0105 spe\u0142nia\u0107 kandydaci?<\/strong><\/p>\n<ul>\n<li>Uko\u0144czone 18 lat<\/li>\n<li>Wykszta\u0142cenie co najmniej podstawowe<\/li>\n<li>Za\u015bwiadczenie lekarskie<\/li>\n<\/ul>\n<div style=\"width: 640px;\" class=\"wp-video\"><video id=\"video-1467-1\" width=\"640\" height=\"360\" poster=\"https:\/\/operatorzy.edu.pl\/wp-content\/uploads\/2023\/03\/okladka-podnosnik-OSO.jpg\" preload=\"metadata\" controls=\"controls\"><source type=\"video\/mp4\" src=\"https:\/\/operatorzy.edu.pl\/wp-content\/uploads\/2023\/03\/podnosnik-OPERATORZY.EDU_.PL-OSO.mp4?_=1\" \/><a href=\"https:\/\/operatorzy.edu.pl\/wp-content\/uploads\/2023\/03\/podnosnik-OPERATORZY.EDU_.PL-OSO.mp4\">https:\/\/operatorzy.edu.pl\/wp-content\/uploads\/2023\/03\/podnosnik-OPERATORZY.EDU_.PL-OSO.mp4<\/a><\/video><\/div>\n<h2><strong>Rodzaje uprawnie\u0144 do obs\u0142ugi<\/strong><\/h2>\n<p>Uko\u0144czenie szkolenia umo\u017cliwia zdobycie nast\u0119puj\u0105cych uprawnie\u0144 przyznawanych przez UDT:<\/p>\n<p>Zakres wydawanych uprawnie\u0144 (obowi\u0105zuje od 1 czerwca 2019) i ich terminy wa\u017cno\u015bci:<\/p>\n<ul>\n<li>Podesty ruchome przejezdne: 5 lat<\/li>\n<li>Podesty ruchome stacjonarne, podesty ruchome wisz\u0105ce (uprawnia do obs\u0142ugi podest\u00f3w ruchomych wisz\u0105cych oraz stacjonarnych): 10 lat<\/li>\n<li>Podesty ruchome masztowe (uprawnia do obs\u0142ugi podest\u00f3w ruchomych masztowych oraz stacjonarnych): 10 lat<\/li>\n<li>Podesty na pojazdach kolejowych: 10 lat<\/li>\n<\/ul>\n<p>Zakres wydawanych uprawnie\u0144 do 1 czerwca 2019 \u2013 obowi\u0105zuje przez 5 lat od daty wej\u015bcia w \u017cycie nowych przepis\u00f3w (Ustawy o dozorze technicznym):<\/p>\n<ul>\n<li><strong>Uprawnienia kategorii I P,<\/strong> obejmuje podesty ruchome:\n<ul>\n<li>przejezdne wolnobie\u017cne, tzw. podno\u015bniki no\u017cycowe<\/li>\n<li>przewo\u017ane, tzw. paj\u0105ki podczepiane pod samoch\u00f3d<\/li>\n<li>samojezdne, montowane na poje\u017adzie \u2013 podno\u015bniki koszowe (zwy\u017cki)<\/li>\n<\/ul>\n<\/li>\n<li><strong>Uprawnienia kategorii II P,<\/strong> obejmuje podesty ruchome:\n<ul>\n<li>wisz\u0105ce<\/li>\n<li>masztowe<\/li>\n<li>stacjonarne<\/li>\n<\/ul>\n<\/li>\n<\/ul>\n<h2><strong>Rodzaje uprawnie\u0144 do konserwacji<\/strong><\/h2>\n<p><a href=\"https:\/\/operatorzy.edu.pl\/wp-content\/uploads\/2020\/07\/1b.jpg\"><img decoding=\"async\" class=\"size-medium wp-image-1474 alignright\" src=\"https:\/\/operatorzy.edu.pl\/wp-content\/uploads\/2020\/07\/1b-300x184.jpg\" alt=\"Podesty ruchome to popularne podno\u015bniki koszowe, ale tak\u017ce podno\u015bniki no\u017cycowe, podesty wisz\u0105ce, stacjonarne, za\u0142adowcze.\" width=\"300\" height=\"184\" srcset=\"https:\/\/operatorzy.edu.pl\/wp-content\/uploads\/2020\/07\/1b-300x184.jpg 300w, https:\/\/operatorzy.edu.pl\/wp-content\/uploads\/2020\/07\/1b-1024x628.jpg 1024w, https:\/\/operatorzy.edu.pl\/wp-content\/uploads\/2020\/07\/1b-768x471.jpg 768w, https:\/\/operatorzy.edu.pl\/wp-content\/uploads\/2020\/07\/1b-1536x942.jpg 1536w, https:\/\/operatorzy.edu.pl\/wp-content\/uploads\/2020\/07\/1b.jpg 1683w\" sizes=\"(max-width: 300px) 100vw, 300px\" \/><\/a>Podzia\u0142 wed\u0142ug nowych zasad i uzgodnionych program\u00f3w szkole\u0144, obowi\u0105zuj\u0105cy od 1 czerwca 2019 r.<\/p>\n<ul>\n<li>Podesty ruchome stacjonarne, wisz\u0105ce oraz masztowe: 5 lat<\/li>\n<li>Podesty ruchome przejezdne oraz za\u0142adowcze, w tym do transportu os\u00f3b: 5 lat<\/li>\n<li>Podesty ruchome na pojazdach kolejowych: 5 lat<\/li>\n<\/ul>\n<h2><strong>Jakie zagadnienia poruszane s\u0105 na kursie w zakresie obs\u0142ugi?<\/strong><\/h2>\n<ul>\n<li>Wiadomo\u015bci og\u00f3lne<\/li>\n<li>Stateczno\u015b\u0107 podest\u00f3w<\/li>\n<li>Wytrzyma\u0142o\u015b\u0107 podest\u00f3w<\/li>\n<li>Urz\u0105dzenia zabezpieczaj\u0105ce<\/li>\n<li>Podwozia i konstrukcje wsporcze<\/li>\n<li>Mechanizmy nap\u0119dowe konstrukcji wsporczej platformy roboczej<\/li>\n<li>Platforma robocza<\/li>\n<li>Instrukcje obs\u0142ugi podestu<\/li>\n<li>Badania i pr\u00f3by podest\u00f3w ruchomych<\/li>\n<li>Zasady eksploatacji podest\u00f3w ruchomych<\/li>\n<li>Doz\u00f3r techniczny<\/li>\n<li>Zaj\u0119cia praktyczne<\/li>\n<\/ul>\n<h2><strong>Jakie zagadnienia s\u0105 poruszane na kursie w zakresie konserwacji?<\/strong><\/h2>\n<p><u>Zagadnienia w cz\u0119\u015bci teoretycznej:<\/u><\/p>\n<ul>\n<li>Rodzaje urz\u0105dze\u0144 transportu bliskiemu, kt\u00f3re podlegaj\u0105 dozorowi technicznemu<\/li>\n<li>Tryb post\u0119powania obowi\u0105zuj\u0105cy przy obejmowaniu urz\u0105dze\u0144 technicznych dozorem<\/li>\n<li>Rodzaje bada\u0144 technicznych przeprowadzanych przez inspektor\u00f3w dozoru technicznego wraz zakresem czynno\u015bci wykonywanych podczas tych bada\u0144<\/li>\n<li>Spos\u00f3b post\u0119powania operatora i konserwatora w przypadku wyst\u0105pienia niebezpiecznego uszkodzenia lub nieszcz\u0119\u015bliwego wypadku zwi\u0105zanego z eksploatacj\u0105 urz\u0105dzenia technicznego<\/li>\n<li>BHP przy konserwacji urz\u0105dze\u0144<\/li>\n<li>Zespo\u0142y i elementy konserwacji podest\u00f3w ruchomych &#8211; cz\u0119\u015b\u0107 mechaniczna<\/li>\n<li>Zespo\u0142y i elementy konserwacji podest\u00f3w ruchomych &#8211; cz\u0119\u015b\u0107 elektryczna<\/li>\n<\/ul>\n<p><u>Zagadnienia w cz\u0119\u015bci praktycznej:<\/u><\/p>\n<ul>\n<li>Weryfikacja stanu technicznego urz\u0105dzenia<\/li>\n<li>Kryteria wykorzystywane przy sprawdzaniu stopnia zu\u017cycia oraz poprawno\u015bci dzia\u0142ania mechanizm\u00f3w<\/li>\n<li>Wymiana zu\u017cytych lub uszkodzonych element\u00f3w<\/li>\n<li>Konserwacja poszczeg\u00f3lnych zespo\u0142\u00f3w, element\u00f3w, urz\u0105dze\u0144 zabezpieczaj\u0105cych itp.<\/li>\n<li>Post\u0119powanie w stanach awaryjnych urz\u0105dzenia<\/li>\n<li>Sposoby na sprawdzanie poprawno\u015bci dzia\u0142ania element\u00f3w i urz\u0105dze\u0144 zabezpieczaj\u0105cych, a tak\u017ce ich regulacja<\/li>\n<li>Czynno\u015bci wykonywane podczas zmiany wersji monta\u017cowej urz\u0105dze\u0144<\/li>\n<li>Czynno\u015bci i obowi\u0105zki wynikaj\u0105ce ze zmiany miejsca eksploatowania urz\u0105dzenia, kt\u00f3re wymaga demonta\u017cu i ponownego monta\u017cu<\/li>\n<li>Najcz\u0119\u015bciej spotykane usterki eksploatacyjne \u2013 przyk\u0142ady i sposoby ich usuwania<\/li>\n<\/ul>\n<h2><strong>Formy edukacji: online i stacjonarnie<\/strong><\/h2>\n<p>Prowadzimy szkolenia dla operator\u00f3w i konserwator\u00f3w u klienta &#8211; na terenie ca\u0142ej Polski, w oddzia\u0142ach OSO w wi\u0119kszo\u015bci du\u017cych miast, w kt\u00f3rych znajduj\u0105 si\u0119 oddzia\u0142y UDT: Warszawa, Krak\u00f3w, Katowice, a tak\u017ce na \u015al\u0105sku (Bielsko-Bia\u0142a, Gliwice). Je\u015bli wi\u0119ksza liczba os\u00f3b z danego miasta czy regionu wyra\u017ca zainteresowanie zdobyciem kwalifikacji, instruktorzy mog\u0105 dojecha\u0107 w dowolne miejsce w Polsce.<\/p>\n<p>Aby u\u0142atwi\u0107 kandydatom na operator\u00f3w podest\u00f3w zdobycie kwalifikacji, uruchomione zosta\u0142y kursy w wersji online. To wygodny spos\u00f3b na przygotowanie do egzaminu UDT bez konieczno\u015bci dojazdu na miejsce szkolenia.<\/p>\n<p><strong><u>Jak wygl\u0105da kurs online?<\/u><\/strong><\/p>\n<ol>\n<li>Uczestnicy otrzymuj\u0105 login i has\u0142o, za pomoc\u0105 kt\u00f3rego loguj\u0105 si\u0119 na platformie kursowej.<\/li>\n<li>Prowadz\u0105cy przekazuje wiedz\u0119 na \u017cywo, stosuj\u0105c r\u00f3\u017cne formy przekazywania wiedzy: wyk\u0142ad, zadawanie pyta\u0144 uczestnikom, dyskusj\u0119, quizy.<\/li>\n<li>Na koniec wiedza uczestnik\u00f3w jest weryfikowana za pomoc\u0105 testu.<\/li>\n<\/ol>\n<p>W przypadku kursu na operatora podest\u00f3w ruchomych wymagane jest uzupe\u0142nienie o zaj\u0119cia stacjonarne.<\/p>\n<h2><strong>Egzamin UDT a szkolenia<\/strong><\/h2>\n<p>O\u015brodek zajmuje si\u0119 nie tylko nauczaniem i przekazaniem wiedzy kursantom, ale tak\u017ce organizacj\u0105 egzaminu UDT na podesty ruchome. Cena szkolenia zawiera koszty organizacji egzaminu: dost\u0119pu do zaplecza dydaktyczno-technicznego i urz\u0105dze\u0144, a tak\u017ce pe\u0142nej reprezentacji przy koordynacji procesu sprawdzania kwalifikacji przez Urz\u0105d. Dzi\u0119ki takiemu wsparciu uczestnicy mog\u0105 by\u0107 egzaminowani szybciej, ni\u017c w przypadku, gdyby sami zg\u0142aszali si\u0119 do UDT. Przek\u0142ada si\u0119 to na wysok\u0105 zdawalno\u015b\u0107 egzamin\u00f3w \u2013 kursanci s\u0105 na bie\u017c\u0105co z wiedz\u0105 i nie musz\u0105 jej sobie ponownie przypomina\u0107.<\/p>\n<p><u>Organizacja egzaminu mo\u017ce przebiega\u0107 na dwa sposoby:<\/u><\/p>\n<ol>\n<li>Szkolenie z obs\u0142ugi lub konserwacji mo\u017ce by\u0107 zaplanowane w takim terminie, by odpowiada\u0142o pierwszemu mo\u017cliwemu terminowi wyznaczonemu przez Urz\u0105d Dozoru Technicznego. Czas oczekiwania to zazwyczaj oko\u0142o30 dni.<\/li>\n<li>Szkolenie mo\u017ce by\u0107 zaplanowane tak, \u017ce egzamin b\u0119dzie zorganizowany bezpo\u015brednio po szkoleniu, w kolejnym dniu roboczym. Wymaga to znacznie wcze\u015bniejszego planowania \u2013 najcz\u0119\u015bciej z ponad 30-dniowym wyprzedzeniem. Mo\u017ce r\u00f3wnie\u017c wi\u0105za\u0107 si\u0119 z wy\u017cszymi kosztami (w sprawie szczeg\u00f3\u0142\u00f3w prosimy o kontakt).<\/li>\n<\/ol>\n<p>Nale\u017cy przy tym pami\u0119ta\u0107, \u017ce o terminie egzamin\u00f3w decyduje UDT. Uprawnienia mog\u0105 by\u0107 przyznawane w przyspieszonym trybie, jednak musi by\u0107 to ustalane indywidualnie przez O\u015brodek, kt\u00f3ry kontaktuje si\u0119 w tej sprawie z Urz\u0119dem. O\u015brodek nie ponosi odpowiedzialno\u015bci za wyniki egzamin\u00f3w czy za nieobecno\u015b\u0107 uczestnika w wyznaczonym terminie.<\/p>\n\n\n<h2 class=\"wp-block-heading\"><strong>Najcz\u0119stsze pytania<\/strong><\/h2>\n\n\n\t\t<details\t\thelp class=\"sc_fs_faq sc_card    \"\n\t\t\t\t>\n\t\t\t\t\t<summary>\n\t\t\t\t<h3>Co zapewniamy w cenie kursu?<\/h3>\t\t\t\t\t<\/summary>\n\t\t\t\t<div>\n\t\t\t\t\t\t<div class=\"sc_fs_faq__content\">\n\t\t\t\t\n\n<ul class=\"wp-block-list\">\n<li>Zaj\u0119cia teoretyczne \u2013 stacjonarne lub online, w formie webinarium<\/li>\n\n\n\n<li>Zaj\u0119cia praktyczne<\/li>\n\n\n\n<li>Dost\u0119p do platformy edukacyjnej, na kt\u00f3rej znajduj\u0105 si\u0119 materia\u0142y szkoleniowe dla uczestnik\u00f3w, filmy, pr\u00f3bne egzaminy w formie test\u00f3w<\/li>\n\n\n\n<li>Testy UDT u\u0142atwiaj\u0105ce przygotowanie do egzaminu UDT, w formie pyta\u0144 i odpowiedzi z rozwi\u0105zaniami<\/li>\n\n\n\n<li>Wydanie uproszczonego suplementu uko\u0144czenia kursu<\/li>\n\n\n\n<li>Je\u015bli tak zostanie ustalone z klientem \u2013 wydanie certyfikatu w formie karty plastikowej ze zdj\u0119ciem (wed\u0142ug normy ISO 18878)<\/li>\n\n\n\n<li>Dost\u0119p do r\u00f3\u017cnych typ\u00f3w urz\u0105dze\u0144<\/li>\n\n\n\n<li>Niezb\u0119dny sprz\u0119t BHP, szelki, kamizelki ochronne<\/li>\n\n\n\n<li>Pocz\u0119stunek w przerwach podczas zaj\u0119\u0107: kawa, herbata, ciastka<\/li>\n\n\n\n<li>Mo\u017cliwo\u015b\u0107 po\u015brednictwa w zakwaterowaniu uczestnik\u00f3w i organizacji posi\u0142k\u00f3w<\/li>\n<\/ul>\n\n\t\t\t<\/div>\n\t\t<\/div>\n\t\t<\/details>\n\t\t\t\t<details\t\thelp class=\"sc_fs_faq sc_card    \"\n\t\t\t\t>\n\t\t\t\t\t<summary>\n\t\t\t\t<h3>Ile trwa szkolenie?<\/h3>\t\t\t\t\t<\/summary>\n\t\t\t\t<div>\n\t\t\t\t\t\t<div class=\"sc_fs_faq__content\">\n\t\t\t\t\n\n<p>Czas trwania szkolenia jest dostosowywany do potrzeb uczestnik\u00f3w i ich dotychczasowego do\u015bwiadczenia.<\/p>\n\n\n\n<p><strong>Zaj\u0119cia z obs\u0142ugi:<\/strong><\/p>\n\n\n\n<ul class=\"wp-block-list\">\n<li>8 godzin \u2013 dla os\u00f3b z do\u015bwiadczeniem praktycznym<\/li>\n\n\n\n<li>20 godzin \u2013 dla os\u00f3b, kt\u00f3re posiadaj\u0105 wiedz\u0119 i umiej\u0119tno\u015bci, ale chc\u0105 je uzupe\u0142ni\u0107 lub zaktualizowa\u0107<\/li>\n\n\n\n<li>35 godzin \u2013 dla os\u00f3b bez \u017cadnego do\u015bwiadczenia<\/li>\n<\/ul>\n\n\n\n<p><strong>Zaj\u0119cia z konserwacji:<\/strong><\/p>\n\n\n\n<ul class=\"wp-block-list\">\n<li>32 godziny \u2013 dla os\u00f3b, kt\u00f3re spe\u0142niaj\u0105 minimalne wymagania i posiadaj\u0105 do\u015bwiadczenie w zakresie mechaniki lub elektryki (dla jednego z rodzaj\u00f3w lub typ\u00f3w urz\u0105dze\u0144)<\/li>\n\n\n\n<li>58 godzin \u2013 szkolenie uzupe\u0142niaj\u0105ce dla 2 rodzaj\u00f3w\/typ\u00f3w urz\u0105dze\u0144<\/li>\n\n\n\n<li>96 godzin \u2013 szkolenie dotycz\u0105ce 2-3 rodzaj\u00f3w\/typ\u00f3w urz\u0105dze\u0144, dla os\u00f3b nieposiadaj\u0105cych do\u015bwiadczenia w konserwacji<\/li>\n<\/ul>\n\n\t\t\t<\/div>\n\t\t<\/div>\n\t\t<\/details>\n\t\t\t\t<details\t\thelp class=\"sc_fs_faq sc_card    \"\n\t\t\t\t>\n\t\t\t\t\t<summary>\n\t\t\t\t<h3>Czy sam egzamin wystarcza?<\/h3>\t\t\t\t\t<\/summary>\n\t\t\t\t<div>\n\t\t\t\t\t\t<div class=\"sc_fs_faq__content\">\n\t\t\t\t\n\n<p>Dodatkowy obowi\u0105zek szkolenia wynika wprost z kodeksu pracy i og\u00f3lnych i szczeg\u00f3\u0142owych przepis\u00f3w BHP. Przepisy nak\u0142adaj\u0105 obowi\u0105zek szkolenia pracownik\u00f3w w zakresie bezpiecze\u0144stwa pracy przy obs\u0142udze urz\u0105dze\u0144 technicznych. Wynika to r\u00f3wnie\u017c z konieczno\u015bci przestrzegania instrukcji eksploatacji podest\u00f3w ruchomych. Niekiedy producenci urz\u0105dze\u0144 wymagaj\u0105, aby ka\u017cda z os\u00f3b zosta\u0142a przeszkolona tak, aby w razie wypadku przej\u0105\u0107 od operatora kontrol\u0119 nad urz\u0105dzeniem. Dodatkowo przepisy nak\u0142adaj\u0105 obowi\u0105zek szkolenia w zakresie pracy na wysoko\u015bci oraz ewakuacji os\u00f3b, kt\u00f3re mog\u0105 zosta\u0107 uwiezione w wyniku awarii urz\u0105dzenia i systemu opuszczania awaryjnego.<\/p>\n\n\t\t\t<\/div>\n\t\t<\/div>\n\t\t<\/details>\n\t\t\t\t<details\t\thelp class=\"sc_fs_faq sc_card    \"\n\t\t\t\t>\n\t\t\t\t\t<summary>\n\t\t\t\t<h3>Jak przebiega egzamin w zakresie obs\u0142ugi i konserwacji?<\/h3>\t\t\t\t\t<\/summary>\n\t\t\t\t<div>\n\t\t\t\t\t\t<div class=\"sc_fs_faq__content\">\n\t\t\t\t\n\n<p>Egzamin dla operatora przebiega w formie testu pisemnego oraz zada\u0144 praktycznych rozszerzonych o m.in. pytania dotycz\u0105ce oceny stanu technicznego urz\u0105dzenia.<\/p>\n\n\t\t\t<\/div>\n\t\t<\/div>\n\t\t<\/details>\n\t\t\t\t<details\t\thelp class=\"sc_fs_faq sc_card    \"\n\t\t\t\t>\n\t\t\t\t\t<summary>\n\t\t\t\t<h3>Czy uprawnienia s\u0105 honorowane na arenie mi\u0119dzynarodowej?<\/h3>\t\t\t\t\t<\/summary>\n\t\t\t\t<div>\n\t\t\t\t\t\t<div class=\"sc_fs_faq__content\">\n\t\t\t\t\n\n<p>Je\u015bli uczestnicy maj\u0105 tak\u0105 potrzeb\u0119, O\u015brodek mo\u017ce wystawi\u0107 certyfikat lub za\u015bwiadczenie o uko\u0144czeniu kursu w j\u0119zyku angielskim. Takie certyfikaty mog\u0105 by\u0107 honorowane jako potwierdzenie kwalifikacji w krajach, w kt\u00f3rych nie obowi\u0105zuje system regulacji zawodu. O\u015brodek stosuje w tym zakresie w\u0142a\u015bciwe normy, m.in. ISO 18878 oraz ISO 17024 i ISO 29990. Certyfikat nie zast\u0119puje jednak uprawnie\u0144 UDT na terenie Polski.<\/p>\n\n\t\t\t<\/div>\n\t\t<\/div>\n\t\t<\/details>\n\t\t\n<script type=\"application\/ld+json\">\n\t{\n\t\t\"@context\": \"https:\/\/schema.org\",\n\t\t\"@type\": \"FAQPage\",\n\t\t\"mainEntity\": [\n\t\t\t\t\t{\n\t\t\t\t\"@type\": \"Question\",\n\t\t\t\t\"name\": \"Co zapewniamy w cenie kursu?\",\n\t\t\t\t\"acceptedAnswer\": {\n\t\t\t\t\t\"@type\": \"Answer\",\n\t\t\t\t\t\"text\": \"<ul><li>Zaj\u0119cia teoretyczne \u2013 stacjonarne lub online, w formie webinarium<\/li><li>Zaj\u0119cia praktyczne<\/li><li>Dost\u0119p do platformy edukacyjnej, na kt\u00f3rej znajduj\u0105 si\u0119 materia\u0142y szkoleniowe dla uczestnik\u00f3w, filmy, pr\u00f3bne egzaminy w formie test\u00f3w<\/li><li>Testy UDT u\u0142atwiaj\u0105ce przygotowanie do egzaminu UDT, w formie pyta\u0144 i odpowiedzi z rozwi\u0105zaniami<\/li><li>Wydanie uproszczonego suplementu uko\u0144czenia kursu<\/li><li>Je\u015bli tak zostanie ustalone z klientem \u2013 wydanie certyfikatu w formie karty plastikowej ze zdj\u0119ciem (wed\u0142ug normy ISO 18878)<\/li><li>Dost\u0119p do r\u00f3\u017cnych typ\u00f3w urz\u0105dze\u0144<\/li><li>Niezb\u0119dny sprz\u0119t BHP, szelki, kamizelki ochronne<\/li><li>Pocz\u0119stunek w przerwach podczas zaj\u0119\u0107: kawa, herbata, ciastka<\/li><li>Mo\u017cliwo\u015b\u0107 po\u015brednictwa w zakwaterowaniu uczestnik\u00f3w i organizacji posi\u0142k\u00f3w<\/li><\/ul>\"\n\t\t\t\t\t\t\t\t\t}\n\t\t\t}\n\t\t\t,\t\t\t\t{\n\t\t\t\t\"@type\": \"Question\",\n\t\t\t\t\"name\": \"Ile trwa szkolenie?\",\n\t\t\t\t\"acceptedAnswer\": {\n\t\t\t\t\t\"@type\": \"Answer\",\n\t\t\t\t\t\"text\": \"<p>Czas trwania szkolenia jest dostosowywany do potrzeb uczestnik\u00f3w i ich dotychczasowego do\u015bwiadczenia.<\/p><p><strong>Zaj\u0119cia z obs\u0142ugi:<\/strong><\/p><ul><li>8 godzin \u2013 dla os\u00f3b z do\u015bwiadczeniem praktycznym<\/li><li>20 godzin \u2013 dla os\u00f3b, kt\u00f3re posiadaj\u0105 wiedz\u0119 i umiej\u0119tno\u015bci, ale chc\u0105 je uzupe\u0142ni\u0107 lub zaktualizowa\u0107<\/li><li>35 godzin \u2013 dla os\u00f3b bez \u017cadnego do\u015bwiadczenia<\/li><\/ul><p><strong>Zaj\u0119cia z konserwacji:<\/strong><\/p><ul><li>32 godziny \u2013 dla os\u00f3b, kt\u00f3re spe\u0142niaj\u0105 minimalne wymagania i posiadaj\u0105 do\u015bwiadczenie w zakresie mechaniki lub elektryki (dla jednego z rodzaj\u00f3w lub typ\u00f3w urz\u0105dze\u0144)<\/li><li>58 godzin \u2013 szkolenie uzupe\u0142niaj\u0105ce dla 2 rodzaj\u00f3w\/typ\u00f3w urz\u0105dze\u0144<\/li><li>96 godzin \u2013 szkolenie dotycz\u0105ce 2-3 rodzaj\u00f3w\/typ\u00f3w urz\u0105dze\u0144, dla os\u00f3b nieposiadaj\u0105cych do\u015bwiadczenia w konserwacji<\/li><\/ul>\"\n\t\t\t\t\t\t\t\t\t}\n\t\t\t}\n\t\t\t,\t\t\t\t{\n\t\t\t\t\"@type\": \"Question\",\n\t\t\t\t\"name\": \"Czy sam egzamin wystarcza?\",\n\t\t\t\t\"acceptedAnswer\": {\n\t\t\t\t\t\"@type\": \"Answer\",\n\t\t\t\t\t\"text\": \"<p>Dodatkowy obowi\u0105zek szkolenia wynika wprost z kodeksu pracy i og\u00f3lnych i szczeg\u00f3\u0142owych przepis\u00f3w BHP. Przepisy nak\u0142adaj\u0105 obowi\u0105zek szkolenia pracownik\u00f3w w zakresie bezpiecze\u0144stwa pracy przy obs\u0142udze urz\u0105dze\u0144 technicznych. Wynika to r\u00f3wnie\u017c z konieczno\u015bci przestrzegania instrukcji eksploatacji podest\u00f3w ruchomych. Niekiedy producenci urz\u0105dze\u0144 wymagaj\u0105, aby ka\u017cda z os\u00f3b zosta\u0142a przeszkolona tak, aby w razie wypadku przej\u0105\u0107 od operatora kontrol\u0119 nad urz\u0105dzeniem. Dodatkowo przepisy nak\u0142adaj\u0105 obowi\u0105zek szkolenia w zakresie pracy na wysoko\u015bci oraz ewakuacji os\u00f3b, kt\u00f3re mog\u0105 zosta\u0107 uwiezione w wyniku awarii urz\u0105dzenia i systemu opuszczania awaryjnego.<\/p>\"\n\t\t\t\t\t\t\t\t\t}\n\t\t\t}\n\t\t\t,\t\t\t\t{\n\t\t\t\t\"@type\": \"Question\",\n\t\t\t\t\"name\": \"Jak przebiega egzamin w zakresie obs\u0142ugi i konserwacji?\",\n\t\t\t\t\"acceptedAnswer\": {\n\t\t\t\t\t\"@type\": \"Answer\",\n\t\t\t\t\t\"text\": \"<p>Egzamin dla operatora przebiega w formie testu pisemnego oraz zada\u0144 praktycznych rozszerzonych o m.in. pytania dotycz\u0105ce oceny stanu technicznego urz\u0105dzenia.<\/p>\"\n\t\t\t\t\t\t\t\t\t}\n\t\t\t}\n\t\t\t,\t\t\t\t{\n\t\t\t\t\"@type\": \"Question\",\n\t\t\t\t\"name\": \"Czy uprawnienia s\u0105 honorowane na arenie mi\u0119dzynarodowej?\",\n\t\t\t\t\"acceptedAnswer\": {\n\t\t\t\t\t\"@type\": \"Answer\",\n\t\t\t\t\t\"text\": \"<p>Je\u015bli uczestnicy maj\u0105 tak\u0105 potrzeb\u0119, O\u015brodek mo\u017ce wystawi\u0107 certyfikat lub za\u015bwiadczenie o uko\u0144czeniu kursu w j\u0119zyku angielskim. Takie certyfikaty mog\u0105 by\u0107 honorowane jako potwierdzenie kwalifikacji w krajach, w kt\u00f3rych nie obowi\u0105zuje system regulacji zawodu. O\u015brodek stosuje w tym zakresie w\u0142a\u015bciwe normy, m.in. ISO 18878 oraz ISO 17024 i ISO 29990. Certyfikat nie zast\u0119puje jednak uprawnie\u0144 UDT na terenie Polski.<\/p>\"\n\t\t\t\t\t\t\t\t\t}\n\t\t\t}\n\t\t\t\t\t\t]\n\t}\n<\/script>\n\n\n\n<figure class=\"wp-block-image size-large\"><a href=\"https:\/\/operatorzy.edu.pl\/wp-content\/uploads\/2021\/09\/Kopia-Podesty-ruchome-Nozycowe.jpg\"><img decoding=\"async\" width=\"1024\" height=\"853\" src=\"https:\/\/operatorzy.edu.pl\/wp-content\/uploads\/2021\/09\/Kopia-Podesty-ruchome-Nozycowe-1024x853.jpg\" alt=\"Plakat reklamowy na kurs Podesty ruchome\" class=\"wp-image-1664\" srcset=\"https:\/\/operatorzy.edu.pl\/wp-content\/uploads\/2021\/09\/Kopia-Podesty-ruchome-Nozycowe-1024x853.jpg 1024w, https:\/\/operatorzy.edu.pl\/wp-content\/uploads\/2021\/09\/Kopia-Podesty-ruchome-Nozycowe-300x250.jpg 300w, https:\/\/operatorzy.edu.pl\/wp-content\/uploads\/2021\/09\/Kopia-Podesty-ruchome-Nozycowe-768x640.jpg 768w, https:\/\/operatorzy.edu.pl\/wp-content\/uploads\/2021\/09\/Kopia-Podesty-ruchome-Nozycowe.jpg 1200w\" sizes=\"(max-width: 1024px) 100vw, 1024px\" \/><\/a><\/figure>\n","protected":false},"excerpt":{"rendered":"<p>To szkolenie, kt\u00f3re umo\u017cliwia zdobycie uprawnie\u0144 do obs\u0142ugi lub konserwacji m.in.: podno\u015bnik\u00f3w koszowych (zwy\u017cki), no\u017cycowych i innych podest\u00f3w ruchomych. Podniesienie kwalifikacji w tym zakresie znacznie zwi\u0119ksza szanse na rynku pracy. Posiadanie uprawnie\u0144 na podesty ruchome u\u0142atwia znalezienie pracy w firmach zajmuj\u0105cych si\u0119 konserwacj\u0105 budynk\u00f3w, zak\u0142adach energetycznych, firmach budowlanych czy transportowych. Maj\u0105c takie uprawnienia, mo\u017cna tak\u017ce [&hellip;]<\/p>\n","protected":false},"author":3,"featured_media":1470,"parent":1468,"menu_order":0,"comment_status":"closed","ping_status":"closed","template":"","meta":{"footnotes":""},"class_list":["post-1467","page","type-page","status-publish","has-post-thumbnail","hentry"],"aioseo_notices":[],"_links":{"self":[{"href":"https:\/\/operatorzy.edu.pl\/en\/wp-json\/wp\/v2\/pages\/1467","targetHints":{"allow":["GET"]}}],"collection":[{"href":"https:\/\/operatorzy.edu.pl\/en\/wp-json\/wp\/v2\/pages"}],"about":[{"href":"https:\/\/operatorzy.edu.pl\/en\/wp-json\/wp\/v2\/types\/page"}],"author":[{"embeddable":true,"href":"https:\/\/operatorzy.edu.pl\/en\/wp-json\/wp\/v2\/users\/3"}],"replies":[{"embeddable":true,"href":"https:\/\/operatorzy.edu.pl\/en\/wp-json\/wp\/v2\/comments?post=1467"}],"version-history":[{"count":15,"href":"https:\/\/operatorzy.edu.pl\/en\/wp-json\/wp\/v2\/pages\/1467\/revisions"}],"predecessor-version":[{"id":2498,"href":"https:\/\/operatorzy.edu.pl\/en\/wp-json\/wp\/v2\/pages\/1467\/revisions\/2498"}],"up":[{"embeddable":true,"href":"https:\/\/operatorzy.edu.pl\/en\/wp-json\/wp\/v2\/pages\/1468"}],"wp:featuredmedia":[{"embeddable":true,"href":"https:\/\/operatorzy.edu.pl\/en\/wp-json\/wp\/v2\/media\/1470"}],"wp:attachment":[{"href":"https:\/\/operatorzy.edu.pl\/en\/wp-json\/wp\/v2\/media?parent=1467"}],"curies":[{"name":"wp","href":"https:\/\/api.w.org\/{rel}","templated":true}]}}