{"id":1771,"date":"2022-05-06T10:48:48","date_gmt":"2022-05-06T10:48:48","guid":{"rendered":"https:\/\/operatorzy.edu.pl\/?page_id=1771"},"modified":"2023-03-27T16:49:28","modified_gmt":"2023-03-27T14:49:28","slug":"scaffolder","status":"publish","type":"page","link":"https:\/\/operatorzy.edu.pl\/en\/szkolenia\/montazysta-rusztowan\/","title":{"rendered":"Training as a scaffolder"},"content":{"rendered":"<div class=\"wp-block-image\">\n<figure class=\"alignleft size-large is-resized\"><a href=\"https:\/\/operatorzy.edu.pl\/wp-content\/uploads\/2022\/05\/01-b-VR-scaffolding-IMG_1141.jpg\"><img decoding=\"async\" src=\"https:\/\/operatorzy.edu.pl\/wp-content\/uploads\/2022\/05\/01-b-VR-scaffolding-IMG_1141-1024x768.jpg\" alt=\"spatial scaffolding\" class=\"wp-image-1776\" width=\"512\" height=\"384\" srcset=\"https:\/\/operatorzy.edu.pl\/wp-content\/uploads\/2022\/05\/01-b-VR-scaffolding-IMG_1141-1024x768.jpg 1024w, https:\/\/operatorzy.edu.pl\/wp-content\/uploads\/2022\/05\/01-b-VR-scaffolding-IMG_1141-300x225.jpg 300w, https:\/\/operatorzy.edu.pl\/wp-content\/uploads\/2022\/05\/01-b-VR-scaffolding-IMG_1141-768x576.jpg 768w, https:\/\/operatorzy.edu.pl\/wp-content\/uploads\/2022\/05\/01-b-VR-scaffolding-IMG_1141-1536x1152.jpg 1536w, https:\/\/operatorzy.edu.pl\/wp-content\/uploads\/2022\/05\/01-b-VR-scaffolding-IMG_1141-135x100.jpg 135w, https:\/\/operatorzy.edu.pl\/wp-content\/uploads\/2022\/05\/01-b-VR-scaffolding-IMG_1141.jpg 1920w\" sizes=\"(max-width: 512px) 100vw, 512px\" \/><\/a><\/figure>\n<\/div>\n\n\n<h2 class=\"wp-block-heading\">Training in CSOs<\/h2>\n\n\n\n<p>The Operator Training Centre has an attractive offer for you in the form of a comprehensive scaffolding assembly course that meets the guidelines of the Institute of Mechanised Construction and Rock Mining. Our offer is aimed at adults with at least a primary school education and a document certifying that there are no health impediments to working on a given position and that the training has been completed. Our main objective is to prepare the client for the exam conducted by the appointed commission of the above-mentioned IMBiGS. This consists of two parts: a theoretical and a practical exam. If you pass both parts, you will receive your licence and an entry in the Scaffolding Machine Operator's Booklet.\u00a0<\/p>\n\n\n\n<figure class=\"wp-block-video\"><video controls poster=\"https:\/\/operatorzy.edu.pl\/wp-content\/uploads\/2023\/03\/okladka-rusztowania-OSO.EDU_.PL-OSO-3.jpg\" src=\"https:\/\/operatorzy.edu.pl\/wp-content\/uploads\/2023\/03\/rusztowania-OPERATORZY.EDU_.PL-OSO.mp4\"><\/video><\/figure>\n\n\n\n<h2 class=\"wp-block-heading\">Form of classes&nbsp;<\/h2>\n\n\n\n<p>We provide lectures in the form of webinars and practical classes on our premises or at the client's premises in the case of organised groups. Training is provided by professional staff with many years of both training and professional experience. At our facility, we conduct classes for groups with different levels of knowledge. Depending on their skills verified in an initial competency test, we allocate participants to a specific group.\u00a0<\/p>\n\n\n\n<h2 class=\"wp-block-heading\">What will we teach you in our lectures and exercises?\u00a0<\/h2>\n\n\n\n<ul class=\"wp-block-list\">\n<li>Scaffolding work of the Institute of Mechanised Construction and Rock Mining.\u00a0<a href=\"https:\/\/operatorzy.edu.pl\/wp-content\/uploads\/2022\/05\/D145_32_110_1200-1.jpg\"><img decoding=\"async\" width=\"200\" height=\"300\" class=\"size-medium wp-image-1777 alignright\" src=\"https:\/\/operatorzy.edu.pl\/wp-content\/uploads\/2022\/05\/D145_32_110_1200-1-200x300.jpg\" alt=\"\" srcset=\"https:\/\/operatorzy.edu.pl\/wp-content\/uploads\/2022\/05\/D145_32_110_1200-1-200x300.jpg 200w, https:\/\/operatorzy.edu.pl\/wp-content\/uploads\/2022\/05\/D145_32_110_1200-1-683x1024.jpg 683w, https:\/\/operatorzy.edu.pl\/wp-content\/uploads\/2022\/05\/D145_32_110_1200-1-768x1152.jpg 768w, https:\/\/operatorzy.edu.pl\/wp-content\/uploads\/2022\/05\/D145_32_110_1200-1.jpg 800w\" sizes=\"(max-width: 200px) 100vw, 200px\" \/><\/a><\/li>\n\n\n\n<li>Use of scaffolding documentation, correct interpretation of complexities, issues and concepts of technical documentation.&nbsp;<\/li>\n\n\n\n<li>Health and safety of scaffolding assembly and disassembly, rules for the use of metal building scaffolding.&nbsp;<\/li>\n\n\n\n<li>Types of scaffolding and construction elements - construction.&nbsp;<\/li>\n<\/ul>\n\n\n\n<ul class=\"wp-block-list\">\n<li>Organization of the construction site and scaffolding assembly methods.&nbsp;<\/li>\n\n\n\n<li>Inspection of the technical condition of the scaffolding.\u00a0<\/li>\n<\/ul>\n\n\n\n<h2 class=\"wp-block-heading\">What distinguishes us from competing companies?&nbsp;<\/h2>\n\n\n\n<p>These include attractive prices, highly qualified training staff, a 98% ratio of satisfied customers. In addition, we provide additional materials and also train via the Internet, provide comprehensive training covering the most important topic appearing on the exam.&nbsp;&nbsp;<\/p>\n\n\n\n<p>You are cordially invited to take a look at the full range of services provided by OSO.<\/p>\n\n\n<div class=\"wp-block-image\">\n<figure class=\"aligncenter\"><a href=\"https:\/\/operatorzy.edu.pl\/wp-content\/uploads\/2022\/05\/076-Montazysta-rusztowan.png\"><img decoding=\"async\" width=\"1024\" height=\"853\" src=\"https:\/\/operatorzy.edu.pl\/wp-content\/uploads\/2022\/05\/076-Montazysta-rusztowan-1024x853.png\" alt=\"training graphics\" class=\"wp-image-1772\" srcset=\"https:\/\/operatorzy.edu.pl\/wp-content\/uploads\/2022\/05\/076-Montazysta-rusztowan-1024x853.png 1024w, https:\/\/operatorzy.edu.pl\/wp-content\/uploads\/2022\/05\/076-Montazysta-rusztowan-300x250.png 300w, https:\/\/operatorzy.edu.pl\/wp-content\/uploads\/2022\/05\/076-Montazysta-rusztowan-768x640.png 768w, https:\/\/operatorzy.edu.pl\/wp-content\/uploads\/2022\/05\/076-Montazysta-rusztowan.png 1200w\" sizes=\"(max-width: 1024px) 100vw, 1024px\" \/><\/a><\/figure>\n<\/div>","protected":false},"excerpt":{"rendered":"<p>Szkolenie w OSO O\u015brodek Szkolenia Operator\u00f3w ma dla Pa\u0144stwa atrakcyjn\u0105 ofert\u0119 w postaci kompleksowego kursu na montera rusztowa\u0144, spe\u0142niaj\u0105cego wytyczne Instytutu Mechanizacji Budownictwa i G\u00f3rnictwa Skalnego. Nasza oferta skierowana jest do os\u00f3b pe\u0142noletnich, posiadaj\u0105cych co najmniej wykszta\u0142cenie podstawowe oraz dokument za\u015bwiadczaj\u0105cy o braku przeciwwskaza\u0144 zdrowotnych do podj\u0119cia pracy na danym stanowisku i odbyciu szkolenia. Naszym [&hellip;]<\/p>\n","protected":false},"author":3,"featured_media":1776,"parent":22,"menu_order":0,"comment_status":"closed","ping_status":"closed","template":"","meta":{"footnotes":""},"class_list":["post-1771","page","type-page","status-publish","has-post-thumbnail","hentry"],"aioseo_notices":[],"_links":{"self":[{"href":"https:\/\/operatorzy.edu.pl\/en\/wp-json\/wp\/v2\/pages\/1771","targetHints":{"allow":["GET"]}}],"collection":[{"href":"https:\/\/operatorzy.edu.pl\/en\/wp-json\/wp\/v2\/pages"}],"about":[{"href":"https:\/\/operatorzy.edu.pl\/en\/wp-json\/wp\/v2\/types\/page"}],"author":[{"embeddable":true,"href":"https:\/\/operatorzy.edu.pl\/en\/wp-json\/wp\/v2\/users\/3"}],"replies":[{"embeddable":true,"href":"https:\/\/operatorzy.edu.pl\/en\/wp-json\/wp\/v2\/comments?post=1771"}],"version-history":[{"count":5,"href":"https:\/\/operatorzy.edu.pl\/en\/wp-json\/wp\/v2\/pages\/1771\/revisions"}],"predecessor-version":[{"id":2635,"href":"https:\/\/operatorzy.edu.pl\/en\/wp-json\/wp\/v2\/pages\/1771\/revisions\/2635"}],"up":[{"embeddable":true,"href":"https:\/\/operatorzy.edu.pl\/en\/wp-json\/wp\/v2\/pages\/22"}],"wp:featuredmedia":[{"embeddable":true,"href":"https:\/\/operatorzy.edu.pl\/en\/wp-json\/wp\/v2\/media\/1776"}],"wp:attachment":[{"href":"https:\/\/operatorzy.edu.pl\/en\/wp-json\/wp\/v2\/media?parent=1771"}],"curies":[{"name":"wp","href":"https:\/\/api.w.org\/{rel}","templated":true}]}}