{"id":1885,"date":"2022-06-27T23:02:50","date_gmt":"2022-06-27T23:02:50","guid":{"rendered":"https:\/\/operatorzy.edu.pl\/?page_id=1885"},"modified":"2025-07-19T23:01:46","modified_gmt":"2025-07-19T21:01:46","slug":"home-page","status":"publish","type":"page","link":"https:\/\/operatorzy.edu.pl\/en\/","title":{"rendered":"Homepage"},"content":{"rendered":"<div class=\"roww\">\n<div class=\"podzial\">\n<h2>Forklifts<\/h2>\n<p><a href=\"https:\/\/operatorzy.edu.pl\/wp-content\/uploads\/2022\/04\/forklift-hire-linde-r14-r17x-performance-left.jpg\"><img decoding=\"async\" class=\"alignright wp-image-1734 size-medium\" src=\"https:\/\/operatorzy.edu.pl\/wp-content\/uploads\/2022\/04\/forklift-hire-linde-r14-r17x-performance-left-300x248.jpg\" alt=\"\" width=\"300\" height=\"248\" srcset=\"https:\/\/operatorzy.edu.pl\/wp-content\/uploads\/2022\/04\/forklift-hire-linde-r14-r17x-performance-left-300x248.jpg 300w, https:\/\/operatorzy.edu.pl\/wp-content\/uploads\/2022\/04\/forklift-hire-linde-r14-r17x-performance-left-1024x847.jpg 1024w, https:\/\/operatorzy.edu.pl\/wp-content\/uploads\/2022\/04\/forklift-hire-linde-r14-r17x-performance-left-768x635.jpg 768w, https:\/\/operatorzy.edu.pl\/wp-content\/uploads\/2022\/04\/forklift-hire-linde-r14-r17x-performance-left.jpg 1375w\" sizes=\"(max-width: 300px) 100vw, 300px\" \/><\/a>We conduct trainings thanks to which you will gain qualifications allowing you to operate forklifts and related devices. in our center you will learn how to use devices such as:<\/p>\n<ul>\n<li>forklifts,<\/li>\n<li>forklifts,<\/li>\n<li>telescopic loaders,<\/li>\n<li>trolleys for lifting the operator and load,<\/li>\n<li>trolleys with variable reach,<\/li>\n<li>reach trucks,<\/li>\n<li>industrial trucks.<\/li>\n<\/ul>\n<p><a class=\"read-more bttn\" href=\"\/en\/training\/technical-inspection-authority\/forklift-trucks\/\">read more<\/a><\/p>\n<\/div>\n<div class=\"podzial\">\n<h2>Platforms and lifts<\/h2>\n<p><a href=\"https:\/\/operatorzy.edu.pl\/wp-content\/uploads\/2021\/08\/operatorzy.edu_.pl-0014-OPUBLIKOWANE-Copy.jpg\"><img decoding=\"async\" class=\"alignright wp-image-1620 size-medium\" src=\"https:\/\/operatorzy.edu.pl\/wp-content\/uploads\/2021\/08\/operatorzy.edu_.pl-0014-OPUBLIKOWANE-Copy-300x225.jpg\" alt=\"Scissor lifts - mobile platforms for indoor and outdoor works\" width=\"300\" height=\"225\" srcset=\"https:\/\/operatorzy.edu.pl\/wp-content\/uploads\/2021\/08\/operatorzy.edu_.pl-0014-OPUBLIKOWANE-Copy-300x225.jpg 300w, https:\/\/operatorzy.edu.pl\/wp-content\/uploads\/2021\/08\/operatorzy.edu_.pl-0014-OPUBLIKOWANE-Copy-135x100.jpg 135w, https:\/\/operatorzy.edu.pl\/wp-content\/uploads\/2021\/08\/operatorzy.edu_.pl-0014-OPUBLIKOWANE-Copy.jpg 579w\" sizes=\"(max-width: 300px) 100vw, 300px\" \/><\/a>To work with lifts and scissor or basket lifts, you need UDT qualifications, which you can get in our center. We invite you to use our services and gain knowledge about the operation of devices such as:<\/p>\n<ul>\n<li>scissor lifts,<\/li>\n<li>aerial platforms (lifts),<\/li>\n<li>mobile platforms,<\/li>\n<li>vehicle and rail platforms,<\/li>\n<li>loading platforms,<\/li>\n<li>stationary and slow-moving platforms,<\/li>\n<li>hanging and mast platforms.<\/li>\n<\/ul>\n<p><a class=\"read-more bttn\" href=\"\/en\/training\/technical-inspection-authority\/scissor-lift\/\">read more<\/a><\/p>\n<\/div>\n<\/div>\n<div class=\"roww\">\n<div class=\"podzial\">\n<h2>High altitude\/alpine\/IRATA<\/h2>\n<p><a href=\"https:\/\/operatorzy.edu.pl\/wp-content\/uploads\/2021\/10\/wysokosciowe2.jpg\"><img decoding=\"async\" class=\"alignright wp-image-1676 size-medium\" src=\"https:\/\/operatorzy.edu.pl\/wp-content\/uploads\/2021\/10\/wysokosciowe2-300x200.jpg\" alt=\"\" width=\"300\" height=\"200\" srcset=\"https:\/\/operatorzy.edu.pl\/wp-content\/uploads\/2021\/10\/wysokosciowe2-300x200.jpg 300w, https:\/\/operatorzy.edu.pl\/wp-content\/uploads\/2021\/10\/wysokosciowe2-1024x683.jpg 1024w, https:\/\/operatorzy.edu.pl\/wp-content\/uploads\/2021\/10\/wysokosciowe2-768x512.jpg 768w, https:\/\/operatorzy.edu.pl\/wp-content\/uploads\/2021\/10\/wysokosciowe2-1536x1024.jpg 1536w, https:\/\/operatorzy.edu.pl\/wp-content\/uploads\/2021\/10\/wysokosciowe2.jpg 1600w\" sizes=\"(max-width: 300px) 100vw, 300px\" \/><\/a>Sincerely <a href=\"https:\/\/operatorzy.edu.pl\/en\/kontakt\/\">we invite you to take advantage of our offer<\/a> high-altitude and mountaineering courses to provide you with the knowledge and skills to work safely at height.<\/p>\n<ul>\n<li>construction access,<\/li>\n<li>climbing training in rope access techniques,<\/li>\n<li>construction access with elements of rope access techniques,<\/li>\n<li>creating temporary belay points,<\/li>\n<li>training in the evacuation of people from confined spaces,<\/li>\n<li>training in evacuating people at height,<\/li>\n<li>IRATA rating course - all levels L1, L2 and L3.<\/li>\n<\/ul>\n<p><a class=\"read-more bttn\" href=\"\/en\/training\/mountaineering-qualifications\/\">read more<\/a><\/p>\n<\/div>\n<div class=\"podzial\">\n<h2>Gantry cranes, hoists, winches, cranes, hook signaler<\/h2>\n<p><a href=\"https:\/\/operatorzy.edu.pl\/wp-content\/uploads\/2017\/12\/suwnica-3.jpg\"><img decoding=\"async\" class=\"alignright wp-image-1421 size-medium\" src=\"https:\/\/operatorzy.edu.pl\/wp-content\/uploads\/2017\/12\/suwnica-3-300x218.jpg\" alt=\"\" width=\"300\" height=\"218\" srcset=\"https:\/\/operatorzy.edu.pl\/wp-content\/uploads\/2017\/12\/suwnica-3-300x218.jpg 300w, https:\/\/operatorzy.edu.pl\/wp-content\/uploads\/2017\/12\/suwnica-3.jpg 550w\" sizes=\"(max-width: 300px) 100vw, 300px\" \/><\/a>In our center you will find courses thanks to which you will gain knowledge and skills that will allow you to work with overhead cranes and other cranes, and even work as a hook - signaller.<\/p>\n<ul>\n<li>gantry cranes,<\/li>\n<li>cranes,<\/li>\n<li>hoists,<\/li>\n<li>winches,<\/li>\n<li>signalman - hook.<\/li>\n<\/ul>\n<p><a class=\"read-more bttn\" href=\"\/en\/training\/\">read more<\/a><\/p>\n<\/div>\n<\/div>\n<div class=\"roww\">\n<div class=\"podzial\">\n<h2>HDS cranes, tower<\/h2>\n<p>In our center you will find courses that will prepare you to work as a crane operator. We have a wide offer, in which you will find training on cranes of all types:<br \/>\n<a href=\"https:\/\/operatorzy.edu.pl\/wp-content\/uploads\/2014\/11\/oper_\u017curaw2.jpg\"><img decoding=\"async\" class=\"alignright wp-image-1305 size-full\" src=\"https:\/\/operatorzy.edu.pl\/wp-content\/uploads\/2014\/11\/oper_\u017curaw2.jpg\" alt=\"\" width=\"300\" height=\"225\" srcset=\"https:\/\/operatorzy.edu.pl\/wp-content\/uploads\/2014\/11\/oper_\u017curaw2.jpg 300w, https:\/\/operatorzy.edu.pl\/wp-content\/uploads\/2014\/11\/oper_\u017curaw2-135x100.jpg 135w\" sizes=\"(max-width: 300px) 100vw, 300px\" \/><\/a><\/p>\n<ul>\n<li>portable HDS,<\/li>\n<li>tower,<\/li>\n<li>self-propelled,<\/li>\n<li>stationary,<\/li>\n<li>rail,<\/li>\n<li>shipbuilding,<\/li>\n<li>floating,<\/li>\n<li>on-board,<\/li>\n<li>railway and on railway vehicles.<\/li>\n<\/ul>\n<p><a class=\"read-more bttn\" href=\"\/en\/training\/technical-inspection-authority\/hds-authorisations\/\">read more<\/a><\/p>\n<\/div>\n<div class=\"podzial\">\n<h2>Scaffold fitter<\/h2>\n<p><a href=\"https:\/\/operatorzy.edu.pl\/wp-content\/uploads\/2022\/04\/oso.edu_.pl-076.jpg\"><img decoding=\"async\" class=\"alignright wp-image-1741 size-medium\" src=\"https:\/\/operatorzy.edu.pl\/wp-content\/uploads\/2022\/04\/oso.edu_.pl-076-300x200.jpg\" alt=\"\" width=\"300\" height=\"200\" srcset=\"https:\/\/operatorzy.edu.pl\/wp-content\/uploads\/2022\/04\/oso.edu_.pl-076-300x200.jpg 300w, https:\/\/operatorzy.edu.pl\/wp-content\/uploads\/2022\/04\/oso.edu_.pl-076.jpg 512w\" sizes=\"(max-width: 300px) 100vw, 300px\" \/><\/a>In our center you will gain all the skills and knowledge necessary to work as a scaffolding fitter. After passing the final exam, you are ready to work on scaffolding assembly and disassembly:<\/p>\n<ul>\n<li>steel<\/li>\n<li>aluminum<\/li>\n<li>system<\/li>\n<li>non-systemic<\/li>\n<li>stationary<\/li>\n<li>passers-by<\/li>\n<\/ul>\n<p><a class=\"read-more bttn\" href=\"\/en\/training\/technical-inspection-authority\/szkolenie-na-montazyste-rusztowan\/\">read more<\/a><\/p>\n<\/div>\n<\/div>\n<div class=\"roww\">\n<div class=\"podzial\">\n<h2>Training for UDT qualifications<\/h2>\n<p>We invite you to our center, where you will take a course that will allow you to work with the handling of handling equipment. We will help you obtain UDT qualifications for devices such as:<\/p>\n<ul>\n<li>hanging mobile platforms,<a href=\"https:\/\/operatorzy.edu.pl\/wp-content\/uploads\/2021\/09\/operatorzy.edu_.pl-0015-OPUBLIKOWANY-v3-Copy.jpg\"><img decoding=\"async\" class=\"alignright wp-image-1625 size-medium\" src=\"https:\/\/operatorzy.edu.pl\/wp-content\/uploads\/2021\/09\/operatorzy.edu_.pl-0015-OPUBLIKOWANY-v3-Copy-300x225.jpg\" alt=\"Transportable mobile platforms, called spiders because of the base with a characteristic shape\" width=\"300\" height=\"225\" srcset=\"https:\/\/operatorzy.edu.pl\/wp-content\/uploads\/2021\/09\/operatorzy.edu_.pl-0015-OPUBLIKOWANY-v3-Copy-300x225.jpg 300w, https:\/\/operatorzy.edu.pl\/wp-content\/uploads\/2021\/09\/operatorzy.edu_.pl-0015-OPUBLIKOWANY-v3-Copy-135x100.jpg 135w, https:\/\/operatorzy.edu.pl\/wp-content\/uploads\/2021\/09\/operatorzy.edu_.pl-0015-OPUBLIKOWANY-v3-Copy.jpg 579w\" sizes=\"(max-width: 300px) 100vw, 300px\" \/><\/a><\/li>\n<li>stationary mobile platforms,<\/li>\n<li>mast climbing work platforms,<\/li>\n<li>construction cranes,<\/li>\n<li>goods and passenger lifts,<\/li>\n<li>winches and hoists,<\/li>\n<li>gantry cranes,<\/li>\n<li>stacker cranes,<\/li>\n<li>goods statements,<\/li>\n<li>ship lifts,<\/li>\n<li>forklift trucks,<\/li>\n<li>stationary cranes,<\/li>\n<li>mobile cranes,<\/li>\n<li>tower and quick-erecting cranes,<\/li>\n<li>mobile and portable cranes.<\/li>\n<\/ul>\n<p><a class=\"read-more bttn\" href=\"\/en\/training\/\">read more<\/a><\/p>\n<\/div>\n<div class=\"podzial\">\n<h2>Welding<\/h2>\n<p>We invite you to a soldering course, thanks to which you will learn how to use a soldering iron correctly and learn soldering techniques. Our offer also includes trainings for people who want to learn how to weld and fuse.<\/p>\n<p><strong>Soldering<\/strong>:<br \/>\n<a href=\"https:\/\/operatorzy.edu.pl\/wp-content\/uploads\/2022\/04\/techniques-de-soudage.jpg\"><img decoding=\"async\" class=\"alignright wp-image-1697 size-medium\" src=\"https:\/\/operatorzy.edu.pl\/wp-content\/uploads\/2022\/04\/techniques-de-soudage-300x200.jpg\" alt=\"MIG \/ MAG method\" width=\"300\" height=\"200\" srcset=\"https:\/\/operatorzy.edu.pl\/wp-content\/uploads\/2022\/04\/techniques-de-soudage-300x200.jpg 300w, https:\/\/operatorzy.edu.pl\/wp-content\/uploads\/2022\/04\/techniques-de-soudage-1024x682.jpg 1024w, https:\/\/operatorzy.edu.pl\/wp-content\/uploads\/2022\/04\/techniques-de-soudage-768x512.jpg 768w, https:\/\/operatorzy.edu.pl\/wp-content\/uploads\/2022\/04\/techniques-de-soudage-1536x1024.jpg 1536w, https:\/\/operatorzy.edu.pl\/wp-content\/uploads\/2022\/04\/techniques-de-soudage.jpg 2000w\" sizes=\"(max-width: 300px) 100vw, 300px\" \/><\/a><\/p>\n<ul>\n<li>soft,<\/li>\n<li>hard.<\/li>\n<\/ul>\n<p><strong>Welding<\/strong>:<\/p>\n<ul>\n<li>MIG \/ MAG,<\/li>\n<li>TIG,<\/li>\n<li>MMA,<\/li>\n<li>SAW,<\/li>\n<li>plasma arc welding.<\/li>\n<\/ul>\n<p><strong>Welding<\/strong>:<\/p>\n<ul>\n<li>electrofusion<\/li>\n<li>butt.<\/li>\n<\/ul>\n<p><a class=\"read-more bttn\" href=\"\/en\/training\/welding\/\">read more<\/a><\/p>\n<\/div>\n<\/div>\n<div class=\"roww\">\n<div class=\"podzial\">\n<h2>Flange connections<\/h2>\n<p><a href=\"https:\/\/operatorzy.edu.pl\/wp-content\/uploads\/2022\/06\/oso.edu_.pl-060-1.jpg\"><img decoding=\"async\" class=\"alignright wp-image-1902 size-medium\" src=\"https:\/\/operatorzy.edu.pl\/wp-content\/uploads\/2022\/06\/oso.edu_.pl-060-1-300x240.jpg\" alt=\"\" width=\"300\" height=\"240\" srcset=\"https:\/\/operatorzy.edu.pl\/wp-content\/uploads\/2022\/06\/oso.edu_.pl-060-1-300x240.jpg 300w, https:\/\/operatorzy.edu.pl\/wp-content\/uploads\/2022\/06\/oso.edu_.pl-060-1.jpg 625w\" sizes=\"(max-width: 300px) 100vw, 300px\" \/><\/a>We cordially encourage you to take advantage of our training offer on the assembly of flange connections. Our qualified staff will ensure that participants are properly trained in working with pressure equipment and will provide relevant information on hazards and accidents while working with them.<\/p>\n<p><a class=\"read-more bttn\" href=\"\/en\/training\/technical-inspection-authority\/szkolenie-na-montazyste-rusztowan\/crash-course-in-stud-bolts\/\">read more<\/a><\/p>\n<\/div>\n<div class=\"podzial\">\n<h2>Health and safety courses<\/h2>\n<p><a href=\"https:\/\/operatorzy.edu.pl\/wp-content\/uploads\/2014\/11\/hak5.jpg\"><img decoding=\"async\" class=\"alignright wp-image-1311 size-full\" src=\"https:\/\/operatorzy.edu.pl\/wp-content\/uploads\/2014\/11\/hak5.jpg\" alt=\"\" width=\"300\" height=\"225\" srcset=\"https:\/\/operatorzy.edu.pl\/wp-content\/uploads\/2014\/11\/hak5.jpg 300w, https:\/\/operatorzy.edu.pl\/wp-content\/uploads\/2014\/11\/hak5-135x100.jpg 135w\" sizes=\"(max-width: 300px) 100vw, 300px\" \/><\/a>It is the responsibility of every employer to provide employees with periodic health and safety training. We invite you to our center for training for employees:<\/p>\n<ul>\n<li>OHS services,<\/li>\n<li>workers,<\/li>\n<li>engineering and technical,<\/li>\n<li>as well as employers.<\/li>\n<\/ul>\n<p><a class=\"read-more bttn\" href=\"\/en\/training\/\">read more<\/a><\/p>\n<\/div>\n<\/div>\n<div class=\"roww\">\n<div class=\"podzial\">\n<h2>Lifts - elevators and lifts<\/h2>\n<p><a href=\"https:\/\/operatorzy.edu.pl\/wp-content\/uploads\/2022\/05\/oso.edu_.pl-0066-0067-Construction-Hero-1-e1614866364360.jpg\"><img decoding=\"async\" class=\"alignright wp-image-1791 size-medium\" src=\"https:\/\/operatorzy.edu.pl\/wp-content\/uploads\/2022\/05\/oso.edu_.pl-0066-0067-Construction-Hero-1-e1614866364360-300x226.jpg\" alt=\"\" width=\"300\" height=\"226\" srcset=\"https:\/\/operatorzy.edu.pl\/wp-content\/uploads\/2022\/05\/oso.edu_.pl-0066-0067-Construction-Hero-1-e1614866364360-300x226.jpg 300w, https:\/\/operatorzy.edu.pl\/wp-content\/uploads\/2022\/05\/oso.edu_.pl-0066-0067-Construction-Hero-1-e1614866364360.jpg 666w\" sizes=\"(max-width: 300px) 100vw, 300px\" \/><\/a>We invite you to our centre for <a href=\"https:\/\/operatorzy.edu.pl\/en\/szkolenia\/urzad-dozoru-technicznego\/operator-dzwigu-kurs\/\">crane operator training<\/a> construction. We provide the knowledge and skills that are required for the UDT exam for cranes such as:<\/p>\n<ul>\n<li>shaft (elevators)<\/li>\n<li>port<\/li>\n<li>circular<\/li>\n<li>vertical construction<\/li>\n<li>sloping<\/li>\n<\/ul>\n<p><a class=\"read-more bttn\" href=\"\/en\/training\/\">read more<\/a><\/p>\n<\/div>\n<div class=\"podzial\">\n<h2>G1, G2, G3 trainings<\/h2>\n<p><a href=\"https:\/\/operatorzy.edu.pl\/wp-content\/uploads\/2022\/06\/screen_2x-2.jpg\"><img decoding=\"async\" class=\"alignright wp-image-1906 size-medium\" src=\"https:\/\/operatorzy.edu.pl\/wp-content\/uploads\/2022\/06\/screen_2x-2-300x199.jpg\" alt=\"\" width=\"300\" height=\"199\" srcset=\"https:\/\/operatorzy.edu.pl\/wp-content\/uploads\/2022\/06\/screen_2x-2-300x199.jpg 300w, https:\/\/operatorzy.edu.pl\/wp-content\/uploads\/2022\/06\/screen_2x-2-1024x680.jpg 1024w, https:\/\/operatorzy.edu.pl\/wp-content\/uploads\/2022\/06\/screen_2x-2-768x510.jpg 768w, https:\/\/operatorzy.edu.pl\/wp-content\/uploads\/2022\/06\/screen_2x-2-1536x1020.jpg 1536w, https:\/\/operatorzy.edu.pl\/wp-content\/uploads\/2022\/06\/screen_2x-2.jpg 1600w\" sizes=\"(max-width: 300px) 100vw, 300px\" \/><\/a><\/p>\n<p>Do you want to obtain energy, heat and gas qualifications? We invite you to check our offer - at the OSO Operator Training Center you can easily undergo training, pass the exam and obtain 1kV qualifications. We conduct trainings thanks to which you can obtain G1, G2 and G3 electrical qualifications. If you want to obtain an electrical building license, and the low price is what you care about, sign up for our course now!<\/p>\n<div style=\"float: left; width: 50%;\">\n<p>G1:<\/p>\n<ul>\n<li>electrothermal devices<\/li>\n<li>control and measurement apparatus<\/li>\n<li>generating devices<\/li>\n<li>electrolysis equipment<\/li>\n<\/ul>\n<p>G2:<\/p>\n<ul>\n<li>steam and water boilers<\/li>\n<li>compressors<\/li>\n<li>thermal installations<\/li>\n<li>pumps and fans<\/li>\n<\/ul>\n<\/div>\n<div style=\"float: left; width: 50%;\">\n<p>G3:<\/p>\n<ul>\n<li>storage devices<\/li>\n<li>equipment for the production of gaseous fuels<\/li>\n<li>gas turbines<\/li>\n<\/ul>\n<\/div>\n<div style=\"clear: both;\"><a class=\"read-more bttn\" href=\"\/en\/sep-authorisations\/\">read more<\/a><\/div>\n<\/div>\n<\/div>\n<div class=\"roww\">\n<div class=\"podzial\">\n<h2>Sale of devices<\/h2>\n<p><span lang=\"PL-PL\" xml:lang=\"PL-PL\" data-contrast=\"auto\">Our company sells <\/span><span lang=\"PL-PL\" xml:lang=\"PL-PL\" data-contrast=\"auto\">forklifts, scissor and basket lifts, loads<\/span><span lang=\"PL-PL\" xml:lang=\"PL-PL\" data-contrast=\"auto\">telescopic cranes and HDS cranes <\/span><span lang=\"PL-PL\" xml:lang=\"PL-PL\" data-contrast=\"auto\">at low prices. Our assortment includes devices of the most famous brands in the world, including:<\/span><span lang=\"PL-PL\" xml:lang=\"PL-PL\" data-contrast=\"auto\">\u00a0<\/span><\/p>\n<ul>\n<li>Still,<\/li>\n<li>Toyota,<\/li>\n<li>Jungheinrich,<\/li>\n<li>Linde<\/li>\n<li>Haulotte,<\/li>\n<li>Genie,<\/li>\n<li>Manitou,<\/li>\n<li>JLG.<\/li>\n<\/ul>\n<\/div>\n<div class=\"podzial\">\n<h2>Repair, maintenance and service of devices<\/h2>\n<p><span lang=\"PL-PL\" xml:lang=\"PL-PL\" data-contrast=\"auto\">We also run a repair and maintenance service<\/span> <span lang=\"PL-PL\" xml:lang=\"PL-PL\" data-contrast=\"auto\">overhead cranes<\/span><span lang=\"PL-PL\" xml:lang=\"PL-PL\" data-contrast=\"auto\">, mobile platforms, forklifts, cranes<\/span><span lang=\"PL-PL\" xml:lang=\"PL-PL\" data-contrast=\"auto\">awi HDS and telescopic loaders<\/span><span lang=\"PL-PL\" xml:lang=\"PL-PL\" data-contrast=\"auto\">. Downtime in works causes high costs that exceed the cost of regular inspections. We know how important time is <\/span><span lang=\"PL-PL\" xml:lang=\"PL-PL\" data-contrast=\"auto\">repair<\/span><span lang=\"PL-PL\" xml:lang=\"PL-PL\" data-contrast=\"auto\"> that is why our team consists of experienced and qualified mechanics.<\/span><span lang=\"PL-PL\" xml:lang=\"PL-PL\" data-contrast=\"auto\"> We deal with brands such as:<\/span><\/p>\n<ul>\n<li>Still,<\/li>\n<li>Toyota,<\/li>\n<li>Jungheinrich,<\/li>\n<li>Manitou,<\/li>\n<li>JLG,<\/li>\n<li>Linde,<\/li>\n<li>Haulotte,<\/li>\n<li>Genie.<\/li>\n<\/ul>\n<\/div>\n<\/div>\n<h2 style=\"text-align: center;\">OSO Operator Training Center - UDT, G1, G2, G3, HDS courses - Warsaw and the whole of Poland<\/h2>\n<p>Do you need qualifications to work as a specialist, technician, operator or maintenance technician? Do you want to gain new qualifications and skills? Take advantage of our offer! At the SPA Operators Training Center, we conduct professional and comprehensive vocational courses that allow you to obtain qualifications for work in various positions. Join our satisfied customers!<\/p>\n<p>We have several years of experience in organizing training for operators. Customer satisfaction is the most important for us, therefore we place emphasis on service at the highest level.<\/p>\n<p><strong>Why SPA?<\/strong><\/p>\n<ul>\n<li>a large selection of open and closed courses<\/li>\n<li>attractive prices and favorable discounts<\/li>\n<li>professional instructors<\/li>\n<li>extensive industry experience<\/li>\n<li>high passing of exams<\/li>\n<li>service throughout Poland<\/li>\n<\/ul>\n<p><a href=\"https:\/\/operatorzy.edu.pl\/en\/o-firmie\/\">CSO Operator Training Centre<\/a> has a full range of classes in its training offer. First and foremost, we provide UDT training courses that allow you to obtain qualifications. Our offer includes <a href=\"https:\/\/operatorzy.edu.pl\/en\/szkolenia\/urzad-dozoru-technicznego\/kurs-na-suwnice\/\">course for gantries<\/a>, crane operator, crane operator and signalman courses. We also provide G1, G2 and G3 training. You can also work with us to obtain your HDS licence and your mountaineering licence for rope access and construction.<\/p>\n<p>We have modern training facilities that allow us to conduct classes professionally and comprehensively. We work with qualified and experienced instructors, we use proprietary programs and activating methods of transferring knowledge. This is why the pass rate for SPA exams is so high.<\/p>\n<p><strong>Enroll in the course now!<\/strong><\/p>\n<p>Our headquarters is located in the city of Warsaw, but we are also available in other cities in Poland in our regional centers. In addition, we organize closed training in locations agreed with the client.<\/p>\n<p>If you have any further questions, we are always available. Please do not hesitate to contact us by phone or e-mail - we will respond as quickly as possible.<\/p>\n<p>OSO Operator Training Center - we invite you to use our services!<\/p>\n<p><a class=\"read-more bttn\" href=\"\/en\/training\/\">read more<\/a><\/p>","protected":false},"excerpt":{"rendered":"<p>W\u00f3zki wid\u0142owe Prowadzimy szkolenia, dzi\u0119ki kt\u00f3rym zdob\u0119dziesz uprawnienia pozwalaj\u0105ce ci na operowanie w\u00f3zkami wid\u0142owymi oraz urz\u0105dzeniami pokrewnymi. naszym o\u015brodku nauczysz si\u0119 obs\u0142ugi urz\u0105dze\u0144 takich jak: w\u00f3zki wid\u0142owe, w\u00f3zki podno\u015bnikowe, \u0142adowarki teleskopowe, w\u00f3zki unosz\u0105ce operatora i \u0142adunek, w\u00f3zki ze zmiennym wysi\u0119giem, w\u00f3zki wysokiego sk\u0142adowania, w\u00f3zki jezdniowe. Czytaj wi\u0119cej Podesty i podno\u015bniki Aby pracowa\u0107 z podno\u015bnikami i [&hellip;]<\/p>\n","protected":false},"author":3,"featured_media":0,"parent":0,"menu_order":0,"comment_status":"closed","ping_status":"closed","template":"template-home.php","meta":{"footnotes":""},"class_list":["post-1885","page","type-page","status-publish","hentry"],"aioseo_notices":[],"_links":{"self":[{"href":"https:\/\/operatorzy.edu.pl\/en\/wp-json\/wp\/v2\/pages\/1885","targetHints":{"allow":["GET"]}}],"collection":[{"href":"https:\/\/operatorzy.edu.pl\/en\/wp-json\/wp\/v2\/pages"}],"about":[{"href":"https:\/\/operatorzy.edu.pl\/en\/wp-json\/wp\/v2\/types\/page"}],"author":[{"embeddable":true,"href":"https:\/\/operatorzy.edu.pl\/en\/wp-json\/wp\/v2\/users\/3"}],"replies":[{"embeddable":true,"href":"https:\/\/operatorzy.edu.pl\/en\/wp-json\/wp\/v2\/comments?post=1885"}],"version-history":[{"count":15,"href":"https:\/\/operatorzy.edu.pl\/en\/wp-json\/wp\/v2\/pages\/1885\/revisions"}],"predecessor-version":[{"id":2902,"href":"https:\/\/operatorzy.edu.pl\/en\/wp-json\/wp\/v2\/pages\/1885\/revisions\/2902"}],"wp:attachment":[{"href":"https:\/\/operatorzy.edu.pl\/en\/wp-json\/wp\/v2\/media?parent=1885"}],"curies":[{"name":"wp","href":"https:\/\/api.w.org\/{rel}","templated":true}]}}