{"id":2281,"date":"2023-02-24T15:45:45","date_gmt":"2023-02-24T14:45:45","guid":{"rendered":"https:\/\/operatorzy.edu.pl\/?page_id=2281"},"modified":"2023-02-26T01:23:24","modified_gmt":"2023-02-26T00:23:24","slug":"onshore-offshore","status":"publish","type":"page","link":"https:\/\/operatorzy.edu.pl\/en\/szkolenia\/onshore-offshore\/","title":{"rendered":"Range of onshore-offshore courses - vocational courses"},"content":{"rendered":"<p>O\u015brodek szkoleniowy \u201cOSO\u201d przeprowadza kursy w Warszawie jak i na terenie ca\u0142ej Polski z dojazdem do klienta, pod wskazany adres. Jako jedna z nielicznych firm na Polskim rynku, oferujemy kursy i szkolenia z zakresu offshore i onshore.<\/p>\r\n<p>Przeprowadzane kursy s\u0105 zgodne z wymaganiami Mi\u0119dzynarodowej Organizacji Normalizacyjnej (ISO).<\/p>\r\n<p><img decoding=\"async\" class=\"aligncenter wp-image-2287 size-large\" src=\"https:\/\/operatorzy.edu.pl\/wp-content\/uploads\/2023\/02\/hkjjh-1280x857.jpeg\" alt=\"platforma wiertnicza na Ba\u0142tyku.\" width=\"750\" height=\"502\" srcset=\"https:\/\/operatorzy.edu.pl\/wp-content\/uploads\/2023\/02\/hkjjh-1280x857.jpeg 1280w, https:\/\/operatorzy.edu.pl\/wp-content\/uploads\/2023\/02\/hkjjh-300x201.jpeg 300w, https:\/\/operatorzy.edu.pl\/wp-content\/uploads\/2023\/02\/hkjjh-768x514.jpeg 768w, https:\/\/operatorzy.edu.pl\/wp-content\/uploads\/2023\/02\/hkjjh-1536x1028.jpeg 1536w, https:\/\/operatorzy.edu.pl\/wp-content\/uploads\/2023\/02\/hkjjh-18x12.jpeg 18w, https:\/\/operatorzy.edu.pl\/wp-content\/uploads\/2023\/02\/hkjjh.jpeg 1600w\" sizes=\"(max-width: 750px) 100vw, 750px\" \/><\/p>\r\n<h2><strong>Program nauczania<\/strong><\/h2>\r\n<p>Program szkolenia jest podzielony na cz\u0119\u015b\u0107 teoretyczn\u0105 w formie wyk\u0142adowej i cz\u0119\u015b\u0107 praktyczn\u0105. Zaj\u0119cia w naszym o\u015brodku s\u0105 prowadzone przez odpowiednio przeszkolonych specjalist\u00f3w i do\u015bwiadczonych wyk\u0142adowc\u00f3w, kt\u00f3rzy na co dzie\u0144 aktywnie dzia\u0142aj\u0105 w zawodzie.<\/p>\r\n<h3><u>Cz\u0119\u015b\u0107 teoretyczna zawiera m.in.:<\/u><\/h3>\r\n<ul>\r\n<li>podstawowe zasady bezpiecze\u0144stwa podczas pracy,<\/li>\r\n<li>obowi\u0105zuj\u0105ce przepisy prawne i zasady BHP,<\/li>\r\n<li>zasady udzielania pierwszej pomocy,<\/li>\r\n<li>analiza zagro\u017cenia i plany awaryjne,<\/li>\r\n<li>obowi\u0105zki pracownika i pracodawcy,<\/li>\r\n<li>analizy powypadkowe,<\/li>\r\n<li>zapoznanie z procedur\u0105 przed wej\u015bciem na pok\u0142ad \u015bmig\u0142owca.<\/li>\r\n<\/ul>\r\n<h3><u>Cz\u0119\u015b\u0107 praktyczna polega na wykonywaniu zada\u0144, pod okiem naszych specjalist\u00f3w, jest to m.in.:<\/u><\/h3>\r\n<ul>\r\n<li><img decoding=\"async\" class=\"alignright wp-image-2286\" src=\"https:\/\/operatorzy.edu.pl\/wp-content\/uploads\/2023\/02\/hjhj-300x198.jpeg\" alt=\"podr\u00f3\u017c \u015bmig\u0142owcem.\" width=\"360\" height=\"238\" srcset=\"https:\/\/operatorzy.edu.pl\/wp-content\/uploads\/2023\/02\/hjhj-300x198.jpeg 300w, https:\/\/operatorzy.edu.pl\/wp-content\/uploads\/2023\/02\/hjhj-1280x845.jpeg 1280w, https:\/\/operatorzy.edu.pl\/wp-content\/uploads\/2023\/02\/hjhj-768x507.jpeg 768w, https:\/\/operatorzy.edu.pl\/wp-content\/uploads\/2023\/02\/hjhj-1536x1014.jpeg 1536w, https:\/\/operatorzy.edu.pl\/wp-content\/uploads\/2023\/02\/hjhj-18x12.jpeg 18w, https:\/\/operatorzy.edu.pl\/wp-content\/uploads\/2023\/02\/hjhj.jpeg 1600w\" sizes=\"(max-width: 360px) 100vw, 360px\" \/>poszukiwanie i wydobywanie z\u0142\u00f3\u017c surowc\u00f3w,<\/li>\r\n<li>przegl\u0105d platform,<\/li>\r\n<li>prawid\u0142owe za\u0142o\u017cenie kamizelek i u\u017cycie aparatu ucieczkowego,<\/li>\r\n<li>dbanie o bezpieczne stanowisko pracy,<\/li>\r\n<li>obs\u0142uga maszyn i narz\u0119dzi podczas wykonywania zada\u0144,<\/li>\r\n<li>zlokalizowanie po\u017caru i u\u017cycie \u015brodk\u00f3w ga\u015bniczych,<\/li>\r\n<li>bezpieczna podr\u00f3\u017c \u015bmig\u0142owcem oraz opuszczanie go w przypadku zagro\u017cenia,<\/li>\r\n<li>og\u0142oszenie alarmu podczas zagro\u017cenia,<\/li>\r\n<li>udzielenie pierwszej pomocy.<\/li>\r\n<\/ul>\r\n<h2>Kursy alpinistyczne<\/h2>\r\n<p>Przeprowadzamy kursy alpinistyczne z dost\u0119pem budowlanym i linowym, kt\u00f3ry jest przystosowany wed\u0142ug normy BS 8454. Podczas zaj\u0119\u0107 nauczysz si\u0119 bezpiecznego u\u017cytkowania narz\u0119dzi pomocniczych oraz poznasz techniki wi\u0105zania w\u0119z\u0142\u00f3w. Szkolenie na prace wysoko\u015bciowe przygotuje kursanta do prac wysoko\u015bciowych i asekuracji twojej i otoczenia. Po zako\u0144czonym kursie bez problemu b\u0119dziesz porusza\u0107 si\u0119 po linie i\/lub rusztowaniu.<\/p>\r\n<h2>D\u017awigi na morzu<\/h2>\r\n<p>Kurs przygotowuj\u0105cy do pracy na stanowisku banksmana i slingera dotyczy u\u017cytkowania oraz nadzorowania d\u017awig\u00f3w czy \u017curawi podczas pracy na morzu. Uczestnicy szkolenia zdob\u0119d\u0105 niezb\u0119dn\u0105 wiedz\u0119 teoretyczn\u0105 i praktyczn\u0105 z zakresu obs\u0142ugi, konserwacji, przemieszczania i zawieszania \u0142adunk\u00f3w wraz z zachowaniem bezpiecze\u0144stwa.<\/p>\r\n<h2>Certyfikat<\/h2>\r\n<p>Rozpoczynaj\u0105c prac\u0119 na platformach wiertniczych lub wydobywczych, konieczne jest zdobycie odpowiednich kwalifikacji i umiej\u0119tno\u015bci. Certyfikat <strong>MEWP ISO 18878 <\/strong>nadaje uprawnienia do wykonywania prac na l\u0105dzie i morzu,za\u015bwiadczenie jest wa\u017cne w Norwegii, Wielkiej Brytanii, Danii a tak\u017ce jest honorowane w innych krajach Unii Europejskiej. Zdobyty certyfikat jest zatwierdzony przez mi\u0119dzynarodow\u0105 organizacj\u0119 OPITO i jest wa\u017cne przez 4 lata.<\/p>\r\n<p><img decoding=\"async\" class=\"wp-image-2285 size-large aligncenter\" src=\"https:\/\/operatorzy.edu.pl\/wp-content\/uploads\/2023\/02\/bkhbkh-1280x854.jpeg\" alt=\" udzielanie pierwszej pomocy.\" width=\"750\" height=\"500\" srcset=\"https:\/\/operatorzy.edu.pl\/wp-content\/uploads\/2023\/02\/bkhbkh-1280x854.jpeg 1280w, https:\/\/operatorzy.edu.pl\/wp-content\/uploads\/2023\/02\/bkhbkh-300x200.jpeg 300w, https:\/\/operatorzy.edu.pl\/wp-content\/uploads\/2023\/02\/bkhbkh-768x512.jpeg 768w, https:\/\/operatorzy.edu.pl\/wp-content\/uploads\/2023\/02\/bkhbkh-1536x1024.jpeg 1536w, https:\/\/operatorzy.edu.pl\/wp-content\/uploads\/2023\/02\/bkhbkh-18x12.jpeg 18w, https:\/\/operatorzy.edu.pl\/wp-content\/uploads\/2023\/02\/bkhbkh.jpeg 1600w\" sizes=\"(max-width: 750px) 100vw, 750px\" \/><\/p>\r\n<h3>Co kursant powinien zabra\u0107 ze sob\u0105:<\/h3>\r\n<ul>\r\n<li>dokument potwierdzaj\u0105cy to\u017csamo\u015b\u0107,<\/li>\r\n<li>za\u015bwiadczenie lekarskie,<\/li>\r\n<li>str\u00f3j na zmian\u0119.<\/li>\r\n<\/ul>\r\n<h2>Pytania i odpowiedzi<\/h2>\r\n\t\t<details\t\thelp class=\"sc_fs_faq sc_card    \"\n\t\t\t\t>\n\t\t\t\t\t<summary>\n\t\t\t\t<h3>Przez ile lat jest wa\u017cny certyfikat MEWP ISO 18878?<\/h3>\t\t\t\t\t<\/summary>\n\t\t\t\t<div>\n\t\t\t\t\t\t<div class=\"sc_fs_faq__content\">\n\t\t\t\t\r\n\r\n\r\n<p>Wydany certyfikat MEWP ISO 18878 jest wa\u017cne przez 4 lata od ich zdobycia.<\/p>\r\n\t\t\t<\/div>\n\t\t<\/div>\n\t\t<\/details>\n\t\t\t\t<details\t\thelp class=\"sc_fs_faq sc_card    \"\n\t\t\t\t>\n\t\t\t\t\t<summary>\n\t\t\t\t<h3>Czym zajmuje si\u0119 banksman i slinger?<\/h3>\t\t\t\t\t<\/summary>\n\t\t\t\t<div>\n\t\t\t\t\t\t<div class=\"sc_fs_faq__content\">\n\t\t\t\t\r\n\r\n\r\n<p>Banksam i slinger zajmuje si\u0119 nadzorowaniem oraz operowaniem \u017curawi podczas pracy na platformach, znajduj\u0105cych si\u0119 na morzu.<\/p>\r\n\t\t\t<\/div>\n\t\t<\/div>\n\t\t<\/details>\n\t\t\t\t<details\t\thelp class=\"sc_fs_faq sc_card    \"\n\t\t\t\t>\n\t\t\t\t\t<summary>\n\t\t\t\t<h3>Co uczestnik szkolenia offshore powinien ze sob\u0105 zabra\u0107?<\/h3>\t\t\t\t\t<\/summary>\n\t\t\t\t<div>\n\t\t\t\t\t\t<div class=\"sc_fs_faq__content\">\n\t\t\t\t\r\n\r\n\r\n<p>Podczas szkolenia, uczestnik powinien zabra\u0107 ze sob\u0105 dokument to\u017csamo\u015bci, za\u015bwiadczenie lekarskie o braku przeciwskaza\u0144 do wykonywania pracy, wcze\u015bniejsze za\u015bwiadczenia kwalifikacyjne (je\u017celi jakie\u015b ma) oraz str\u00f3j na przebranie.<\/p>\r\n\t\t\t<\/div>\n\t\t<\/div>\n\t\t<\/details>\n\t\t\n<script type=\"application\/ld+json\">\n\t{\n\t\t\"@context\": \"https:\/\/schema.org\",\n\t\t\"@type\": \"FAQPage\",\n\t\t\"mainEntity\": [\n\t\t\t\t\t{\n\t\t\t\t\"@type\": \"Question\",\n\t\t\t\t\"name\": \"Przez ile lat jest wa\u017cny certyfikat MEWP ISO 18878?\",\n\t\t\t\t\"acceptedAnswer\": {\n\t\t\t\t\t\"@type\": \"Answer\",\n\t\t\t\t\t\"text\": \"<p>Wydany certyfikat MEWP ISO 18878 jest wa\u017cne przez 4 lata od ich zdobycia.<\/p>\"\n\t\t\t\t\t\t\t\t\t}\n\t\t\t}\n\t\t\t,\t\t\t\t{\n\t\t\t\t\"@type\": \"Question\",\n\t\t\t\t\"name\": \"Czym zajmuje si\u0119 banksman i slinger?\",\n\t\t\t\t\"acceptedAnswer\": {\n\t\t\t\t\t\"@type\": \"Answer\",\n\t\t\t\t\t\"text\": \"<p>Banksam i slinger zajmuje si\u0119 nadzorowaniem oraz operowaniem \u017curawi podczas pracy na platformach, znajduj\u0105cych si\u0119 na morzu.<\/p>\"\n\t\t\t\t\t\t\t\t\t}\n\t\t\t}\n\t\t\t,\t\t\t\t{\n\t\t\t\t\"@type\": \"Question\",\n\t\t\t\t\"name\": \"Co uczestnik szkolenia offshore powinien ze sob\u0105 zabra\u0107?\",\n\t\t\t\t\"acceptedAnswer\": {\n\t\t\t\t\t\"@type\": \"Answer\",\n\t\t\t\t\t\"text\": \"<p>Podczas szkolenia, uczestnik powinien zabra\u0107 ze sob\u0105 dokument to\u017csamo\u015bci, za\u015bwiadczenie lekarskie o braku przeciwskaza\u0144 do wykonywania pracy, wcze\u015bniejsze za\u015bwiadczenia kwalifikacyjne (je\u017celi jakie\u015b ma) oraz str\u00f3j na przebranie.<\/p>\"\n\t\t\t\t\t\t\t\t\t}\n\t\t\t}\n\t\t\t\t\t\t]\n\t}\n<\/script>\n","protected":false},"excerpt":{"rendered":"<p>O\u015brodek szkoleniowy \u201cOSO\u201d przeprowadza kursy w Warszawie jak i na terenie ca\u0142ej Polski z dojazdem do klienta, pod wskazany adres. Jako jedna z nielicznych firm na Polskim rynku, oferujemy kursy i szkolenia z zakresu offshore i onshore. Przeprowadzane kursy s\u0105 zgodne z wymaganiami Mi\u0119dzynarodowej Organizacji Normalizacyjnej (ISO). Program nauczania Program szkolenia jest podzielony na cz\u0119\u015b\u0107 [&hellip;]<\/p>\n","protected":false},"author":5,"featured_media":2287,"parent":22,"menu_order":0,"comment_status":"closed","ping_status":"closed","template":"","meta":{"footnotes":""},"class_list":["post-2281","page","type-page","status-publish","has-post-thumbnail","hentry"],"aioseo_notices":[],"_links":{"self":[{"href":"https:\/\/operatorzy.edu.pl\/en\/wp-json\/wp\/v2\/pages\/2281","targetHints":{"allow":["GET"]}}],"collection":[{"href":"https:\/\/operatorzy.edu.pl\/en\/wp-json\/wp\/v2\/pages"}],"about":[{"href":"https:\/\/operatorzy.edu.pl\/en\/wp-json\/wp\/v2\/types\/page"}],"author":[{"embeddable":true,"href":"https:\/\/operatorzy.edu.pl\/en\/wp-json\/wp\/v2\/users\/5"}],"replies":[{"embeddable":true,"href":"https:\/\/operatorzy.edu.pl\/en\/wp-json\/wp\/v2\/comments?post=2281"}],"version-history":[{"count":4,"href":"https:\/\/operatorzy.edu.pl\/en\/wp-json\/wp\/v2\/pages\/2281\/revisions"}],"predecessor-version":[{"id":2293,"href":"https:\/\/operatorzy.edu.pl\/en\/wp-json\/wp\/v2\/pages\/2281\/revisions\/2293"}],"up":[{"embeddable":true,"href":"https:\/\/operatorzy.edu.pl\/en\/wp-json\/wp\/v2\/pages\/22"}],"wp:featuredmedia":[{"embeddable":true,"href":"https:\/\/operatorzy.edu.pl\/en\/wp-json\/wp\/v2\/media\/2287"}],"wp:attachment":[{"href":"https:\/\/operatorzy.edu.pl\/en\/wp-json\/wp\/v2\/media?parent=2281"}],"curies":[{"name":"wp","href":"https:\/\/api.w.org\/{rel}","templated":true}]}}