{"id":2338,"date":"2023-03-08T13:21:07","date_gmt":"2023-03-08T12:21:07","guid":{"rendered":"https:\/\/operatorzy.edu.pl\/?page_id=2338"},"modified":"2023-03-08T13:32:05","modified_gmt":"2023-03-08T12:32:05","slug":"first-aid","status":"publish","type":"page","link":"https:\/\/operatorzy.edu.pl\/en\/szkolenia\/bhp-i-ppoz\/pierwsza-pomoc\/","title":{"rendered":"Training - Medical First Aid"},"content":{"rendered":"<p><img decoding=\"async\" class=\"aligncenter wp-image-2342 size-large\" src=\"https:\/\/operatorzy.edu.pl\/wp-content\/uploads\/2023\/03\/gjhhjg-1280x854.jpeg\" alt=\"udzielanie pierwszej pomocy osobie poszkodowanej\" width=\"750\" height=\"500\" srcset=\"https:\/\/operatorzy.edu.pl\/wp-content\/uploads\/2023\/03\/gjhhjg-1280x854.jpeg 1280w, https:\/\/operatorzy.edu.pl\/wp-content\/uploads\/2023\/03\/gjhhjg-300x200.jpeg 300w, https:\/\/operatorzy.edu.pl\/wp-content\/uploads\/2023\/03\/gjhhjg-768x512.jpeg 768w, https:\/\/operatorzy.edu.pl\/wp-content\/uploads\/2023\/03\/gjhhjg-1536x1024.jpeg 1536w, https:\/\/operatorzy.edu.pl\/wp-content\/uploads\/2023\/03\/gjhhjg-18x12.jpeg 18w, https:\/\/operatorzy.edu.pl\/wp-content\/uploads\/2023\/03\/gjhhjg.jpeg 1600w\" sizes=\"(max-width: 750px) 100vw, 750px\" \/><\/p>\r\n<p>Ka\u017cdy mo\u017ce znale\u017a\u0107 si\u0119 w sytuacji, kiedy trzeba udzieli\u0107 komu\u015b pierwszej pomocy. Zw\u0142aszcza w miejscu pracy, gdzie nie tak trudno o wypadek.Umiej\u0119tno\u015b\u0107 szybkiej pomocy poszkodowanemu mo\u017ce nawet uratowa\u0107 czyje\u015b \u017cycie. Jednak nawet znajduj\u0105c si\u0119 gdziekolwiek indziej mo\u017cemy przypadkiem spotka\u0107 osob\u0119, kt\u00f3ra potrzebuje natychmiastowej pomocy medycznej.<\/p>\r\n<p>Kursy s\u0105 organizowane dla os\u00f3b, kt\u00f3re chc\u0105 nauczy\u0107 si\u0119 udzielania pierwszej pomocy przedlekarskiej. Poza teori\u0105, ka\u017cdy uczestnik \u0107wiczy na manekinach resuscytacj\u0119 i inne niezb\u0119dne czynno\u015bci pozwalaj\u0105ce uratowa\u0107 \u017cycie. Pod okiem wykwalifikowanych instruktor\u00f3w ucz\u0105 si\u0119 udzielenia pierwszej pomocy nie tylko osobie doros\u0142ej, ale tak\u017ce dziecku czy niemowl\u0119ciu. Opr\u00f3cz resuscytacji uczymy tak\u017ce post\u0119powania z osob\u0105 z wszelkimi urazami, w tym kr\u0119gos\u0142upa, jak r\u00f3wnie\u017c przy podejrzeniu problem\u00f3w z sercem.<\/p>\r\n<h2><strong>Czym jest Pierwsza Pomoc?<\/strong><\/h2>\r\n<p>Jest to zesp\u00f3\u0142 czynno\u015bci pozwalaj\u0105cych uratowa\u0107 \u017cycie osoby poszkodowanej, gdziekolwiek si\u0119 znajdujemy, przed przyjazdem s\u0142u\u017cb. Cz\u0119sto do ratowania u\u017cywa si\u0119 prostych materia\u0142\u00f3w medycznych, je\u015bli ma si\u0119 takie pod r\u0119k\u0105.<\/p>\r\n<h2><strong>Dla kogo s\u0105 nasze kursy?<\/strong><\/h2>\r\n<p>Dla wszystkich. Niezale\u017cnie od tego czy masz do\u015bwiadczenie w pierwszej pomocy i chcia\u0142by\u015b sobie wszystko powt\u00f3rzy\u0107 lub poprawi\u0107 umiej\u0119tno\u015bci, czy potrzebujesz nauczy\u0107 si\u0119 tego zupe\u0142nie od podstaw, mo\u017cesz si\u0119 zapisa\u0107. Nasi do\u015bwiadczeni instruktorzy naucz\u0105 Ci\u0119 absolutnie wszystkiego i odpowiedz\u0105 na ka\u017cde pytanie. Naszym celem jest sprawi\u0107, aby\u015b czu\u0142 si\u0119 komfortowo pomagaj\u0105c komu\u015b.<\/p>\r\n<p>Je\u015bli jeste\u015b pracodawc\u0105, mo\u017cemy przeszkoli\u0107 Twoich pracownik\u00f3w za Ciebie!<\/p>\r\n<p><img decoding=\"async\" class=\"aligncenter wp-image-2341 size-large\" src=\"https:\/\/operatorzy.edu.pl\/wp-content\/uploads\/2023\/03\/gfdfd-1280x854.jpeg\" alt=\"nauka RKO na manekinie\" width=\"750\" height=\"500\" srcset=\"https:\/\/operatorzy.edu.pl\/wp-content\/uploads\/2023\/03\/gfdfd-1280x854.jpeg 1280w, https:\/\/operatorzy.edu.pl\/wp-content\/uploads\/2023\/03\/gfdfd-300x200.jpeg 300w, https:\/\/operatorzy.edu.pl\/wp-content\/uploads\/2023\/03\/gfdfd-768x513.jpeg 768w, https:\/\/operatorzy.edu.pl\/wp-content\/uploads\/2023\/03\/gfdfd-1536x1025.jpeg 1536w, https:\/\/operatorzy.edu.pl\/wp-content\/uploads\/2023\/03\/gfdfd-18x12.jpeg 18w, https:\/\/operatorzy.edu.pl\/wp-content\/uploads\/2023\/03\/gfdfd.jpeg 1600w\" sizes=\"(max-width: 750px) 100vw, 750px\" \/><\/p>\r\n<p>&nbsp;<\/p>\r\n<h2><strong>Dlaczego warto?<\/strong><\/h2>\r\n<p>Wed\u0142ug prawa, ka\u017cdy obywatel jest zobowi\u0105zany do udzielenia pierwszej pomocy, kiedy jest \u015bwiadkiem wypadku czy innego zdarzenia, gdzie osoba poszkodowana wymaga natychmiastowej pomocy medycznej. Ponadto te\u017c, warto j\u0105 zna\u0107 dla samych siebie, nigdy nie wiadomo czy kto\u015b nam bliski nie b\u0119dzie potrzebowa\u0107 ratunku i dzi\u0119ki naszym umiej\u0119tno\u015bci\u0105 zdo\u0142amy uratowa\u0107 czyje\u015b \u017cycie.<\/p>\r\n<h2><strong>Czego si\u0119 nauczysz?<\/strong><\/h2>\r\n<p>Kursy dziel\u0105 si\u0119 na teori\u0119 i praktyk\u0119. Stawiamy na praktyczne przygotowanie, bo w przypadku pomocy medycznej najwa\u017cniejsze jest dzia\u0142anie.<\/p>\r\n<h3>Na szkoleniu dowiesz si\u0119:<\/h3>\r\n<ul>\r\n<li><img decoding=\"async\" class=\"alignright wp-image-2343\" src=\"https:\/\/operatorzy.edu.pl\/wp-content\/uploads\/2023\/03\/klgyy-300x200.webp\" alt=\"udzielanie pierwszej pomocy \" width=\"450\" height=\"300\" srcset=\"https:\/\/operatorzy.edu.pl\/wp-content\/uploads\/2023\/03\/klgyy-300x200.webp 300w, https:\/\/operatorzy.edu.pl\/wp-content\/uploads\/2023\/03\/klgyy-1280x854.webp 1280w, https:\/\/operatorzy.edu.pl\/wp-content\/uploads\/2023\/03\/klgyy-768x512.webp 768w, https:\/\/operatorzy.edu.pl\/wp-content\/uploads\/2023\/03\/klgyy-1536x1024.webp 1536w, https:\/\/operatorzy.edu.pl\/wp-content\/uploads\/2023\/03\/klgyy-18x12.webp 18w, https:\/\/operatorzy.edu.pl\/wp-content\/uploads\/2023\/03\/klgyy.webp 1600w\" sizes=\"(max-width: 450px) 100vw, 450px\" \/>o kwestiach prawnych dotycz\u0105cych pierwszej pomocy,<\/li>\r\n<li>jak oceni\u0107 i zabezpieczy\u0107 miejsce zdarzenia,<\/li>\r\n<li>jak oceni\u0107 przytomno\u015b\u0107 poszkodowanego,<\/li>\r\n<li>jak udro\u017cni\u0107 drogi oddechowe,<\/li>\r\n<li>jak sprawdzi\u0107 czynno\u015bci \u017cyciowe,<\/li>\r\n<li>jak zbada\u0107 poszkodowanego,<\/li>\r\n<li>co robi\u0107 w przypadku zawa\u0142u mi\u0119\u015bnia sercowego,<\/li>\r\n<li>co robi\u0107 w stanach cukrzycowych,<\/li>\r\n<li>co zrobi\u0107 w przypadku: odmro\u017ce\u0144, oparze\u0144, ran,<\/li>\r\n<li>wykonasz resuscytacje kr\u0105\u017ceniowo oddechow\u0105,<\/li>\r\n<li>nauczysz si\u0119 u\u017cywa\u0107 automatycznego defibrylatora zewn\u0119trznego,<\/li>\r\n<li>co robi\u0107 w sytuacji: pora\u017cenia pr\u0105dem, zatrucia, zad\u0142awienia, ataku padaczki,<\/li>\r\n<li>jak odpowiednio u\u0142o\u017cy\u0107 poszkodowanego,<\/li>\r\n<li>do kogo zadzwoni\u0107 po pomoc.<\/li>\r\n<\/ul>\r\n<h2>Kto mo\u017ce wzi\u0105\u0107 udzia\u0142 w szkoleniu?<\/h2>\r\n<ul>\r\n<li>m\u0142odzie\u017c szkolna,<\/li>\r\n<li>osoby indywidualne,<\/li>\r\n<li>pracownicy firm.<\/li>\r\n<\/ul>\r\n<h2>Jakie typy szkole\u0144 oferujemy?<\/h2>\r\n<ul>\r\n<li>Szkolenie BLS AED \u2013 podstawowy kurs pomocy medycznej, gdzie poza wiedz\u0105, jakie kroki wykona\u0107, aby sprawdzi\u0107 stan poszkodowanego i jak mu pom\u00f3c, nauczysz si\u0119 u\u017cycia automatycznego defibrylatora zewn\u0119trznego. Jest on dedykowany wszystkim, kt\u00f3rzy chc\u0105 nauczy\u0107 si\u0119 pierwszej pomocy.<\/li>\r\n<li>Szkolenie BLS AED dla danego miejsca pracy \u2013 jest to kurs pierwszej pomocy, poszerzony o specyfik\u0119 konkretnego miejsca pracy. Szczeg\u00f3\u0142owy program jest ustalany z klientem i zale\u017cy od miejsca i rodzaju pracy.<\/li>\r\n<li>Szkolenie AED \u2013 kurs dla firm, kt\u00f3re posiadaj\u0105 wyposa\u017cenie AED, jest to nauka obs\u0142ugi automatycznych defibrylator\u00f3w zewn\u0119trznych. Szkolenie ma na celu przypomnienie i utrwalenie wiedzy na temat RKO oraz opanowanie obs\u0142ugi defibrylator\u00f3w, aby uczestnik nie obawia\u0142 si\u0119 go u\u017cywa\u0107.<\/li>\r\n<li>Szkolenie BLS AED z urazami \u2013 poza podstawowym szkoleniem z pierwszej pomocy i u\u017cycia defibrylator\u00f3w, uczestnik uczy si\u0119 tak\u017ce opatrywania ran i wszelkich uraz\u00f3w.<\/li>\r\n<\/ul>\r\n<p>Ka\u017cda osoba bior\u0105ca udzia\u0142 w szkoleniu, po jego pomy\u015blnym uko\u0144czeniu, otrzymuje certyfikat potwierdzaj\u0105cy jego odbycie.<\/p>\r\n<p>&nbsp;<\/p>\r\n<h2><strong>\u00a0Nasz o\u015brodek<\/strong><\/h2>\r\n<p>Szkolenia prowadzimy od ponad 15 lat z r\u00f3\u017cnych dziedzin. Nasi wykwalifikowani mentorzy ch\u0119tnie dziel\u0105 si\u0119 z kursantami swoj\u0105 wiedz\u0105 i do\u015bwiadczeniami podczas cz\u0119\u015bci teoretycznych i praktycznych szkole\u0144. Od lat wsp\u00f3\u0142pracujemy z oddzia\u0142ami UDT, TDT i WDT w ca\u0142ej Polsce, gdy\u017c nasze kursy prowadzimy na terenie ca\u0142ego kraju.<\/p>\r\n<p>Oferujemy szkolenia otwarte i zamkni\u0119te (skierowane do grup zorganizowanych).<\/p>\r\n<p>Zainteresowanych zapraszamy do kontaktu po wi\u0119cej informacji.<\/p>\r\n<h2>Pytania i odpowiedzi\u00a0<\/h2>\r\n\t\t<details\t\thelp class=\"sc_fs_faq sc_card    \"\n\t\t\t\t>\n\t\t\t\t\t<summary>\n\t\t\t\t<h3>Co to jest pierwsza pomoc medyczna?<\/h3>\t\t\t\t\t<\/summary>\n\t\t\t\t<div>\n\t\t\t\t\t\t<div class=\"sc_fs_faq__content\">\n\t\t\t\t\r\n\r\n\r\n<p>To zesp\u00f3\u0142 czynno\u015bci pozwalaj\u0105cych na ocen\u0119 stanu zdrowia poszkodowanego oraz podtrzymanie podstawowych funkcji \u017cyciowych do momentu przyjechania s\u0142u\u017cb medycznych.<\/p>\r\n\t\t\t<\/div>\n\t\t<\/div>\n\t\t<\/details>\n\t\t\t\t<details\t\thelp class=\"sc_fs_faq sc_card    \"\n\t\t\t\t>\n\t\t\t\t\t<summary>\n\t\t\t\t<h3>Kto mo\u017ce wzi\u0105\u0107 udzia\u0142 w szkoleniu?<\/h3>\t\t\t\t\t<\/summary>\n\t\t\t\t<div>\n\t\t\t\t\t\t<div class=\"sc_fs_faq__content\">\n\t\t\t\t\r\n\r\n\r\n<p>Absolutnie ka\u017cdy. Zar\u00f3wno m\u0142odzie\u017c szkolna, jak i klienci indywidualni czy pracownicy firm. Nie ma te\u017c znaczenia poziom wiedzy, uczymy wszystkiego krok po kroku.<\/p>\r\n\t\t\t<\/div>\n\t\t<\/div>\n\t\t<\/details>\n\t\t\t\t<details\t\thelp class=\"sc_fs_faq sc_card    \"\n\t\t\t\t>\n\t\t\t\t\t<summary>\n\t\t\t\t<h3>Jakie s\u0105 rodzaje kurs\u00f3w BHP?<\/h3>\t\t\t\t\t<\/summary>\n\t\t\t\t<div>\n\t\t\t\t\t\t<div class=\"sc_fs_faq__content\">\n\t\t\t\t\r\n\r\n\r\n<p>Oferujemy r\u00f3\u017cne kursy z zakresu BHP. Poza podstawowym, gdzie nauczysz si\u0119 wszystkiego o pierwszej pomocy, mamy tak\u017ce bardziej rozbudowane szkolenia dla firm, kt\u00f3re s\u0105 dopasowane do specyfiki miejsca pracy czy rozwini\u0119te o nauk\u0119 opatrywania ran i uraz\u00f3w.<\/p>\r\n\t\t\t<\/div>\n\t\t<\/div>\n\t\t<\/details>\n\t\t\n<script type=\"application\/ld+json\">\n\t{\n\t\t\"@context\": \"https:\/\/schema.org\",\n\t\t\"@type\": \"FAQPage\",\n\t\t\"mainEntity\": [\n\t\t\t\t\t{\n\t\t\t\t\"@type\": \"Question\",\n\t\t\t\t\"name\": \"Co to jest pierwsza pomoc medyczna?\",\n\t\t\t\t\"acceptedAnswer\": {\n\t\t\t\t\t\"@type\": \"Answer\",\n\t\t\t\t\t\"text\": \"<p>To zesp\u00f3\u0142 czynno\u015bci pozwalaj\u0105cych na ocen\u0119 stanu zdrowia poszkodowanego oraz podtrzymanie podstawowych funkcji \u017cyciowych do momentu przyjechania s\u0142u\u017cb medycznych.<\/p>\"\n\t\t\t\t\t\t\t\t\t}\n\t\t\t}\n\t\t\t,\t\t\t\t{\n\t\t\t\t\"@type\": \"Question\",\n\t\t\t\t\"name\": \"Kto mo\u017ce wzi\u0105\u0107 udzia\u0142 w szkoleniu?\",\n\t\t\t\t\"acceptedAnswer\": {\n\t\t\t\t\t\"@type\": \"Answer\",\n\t\t\t\t\t\"text\": \"<p>Absolutnie ka\u017cdy. Zar\u00f3wno m\u0142odzie\u017c szkolna, jak i klienci indywidualni czy pracownicy firm. Nie ma te\u017c znaczenia poziom wiedzy, uczymy wszystkiego krok po kroku.<\/p>\"\n\t\t\t\t\t\t\t\t\t}\n\t\t\t}\n\t\t\t,\t\t\t\t{\n\t\t\t\t\"@type\": \"Question\",\n\t\t\t\t\"name\": \"Jakie s\u0105 rodzaje kurs\u00f3w BHP?\",\n\t\t\t\t\"acceptedAnswer\": {\n\t\t\t\t\t\"@type\": \"Answer\",\n\t\t\t\t\t\"text\": \"<p>Oferujemy r\u00f3\u017cne kursy z zakresu BHP. Poza podstawowym, gdzie nauczysz si\u0119 wszystkiego o pierwszej pomocy, mamy tak\u017ce bardziej rozbudowane szkolenia dla firm, kt\u00f3re s\u0105 dopasowane do specyfiki miejsca pracy czy rozwini\u0119te o nauk\u0119 opatrywania ran i uraz\u00f3w.<\/p>\"\n\t\t\t\t\t\t\t\t\t}\n\t\t\t}\n\t\t\t\t\t\t]\n\t}\n<\/script>\n","protected":false},"excerpt":{"rendered":"<p>Ka\u017cdy mo\u017ce znale\u017a\u0107 si\u0119 w sytuacji, kiedy trzeba udzieli\u0107 komu\u015b pierwszej pomocy. Zw\u0142aszcza w miejscu pracy, gdzie nie tak trudno o wypadek.Umiej\u0119tno\u015b\u0107 szybkiej pomocy poszkodowanemu mo\u017ce nawet uratowa\u0107 czyje\u015b \u017cycie. Jednak nawet znajduj\u0105c si\u0119 gdziekolwiek indziej mo\u017cemy przypadkiem spotka\u0107 osob\u0119, kt\u00f3ra potrzebuje natychmiastowej pomocy medycznej. Kursy s\u0105 organizowane dla os\u00f3b, kt\u00f3re chc\u0105 nauczy\u0107 si\u0119 udzielania [&hellip;]<\/p>\n","protected":false},"author":5,"featured_media":2342,"parent":1749,"menu_order":0,"comment_status":"closed","ping_status":"closed","template":"","meta":{"footnotes":""},"class_list":["post-2338","page","type-page","status-publish","has-post-thumbnail","hentry"],"aioseo_notices":[],"_links":{"self":[{"href":"https:\/\/operatorzy.edu.pl\/en\/wp-json\/wp\/v2\/pages\/2338","targetHints":{"allow":["GET"]}}],"collection":[{"href":"https:\/\/operatorzy.edu.pl\/en\/wp-json\/wp\/v2\/pages"}],"about":[{"href":"https:\/\/operatorzy.edu.pl\/en\/wp-json\/wp\/v2\/types\/page"}],"author":[{"embeddable":true,"href":"https:\/\/operatorzy.edu.pl\/en\/wp-json\/wp\/v2\/users\/5"}],"replies":[{"embeddable":true,"href":"https:\/\/operatorzy.edu.pl\/en\/wp-json\/wp\/v2\/comments?post=2338"}],"version-history":[{"count":3,"href":"https:\/\/operatorzy.edu.pl\/en\/wp-json\/wp\/v2\/pages\/2338\/revisions"}],"predecessor-version":[{"id":2344,"href":"https:\/\/operatorzy.edu.pl\/en\/wp-json\/wp\/v2\/pages\/2338\/revisions\/2344"}],"up":[{"embeddable":true,"href":"https:\/\/operatorzy.edu.pl\/en\/wp-json\/wp\/v2\/pages\/1749"}],"wp:featuredmedia":[{"embeddable":true,"href":"https:\/\/operatorzy.edu.pl\/en\/wp-json\/wp\/v2\/media\/2342"}],"wp:attachment":[{"href":"https:\/\/operatorzy.edu.pl\/en\/wp-json\/wp\/v2\/media?parent=2338"}],"curies":[{"name":"wp","href":"https:\/\/api.w.org\/{rel}","templated":true}]}}