{"id":1885,"date":"2022-06-27T23:02:50","date_gmt":"2022-06-27T23:02:50","guid":{"rendered":"https:\/\/operatorzy.edu.pl\/?page_id=1885"},"modified":"2025-07-19T23:01:46","modified_gmt":"2025-07-19T21:01:46","slug":"pagina-de-inicio","status":"publish","type":"page","link":"https:\/\/operatorzy.edu.pl\/es\/","title":{"rendered":"Hogar"},"content":{"rendered":"<div class=\"roww\">\n<div class=\"podzial\">\n<h2>Carretillas elevadoras<\/h2>\n<p><a href=\"https:\/\/operatorzy.edu.pl\/wp-content\/uploads\/2022\/04\/forklift-hire-linde-r14-r17x-performance-left.jpg\"><img decoding=\"async\" class=\"alignright wp-image-1734 size-medium\" src=\"https:\/\/operatorzy.edu.pl\/wp-content\/uploads\/2022\/04\/forklift-hire-linde-r14-r17x-performance-left-300x248.jpg\" alt=\"\" width=\"300\" height=\"248\" srcset=\"https:\/\/operatorzy.edu.pl\/wp-content\/uploads\/2022\/04\/forklift-hire-linde-r14-r17x-performance-left-300x248.jpg 300w, https:\/\/operatorzy.edu.pl\/wp-content\/uploads\/2022\/04\/forklift-hire-linde-r14-r17x-performance-left-1024x847.jpg 1024w, https:\/\/operatorzy.edu.pl\/wp-content\/uploads\/2022\/04\/forklift-hire-linde-r14-r17x-performance-left-768x635.jpg 768w, https:\/\/operatorzy.edu.pl\/wp-content\/uploads\/2022\/04\/forklift-hire-linde-r14-r17x-performance-left.jpg 1375w\" sizes=\"(max-width: 300px) 100vw, 300px\" \/><\/a>Proporcionamos formaci\u00f3n para ayudarle a estar cualificado para manejar carretillas elevadoras y equipos relacionados. En nuestro centro, aprender\u00e1s a manejar equipos como:<\/p>\n<ul>\n<li>carretillas elevadoras,<\/li>\n<li>carretillas elevadoras,<\/li>\n<li>manipuladores telesc\u00f3picos,<\/li>\n<li>carros que levantan el operador y la carga,<\/li>\n<li>carros de alcance variable,<\/li>\n<li>carretillas retr\u00e1ctiles,<\/li>\n<li>carretillas elevadoras.<\/li>\n<\/ul>\n<p><a class=\"read-more bttn\" href=\"\/es\/formacion\/autoridad-de-inspeccion-tecnica\/carretillas-elevadoras\/\">Leer m\u00e1s<\/a><\/p>\n<\/div>\n<div class=\"podzial\">\n<h2>Plataformas y elevadores<\/h2>\n<p><a href=\"https:\/\/operatorzy.edu.pl\/wp-content\/uploads\/2021\/08\/operatorzy.edu_.pl-0014-OPUBLIKOWANE-Copy.jpg\"><img decoding=\"async\" class=\"alignright wp-image-1620 size-medium\" src=\"https:\/\/operatorzy.edu.pl\/wp-content\/uploads\/2021\/08\/operatorzy.edu_.pl-0014-OPUBLIKOWANE-Copy-300x225.jpg\" alt=\"Elevadores de tijera: plataformas m\u00f3viles para trabajos en interiores y exteriores\" width=\"300\" height=\"225\" srcset=\"https:\/\/operatorzy.edu.pl\/wp-content\/uploads\/2021\/08\/operatorzy.edu_.pl-0014-OPUBLIKOWANE-Copy-300x225.jpg 300w, https:\/\/operatorzy.edu.pl\/wp-content\/uploads\/2021\/08\/operatorzy.edu_.pl-0014-OPUBLIKOWANE-Copy-135x100.jpg 135w, https:\/\/operatorzy.edu.pl\/wp-content\/uploads\/2021\/08\/operatorzy.edu_.pl-0014-OPUBLIKOWANE-Copy.jpg 579w\" sizes=\"(max-width: 300px) 100vw, 300px\" \/><\/a>Para trabajar con elevadores de tijera y plataformas o elevadores de cesta, es necesario tener una licencia UDT, que puede obtener en nuestro centro. Le invitamos a que aproveche nuestros servicios y aprenda a manejar equipos como:<\/p>\n<ul>\n<li>elevadores de tijera,<\/li>\n<li>plataformas a\u00e9reas de trabajo,<\/li>\n<li>plataformas m\u00f3viles,<\/li>\n<li>veh\u00edculos y plataformas ferroviarias,<\/li>\n<li>plataformas de carga,<\/li>\n<li>plataformas fijas y m\u00f3viles,<\/li>\n<li>plataformas colgantes y de m\u00e1stil.<\/li>\n<\/ul>\n<p><a class=\"read-more bttn\" href=\"\/es\/formacion\/autoridad-de-inspeccion-tecnica\/elevadora-de-tijera\/\">Leer m\u00e1s<\/a><\/p>\n<\/div>\n<\/div>\n<div class=\"roww\">\n<div class=\"podzial\">\n<h2>Gran altitud\/alpino\/IRATA<\/h2>\n<p><a href=\"https:\/\/operatorzy.edu.pl\/wp-content\/uploads\/2021\/10\/wysokosciowe2.jpg\"><img decoding=\"async\" class=\"alignright wp-image-1676 size-medium\" src=\"https:\/\/operatorzy.edu.pl\/wp-content\/uploads\/2021\/10\/wysokosciowe2-300x200.jpg\" alt=\"\" width=\"300\" height=\"200\" srcset=\"https:\/\/operatorzy.edu.pl\/wp-content\/uploads\/2021\/10\/wysokosciowe2-300x200.jpg 300w, https:\/\/operatorzy.edu.pl\/wp-content\/uploads\/2021\/10\/wysokosciowe2-1024x683.jpg 1024w, https:\/\/operatorzy.edu.pl\/wp-content\/uploads\/2021\/10\/wysokosciowe2-768x512.jpg 768w, https:\/\/operatorzy.edu.pl\/wp-content\/uploads\/2021\/10\/wysokosciowe2-1536x1024.jpg 1536w, https:\/\/operatorzy.edu.pl\/wp-content\/uploads\/2021\/10\/wysokosciowe2.jpg 1600w\" sizes=\"(max-width: 300px) 100vw, 300px\" \/><\/a>Atentamente <a href=\"https:\/\/operatorzy.edu.pl\/es\/kontakt\/\">le invitamos a aprovechar nuestra oferta<\/a> cursos de alpinismo y gran altitud que le proporcionar\u00e1n los conocimientos y habilidades necesarios para trabajar con seguridad en altura.<\/p>\n<ul>\n<li>acceso al edificio,<\/li>\n<li>formaci\u00f3n de alpinismo en t\u00e9cnicas de acceso con cuerdas,<\/li>\n<li>acceso a la construcci\u00f3n con elementos de t\u00e9cnicas de acceso con cuerdas,<\/li>\n<li>creaci\u00f3n de puntos de aseguramiento temporales,<\/li>\n<li>formaci\u00f3n en la evacuaci\u00f3n de personas de espacios confinados,<\/li>\n<li>formaci\u00f3n en evacuaci\u00f3n de personas en altura,<\/li>\n<li>Curso de habilitaci\u00f3n IRATA - todos los niveles L1, L2 y L3.<\/li>\n<\/ul>\n<p><a class=\"read-more bttn\" href=\"\/es\/formacion\/titulaciones-de-alpinismo\/\">Leer m\u00e1s<\/a><\/p>\n<\/div>\n<div class=\"podzial\">\n<h2>Puentes gr\u00faa, cabrestantes de elevaci\u00f3n, gr\u00faas, se\u00f1alizadores - gancho<\/h2>\n<p><a href=\"https:\/\/operatorzy.edu.pl\/wp-content\/uploads\/2017\/12\/suwnica-3.jpg\"><img decoding=\"async\" class=\"alignright wp-image-1421 size-medium\" src=\"https:\/\/operatorzy.edu.pl\/wp-content\/uploads\/2017\/12\/suwnica-3-300x218.jpg\" alt=\"\" width=\"300\" height=\"218\" srcset=\"https:\/\/operatorzy.edu.pl\/wp-content\/uploads\/2017\/12\/suwnica-3-300x218.jpg 300w, https:\/\/operatorzy.edu.pl\/wp-content\/uploads\/2017\/12\/suwnica-3.jpg 550w\" sizes=\"(max-width: 300px) 100vw, 300px\" \/><\/a>En nuestro centro encontrar\u00e1 cursos que le permitir\u00e1n adquirir los conocimientos y habilidades para trabajar con puentes gr\u00faa y otras gr\u00faas, e incluso trabajar como gancho-se\u00f1alista.<\/p>\n<ul>\n<li>gr\u00faas,<\/li>\n<li>gr\u00faas,<\/li>\n<li>polipastos,<\/li>\n<li>cabrestantes,<\/li>\n<li>se\u00f1alizador-gancho.<\/li>\n<\/ul>\n<p><a class=\"read-more bttn\" href=\"\/es\/formacion\/\">Leer m\u00e1s<\/a><\/p>\n<\/div>\n<\/div>\n<div class=\"roww\">\n<div class=\"podzial\">\n<h2>Gr\u00faas HDS, gr\u00faas torre<\/h2>\n<p>En nuestro centro encontrar\u00e1s cursos que te preparar\u00e1n para tu trabajo como gruista. Disponemos de una amplia gama de ofertas en las que encontrar\u00e1 formaci\u00f3n para gr\u00faas de todo tipo:<br \/>\n<a href=\"https:\/\/operatorzy.edu.pl\/wp-content\/uploads\/2014\/11\/oper_\u017curaw2.jpg\"><img decoding=\"async\" class=\"alignright wp-image-1305 size-full\" src=\"https:\/\/operatorzy.edu.pl\/wp-content\/uploads\/2014\/11\/oper_\u017curaw2.jpg\" alt=\"\" width=\"300\" height=\"225\" srcset=\"https:\/\/operatorzy.edu.pl\/wp-content\/uploads\/2014\/11\/oper_\u017curaw2.jpg 300w, https:\/\/operatorzy.edu.pl\/wp-content\/uploads\/2014\/11\/oper_\u017curaw2-135x100.jpg 135w\" sizes=\"(max-width: 300px) 100vw, 300px\" \/><\/a><\/p>\n<ul>\n<li>HDS port\u00e1til,<\/li>\n<li>torre,<\/li>\n<li>autopropulsado,<\/li>\n<li>estacionario,<\/li>\n<li>de la barandilla,<\/li>\n<li>la construcci\u00f3n naval,<\/li>\n<li>flotante,<\/li>\n<li>a bordo,<\/li>\n<li>ferrocarriles y en los veh\u00edculos ferroviarios.<\/li>\n<\/ul>\n<p><a class=\"read-more bttn\" href=\"\/es\/formacion\/autoridad-de-inspeccion-tecnica\/autorizaciones-hds\/\">Leer m\u00e1s<\/a><\/p>\n<\/div>\n<div class=\"podzial\">\n<h2>Montador de andamios<\/h2>\n<p><a href=\"https:\/\/operatorzy.edu.pl\/wp-content\/uploads\/2022\/04\/oso.edu_.pl-076.jpg\"><img decoding=\"async\" class=\"alignright wp-image-1741 size-medium\" src=\"https:\/\/operatorzy.edu.pl\/wp-content\/uploads\/2022\/04\/oso.edu_.pl-076-300x200.jpg\" alt=\"\" width=\"300\" height=\"200\" srcset=\"https:\/\/operatorzy.edu.pl\/wp-content\/uploads\/2022\/04\/oso.edu_.pl-076-300x200.jpg 300w, https:\/\/operatorzy.edu.pl\/wp-content\/uploads\/2022\/04\/oso.edu_.pl-076.jpg 512w\" sizes=\"(max-width: 300px) 100vw, 300px\" \/><\/a>En nuestro centro adquirir\u00e1s todas las habilidades y conocimientos necesarios para trabajar como andamista. Tras aprobar el examen final, estar\u00e1s preparado para trabajar en el montaje y desmontaje de andamios:<\/p>\n<ul>\n<li>acero<\/li>\n<li>aluminio<\/li>\n<li>sistem\u00e1tica<\/li>\n<li>sin sistema<\/li>\n<li>todav\u00eda<\/li>\n<li>pasable<\/li>\n<\/ul>\n<p><a class=\"read-more bttn\" href=\"\/es\/formacion\/autoridad-de-inspeccion-tecnica\/szkolenie-na-montazyste-rusztowan\/\">Leer m\u00e1s<\/a><\/p>\n<\/div>\n<\/div>\n<div class=\"roww\">\n<div class=\"podzial\">\n<h2>Formaci\u00f3n para la autorizaci\u00f3n de la UDT<\/h2>\n<p>Ven a nuestro centro donde realizar\u00e1s un curso que te permitir\u00e1 trabajar con equipos de manipulaci\u00f3n de materiales. Le ayudaremos a obtener su licencia UDT para equipos como<\/p>\n<ul>\n<li>Plataformas m\u00f3viles suspendidas,<a href=\"https:\/\/operatorzy.edu.pl\/wp-content\/uploads\/2021\/09\/operatorzy.edu_.pl-0015-OPUBLIKOWANY-v3-Copy.jpg\"><img decoding=\"async\" class=\"alignright wp-image-1625 size-medium\" src=\"https:\/\/operatorzy.edu.pl\/wp-content\/uploads\/2021\/09\/operatorzy.edu_.pl-0015-OPUBLIKOWANY-v3-Copy-300x225.jpg\" alt=\"Las plataformas m\u00f3viles, conocidas como ara\u00f1as por la forma distintiva de su base\" width=\"300\" height=\"225\" srcset=\"https:\/\/operatorzy.edu.pl\/wp-content\/uploads\/2021\/09\/operatorzy.edu_.pl-0015-OPUBLIKOWANY-v3-Copy-300x225.jpg 300w, https:\/\/operatorzy.edu.pl\/wp-content\/uploads\/2021\/09\/operatorzy.edu_.pl-0015-OPUBLIKOWANY-v3-Copy-135x100.jpg 135w, https:\/\/operatorzy.edu.pl\/wp-content\/uploads\/2021\/09\/operatorzy.edu_.pl-0015-OPUBLIKOWANY-v3-Copy.jpg 579w\" sizes=\"(max-width: 300px) 100vw, 300px\" \/><\/a><\/li>\n<li>plataformas m\u00f3viles fijas,<\/li>\n<li>plataformas m\u00f3viles con m\u00e1stil,<\/li>\n<li>gr\u00faas de construcci\u00f3n,<\/li>\n<li>ascensores de mercanc\u00edas y pasajeros,<\/li>\n<li>cabrestantes y polipastos,<\/li>\n<li>gr\u00faas,<\/li>\n<li>gr\u00faas apiladoras,<\/li>\n<li>ascensores de carga,<\/li>\n<li>ascensores de barcos,<\/li>\n<li>carretillas elevadoras,<\/li>\n<li>gr\u00faas estacionarias,<\/li>\n<li>gr\u00faas m\u00f3viles,<\/li>\n<li>gr\u00faas de torre y de alta velocidad,<\/li>\n<li>gr\u00faas m\u00f3viles y port\u00e1tiles.<\/li>\n<\/ul>\n<p><a class=\"read-more bttn\" href=\"\/es\/formacion\/\">Leer m\u00e1s<\/a><\/p>\n<\/div>\n<div class=\"podzial\">\n<h2>Soldadura<\/h2>\n<p>Participe en un curso de soldadura para aprender a utilizar correctamente un soldador y aprender las t\u00e9cnicas de soldadura. Tambi\u00e9n ofrecemos cursos de formaci\u00f3n para quienes deseen aprender a soldar y sellar.<\/p>\n<p><strong>Soldadura<\/strong>:<br \/>\n<a href=\"https:\/\/operatorzy.edu.pl\/wp-content\/uploads\/2022\/04\/techniques-de-soudage.jpg\"><img decoding=\"async\" class=\"alignright wp-image-1697 size-medium\" src=\"https:\/\/operatorzy.edu.pl\/wp-content\/uploads\/2022\/04\/techniques-de-soudage-300x200.jpg\" alt=\"M\u00e9todo MIG\/MAG\" width=\"300\" height=\"200\" srcset=\"https:\/\/operatorzy.edu.pl\/wp-content\/uploads\/2022\/04\/techniques-de-soudage-300x200.jpg 300w, https:\/\/operatorzy.edu.pl\/wp-content\/uploads\/2022\/04\/techniques-de-soudage-1024x682.jpg 1024w, https:\/\/operatorzy.edu.pl\/wp-content\/uploads\/2022\/04\/techniques-de-soudage-768x512.jpg 768w, https:\/\/operatorzy.edu.pl\/wp-content\/uploads\/2022\/04\/techniques-de-soudage-1536x1024.jpg 1536w, https:\/\/operatorzy.edu.pl\/wp-content\/uploads\/2022\/04\/techniques-de-soudage.jpg 2000w\" sizes=\"(max-width: 300px) 100vw, 300px\" \/><\/a><\/p>\n<ul>\n<li>suave,<\/li>\n<li>DURO.<\/li>\n<\/ul>\n<p><strong>Soldadura<\/strong>:<\/p>\n<ul>\n<li>MIG\/MAG,<\/li>\n<li>TIG,<\/li>\n<li>MMA,<\/li>\n<li>SAW,<\/li>\n<li>soldadura por arco de plasma.<\/li>\n<\/ul>\n<p><strong>Soldadura<\/strong>:<\/p>\n<ul>\n<li>electrofusi\u00f3n,<\/li>\n<li>extremo de la culata.<\/li>\n<\/ul>\n<p><a class=\"read-more bttn\" href=\"\/es\/formacion\/soldadura\/\">Leer m\u00e1s<\/a><\/p>\n<\/div>\n<\/div>\n<div class=\"roww\">\n<div class=\"podzial\">\n<h2>Conexiones de brida<\/h2>\n<p><a href=\"https:\/\/operatorzy.edu.pl\/wp-content\/uploads\/2022\/06\/oso.edu_.pl-060-1.jpg\"><img decoding=\"async\" class=\"alignright wp-image-1902 size-medium\" src=\"https:\/\/operatorzy.edu.pl\/wp-content\/uploads\/2022\/06\/oso.edu_.pl-060-1-300x240.jpg\" alt=\"\" width=\"300\" height=\"240\" srcset=\"https:\/\/operatorzy.edu.pl\/wp-content\/uploads\/2022\/06\/oso.edu_.pl-060-1-300x240.jpg 300w, https:\/\/operatorzy.edu.pl\/wp-content\/uploads\/2022\/06\/oso.edu_.pl-060-1.jpg 625w\" sizes=\"(max-width: 300px) 100vw, 300px\" \/><\/a>Le invitamos a aprovechar nuestra oferta de formaci\u00f3n sobre el montaje de bridas. Nuestro personal cualificado se asegurar\u00e1 de que los participantes reciban la formaci\u00f3n adecuada para trabajar con equipos a presi\u00f3n y se asegurar\u00e1 de que se proporcione la informaci\u00f3n pertinente sobre los peligros y accidentes al trabajar con ellos.<\/p>\n<p><a class=\"read-more bttn\" href=\"\/es\/formacion\/autoridad-de-inspeccion-tecnica\/szkolenie-na-montazyste-rusztowan\/curso-intensivo-de-pernos-prisioneros\/\">Leer m\u00e1s<\/a><\/p>\n<\/div>\n<div class=\"podzial\">\n<h2>Cursos de salud y seguridad en el trabajo<\/h2>\n<p><a href=\"https:\/\/operatorzy.edu.pl\/wp-content\/uploads\/2014\/11\/hak5.jpg\"><img decoding=\"async\" class=\"alignright wp-image-1311 size-full\" src=\"https:\/\/operatorzy.edu.pl\/wp-content\/uploads\/2014\/11\/hak5.jpg\" alt=\"\" width=\"300\" height=\"225\" srcset=\"https:\/\/operatorzy.edu.pl\/wp-content\/uploads\/2014\/11\/hak5.jpg 300w, https:\/\/operatorzy.edu.pl\/wp-content\/uploads\/2014\/11\/hak5-135x100.jpg 135w\" sizes=\"(max-width: 300px) 100vw, 300px\" \/><\/a>Es responsabilidad de todo empresario proporcionar a los empleados formaci\u00f3n peri\u00f3dica en materia de salud y seguridad. Le invitamos a venir a nuestro centro para la formaci\u00f3n de los empleados:<\/p>\n<ul>\n<li>servicios de salud y seguridad,<\/li>\n<li>trabajadores,<\/li>\n<li>ingenier\u00eda y tecnolog\u00eda,<\/li>\n<li>as\u00ed como a los empresarios.<\/li>\n<\/ul>\n<p><a class=\"read-more bttn\" href=\"\/es\/formacion\/\">Leer m\u00e1s<\/a><\/p>\n<\/div>\n<\/div>\n<div class=\"roww\">\n<div class=\"podzial\">\n<h2>Gr\u00faas: ascensores y polipastos<\/h2>\n<p><a href=\"https:\/\/operatorzy.edu.pl\/wp-content\/uploads\/2022\/05\/oso.edu_.pl-0066-0067-Construction-Hero-1-e1614866364360.jpg\"><img decoding=\"async\" class=\"alignright wp-image-1791 size-medium\" src=\"https:\/\/operatorzy.edu.pl\/wp-content\/uploads\/2022\/05\/oso.edu_.pl-0066-0067-Construction-Hero-1-e1614866364360-300x226.jpg\" alt=\"\" width=\"300\" height=\"226\" srcset=\"https:\/\/operatorzy.edu.pl\/wp-content\/uploads\/2022\/05\/oso.edu_.pl-0066-0067-Construction-Hero-1-e1614866364360-300x226.jpg 300w, https:\/\/operatorzy.edu.pl\/wp-content\/uploads\/2022\/05\/oso.edu_.pl-0066-0067-Construction-Hero-1-e1614866364360.jpg 666w\" sizes=\"(max-width: 300px) 100vw, 300px\" \/><\/a>Le invitamos a nuestro centro para <a href=\"https:\/\/operatorzy.edu.pl\/es\/szkolenia\/urzad-dozoru-technicznego\/operator-dzwigu-kurs\/\">formaci\u00f3n de gruistas<\/a> construcci\u00f3n. Proporcionamos los conocimientos y habilidades que se requieren para el examen UDT para gr\u00faas tales como:<\/p>\n<ul>\n<li>eje (ascensores)<\/li>\n<li>puerto<\/li>\n<li>circular<\/li>\n<li>construcci\u00f3n vertical<\/li>\n<li>inclinaci\u00f3n<\/li>\n<\/ul>\n<p><a class=\"read-more bttn\" href=\"\/es\/formacion\/\">Leer m\u00e1s<\/a><\/p>\n<\/div>\n<div class=\"podzial\">\n<h2>Formaci\u00f3n G1, G2, G3<\/h2>\n<p><a href=\"https:\/\/operatorzy.edu.pl\/wp-content\/uploads\/2022\/06\/screen_2x-2.jpg\"><img decoding=\"async\" class=\"alignright wp-image-1906 size-medium\" src=\"https:\/\/operatorzy.edu.pl\/wp-content\/uploads\/2022\/06\/screen_2x-2-300x199.jpg\" alt=\"\" width=\"300\" height=\"199\" srcset=\"https:\/\/operatorzy.edu.pl\/wp-content\/uploads\/2022\/06\/screen_2x-2-300x199.jpg 300w, https:\/\/operatorzy.edu.pl\/wp-content\/uploads\/2022\/06\/screen_2x-2-1024x680.jpg 1024w, https:\/\/operatorzy.edu.pl\/wp-content\/uploads\/2022\/06\/screen_2x-2-768x510.jpg 768w, https:\/\/operatorzy.edu.pl\/wp-content\/uploads\/2022\/06\/screen_2x-2-1536x1020.jpg 1536w, https:\/\/operatorzy.edu.pl\/wp-content\/uploads\/2022\/06\/screen_2x-2.jpg 1600w\" sizes=\"(max-width: 300px) 100vw, 300px\" \/><\/a><\/p>\n<p>\u00bfQuiere obtener energ\u00eda, calor, calificaciones de gas? Le invitamos a consultar nuestra oferta: en el Centro de Formaci\u00f3n de Operadores de OSO podr\u00e1 formarse f\u00e1cilmente, aprobar el examen y obtener cualificaciones de hasta 1kV. Proporcionamos formaci\u00f3n para ayudarle a obtener las cualificaciones el\u00e9ctricas G1, G2 y G3. Si quieres obtener una licencia de construcci\u00f3n el\u00e9ctrica y un precio bajo es lo que te importa adicionalmente, \u00a1inscr\u00edbete en nuestro curso ahora!<\/p>\n<div style=\"float: left; width: 50%;\">\n<p>G1:<\/p>\n<ul>\n<li>equipos electrot\u00e9rmicos<\/li>\n<li>equipos de control y medici\u00f3n<\/li>\n<li>generadores<\/li>\n<li>equipo de electr\u00f3lisis<\/li>\n<\/ul>\n<p>G2:<\/p>\n<ul>\n<li>calderas de vapor y agua<\/li>\n<li>compresores<\/li>\n<li>instalaciones t\u00e9rmicas<\/li>\n<li>bombas y ventiladores<\/li>\n<\/ul>\n<\/div>\n<div style=\"float: left; width: 50%;\">\n<p>G3:<\/p>\n<ul>\n<li>equipo de almacenamiento<\/li>\n<li>equipos para la producci\u00f3n de combustibles gaseosos<\/li>\n<li>turbinas de gas<\/li>\n<\/ul>\n<\/div>\n<div style=\"clear: both;\"><a class=\"read-more bttn\" href=\"\/es\/autorizaciones-sep\/\">Leer m\u00e1s<\/a><\/div>\n<\/div>\n<\/div>\n<div class=\"roww\">\n<div class=\"podzial\">\n<h2>Venta de equipos<\/h2>\n<p><span lang=\"PL-PL\" xml:lang=\"PL-PL\" data-contrast=\"auto\">Nuestra empresa vende <\/span><span lang=\"PL-PL\" xml:lang=\"PL-PL\" data-contrast=\"auto\">carretillas elevadoras, elevadores de tijera y de cesta, cargadoras<\/span><span lang=\"PL-PL\" xml:lang=\"PL-PL\" data-contrast=\"auto\">manipuladores telesc\u00f3picos y gr\u00faas HDS <\/span><span lang=\"PL-PL\" xml:lang=\"PL-PL\" data-contrast=\"auto\">a precios bajos. Nuestra gama incluye equipos de algunas de las marcas m\u00e1s conocidas del mundo, como:<\/span><span lang=\"PL-PL\" xml:lang=\"PL-PL\" data-contrast=\"auto\">\u00a0<\/span><\/p>\n<ul>\n<li>Todav\u00eda,<\/li>\n<li>Toyota,<\/li>\n<li>Jungheinrich,<\/li>\n<li>Linde<\/li>\n<li>Haulotte,<\/li>\n<li>Genio,<\/li>\n<li>Manitou,<\/li>\n<li>JLG.<\/li>\n<\/ul>\n<\/div>\n<div class=\"podzial\">\n<h2>Reparaci\u00f3n, mantenimiento y revisi\u00f3n de equipos<\/h2>\n<p><span lang=\"PL-PL\" xml:lang=\"PL-PL\" data-contrast=\"auto\">Tambi\u00e9n ofrecemos un servicio de reparaci\u00f3n y mantenimiento de<\/span> <span lang=\"PL-PL\" xml:lang=\"PL-PL\" data-contrast=\"auto\">gr\u00faas<\/span><span lang=\"PL-PL\" xml:lang=\"PL-PL\" data-contrast=\"auto\">plataformas m\u00f3viles, carretillas elevadoras, gr\u00faas, etc.<\/span><span lang=\"PL-PL\" xml:lang=\"PL-PL\" data-contrast=\"auto\">HDS y manipuladores telesc\u00f3picos<\/span><span lang=\"PL-PL\" xml:lang=\"PL-PL\" data-contrast=\"auto\">. Los tiempos de inactividad suponen unos costes elevados que superan el precio del mantenimiento regular. Sabemos lo importante que es el tiempo <\/span><span lang=\"PL-PL\" xml:lang=\"PL-PL\" data-contrast=\"auto\">reparaciones<\/span><span lang=\"PL-PL\" xml:lang=\"PL-PL\" data-contrast=\"auto\"> Por ello, nuestro equipo est\u00e1 formado por mec\u00e1nicos experimentados y cualificados.<\/span><span lang=\"PL-PL\" xml:lang=\"PL-PL\" data-contrast=\"auto\"> Tratamos con marcas como:<\/span><\/p>\n<ul>\n<li>Todav\u00eda,<\/li>\n<li>Toyota,<\/li>\n<li>Jungheinrich,<\/li>\n<li>Manitou,<\/li>\n<li>JLG,<\/li>\n<li>Linde,<\/li>\n<li>Haulotte,<\/li>\n<li>Genio.<\/li>\n<\/ul>\n<\/div>\n<\/div>\n<h2 style=\"text-align: center;\">Centro de Formaci\u00f3n de Operadores OSO - cursos UDT, G1, G2, G3, HDS - Varsovia y toda Polonia<\/h2>\n<p>\u00bfNecesita una cualificaci\u00f3n para trabajar como especialista, t\u00e9cnico, operario o mantenedor? \u00bfQuiere adquirir nuevas cualificaciones y competencias? Entonces, \u00a1aproveche nuestra oferta! En el Centro de Formaci\u00f3n de Operadores OSO, ofrecemos cursos de formaci\u00f3n profesional completos que le ayudar\u00e1n a obtener cualificaciones para diversos puestos. \u00danase a las filas de nuestros clientes satisfechos.<\/p>\n<p>Tenemos varios a\u00f1os de experiencia en la organizaci\u00f3n de cursos de formaci\u00f3n para operadores. La satisfacci\u00f3n del cliente es de suma importancia para nosotros, por lo que insistimos en el m\u00e1s alto nivel de servicio.<\/p>\n<p><strong>\u00bfPor qu\u00e9 las OSC?<\/strong><\/p>\n<ul>\n<li>gran selecci\u00f3n de cursos abiertos y cerrados<\/li>\n<li>precios atractivos y descuentos favorables<\/li>\n<li>instructores profesionales<\/li>\n<li>amplia experiencia en el sector<\/li>\n<li>alto porcentaje de aprobados en los ex\u00e1menes<\/li>\n<li>servicio en toda Polonia<\/li>\n<\/ul>\n<p><a href=\"https:\/\/operatorzy.edu.pl\/es\/o-firmie\/\">Centro de Formaci\u00f3n de Operadores de CSO<\/a> cuenta con una completa gama de clases en su oferta de formaci\u00f3n. En primer lugar, ofrecemos cursos de formaci\u00f3n UDT que le permitir\u00e1n obtener cualificaciones. Nuestra oferta incluye <a href=\"https:\/\/operatorzy.edu.pl\/es\/szkolenia\/urzad-dozoru-technicznego\/kurs-na-suwnice\/\">curso de gr\u00faa<\/a>, cursos de gruista, operador de gr\u00faa y responsable de se\u00f1ales. Tambi\u00e9n ofrecemos formaci\u00f3n G1, G2 y G3. Tambi\u00e9n puede trabajar con nosotros para obtener su licencia HDS y su licencia de monta\u00f1ero para trabajos verticales con cuerdas y construcci\u00f3n.<\/p>\n<p>Disponemos de unas instalaciones de formaci\u00f3n de \u00faltima generaci\u00f3n que nos permiten impartir las clases de forma profesional y completa. Colaboramos con instructores cualificados y experimentados, utilizamos programas originales y m\u00e9todos activadores de transmisi\u00f3n de conocimientos. Esto es lo que hace que el \u00edndice de aprobados en OSO sea tan alto.<\/p>\n<p><strong>\u00a1Inscr\u00edbase en el curso ahora!<\/strong><\/p>\n<p>Nuestra sede central est\u00e1 en la ciudad de Varsovia, pero tambi\u00e9n estamos disponibles en otras localidades de Polonia en nuestros centros regionales. Adem\u00e1s, organizamos cursos de formaci\u00f3n a puerta cerrada en lugares acordados con el cliente.<\/p>\n<p>Si tiene m\u00e1s preguntas, estamos siempre a su disposici\u00f3n. No dude en ponerse en contacto con nosotros por tel\u00e9fono o correo electr\u00f3nico: le responderemos lo antes posible.<\/p>\n<p>Centro de Formaci\u00f3n de Operadores OSO: \u00a1est\u00e1 cordialmente invitado a hacer uso de nuestros servicios!<\/p>\n<p><a class=\"read-more bttn\" href=\"\/es\/formacion\/\">Leer m\u00e1s<\/a><\/p>","protected":false},"excerpt":{"rendered":"<p>W\u00f3zki wid\u0142owe Prowadzimy szkolenia, dzi\u0119ki kt\u00f3rym zdob\u0119dziesz uprawnienia pozwalaj\u0105ce ci na operowanie w\u00f3zkami wid\u0142owymi oraz urz\u0105dzeniami pokrewnymi. naszym o\u015brodku nauczysz si\u0119 obs\u0142ugi urz\u0105dze\u0144 takich jak: w\u00f3zki wid\u0142owe, w\u00f3zki podno\u015bnikowe, \u0142adowarki teleskopowe, w\u00f3zki unosz\u0105ce operatora i \u0142adunek, w\u00f3zki ze zmiennym wysi\u0119giem, w\u00f3zki wysokiego sk\u0142adowania, w\u00f3zki jezdniowe. Czytaj wi\u0119cej Podesty i podno\u015bniki Aby pracowa\u0107 z podno\u015bnikami i [&hellip;]<\/p>\n","protected":false},"author":3,"featured_media":0,"parent":0,"menu_order":0,"comment_status":"closed","ping_status":"closed","template":"template-home.php","meta":{"footnotes":""},"class_list":["post-1885","page","type-page","status-publish","hentry"],"aioseo_notices":[],"_links":{"self":[{"href":"https:\/\/operatorzy.edu.pl\/es\/wp-json\/wp\/v2\/pages\/1885","targetHints":{"allow":["GET"]}}],"collection":[{"href":"https:\/\/operatorzy.edu.pl\/es\/wp-json\/wp\/v2\/pages"}],"about":[{"href":"https:\/\/operatorzy.edu.pl\/es\/wp-json\/wp\/v2\/types\/page"}],"author":[{"embeddable":true,"href":"https:\/\/operatorzy.edu.pl\/es\/wp-json\/wp\/v2\/users\/3"}],"replies":[{"embeddable":true,"href":"https:\/\/operatorzy.edu.pl\/es\/wp-json\/wp\/v2\/comments?post=1885"}],"version-history":[{"count":15,"href":"https:\/\/operatorzy.edu.pl\/es\/wp-json\/wp\/v2\/pages\/1885\/revisions"}],"predecessor-version":[{"id":2902,"href":"https:\/\/operatorzy.edu.pl\/es\/wp-json\/wp\/v2\/pages\/1885\/revisions\/2902"}],"wp:attachment":[{"href":"https:\/\/operatorzy.edu.pl\/es\/wp-json\/wp\/v2\/media?parent=1885"}],"curies":[{"name":"wp","href":"https:\/\/api.w.org\/{rel}","templated":true}]}}