{"id":2347,"date":"2023-03-14T21:08:37","date_gmt":"2023-03-14T20:08:37","guid":{"rendered":"https:\/\/operatorzy.edu.pl\/?page_id=2347"},"modified":"2023-03-14T22:48:54","modified_gmt":"2023-03-14T21:48:54","slug":"servicio-de-maquinaria-udt","status":"publish","type":"page","link":"https:\/\/operatorzy.edu.pl\/es\/zakres-uslug\/serwis-maszyn-udt\/","title":{"rendered":"Servicio de m\u00e1quinas UDT"},"content":{"rendered":"\n<p>Oferujemy pe\u0142n\u0105 obs\u0142ug\u0119 urz\u0105dze\u0144 obj\u0119tych dozorem technicznym w zakresie konserwacji, serwisu, przegl\u0105d\u00f3w oraz modernizacji. Serwisujemy suwnice, podno\u015bniki koszowe, w\u00f3zki wid\u0142owe, podno\u015bniki no\u017cycowe, \u0142adowarki teleskopowe oraz \u017curawie HDS.&nbsp;<\/p>\n\n\n\n<h2 class=\"wp-block-heading\">Zakres naszych us\u0142ug&nbsp;<\/h2>\n\n\n\n<p>Zakres wykonywanych przez nas us\u0142ug obejmuje:&nbsp;<\/p>\n\n\n<div class=\"wp-block-image\">\n<figure class=\"alignright size-full is-resized\"><img decoding=\"async\" src=\"https:\/\/operatorzy.edu.pl\/wp-content\/uploads\/2023\/03\/canva-MAEI2LDgxuI.jpg\" alt=\"uszkodzony w\u00f3zek wid\u0142owy  \" class=\"wp-image-2349\" width=\"439\" height=\"293\" srcset=\"https:\/\/operatorzy.edu.pl\/wp-content\/uploads\/2023\/03\/canva-MAEI2LDgxuI.jpg 550w, https:\/\/operatorzy.edu.pl\/wp-content\/uploads\/2023\/03\/canva-MAEI2LDgxuI-300x200.jpg 300w, https:\/\/operatorzy.edu.pl\/wp-content\/uploads\/2023\/03\/canva-MAEI2LDgxuI-18x12.jpg 18w\" sizes=\"(max-width: 439px) 100vw, 439px\" \/><\/figure>\n<\/div>\n\n\n<ul class=\"wp-block-list\">\n<li>naprawy i remonty skrzy\u0144 manualnych i automatycznych,&nbsp;<\/li>\n\n\n\n<li>kompleksowy serwis stacjonarny oraz mobilny,&nbsp;<\/li>\n\n\n\n<li>wymian\u0119 opon,&nbsp;<\/li>\n\n\n\n<li>konserwacja,&nbsp;<\/li>\n\n\n\n<li>przegl\u0105dy okresowe,&nbsp;<\/li>\n\n\n\n<li>diagnostyka,&nbsp;<\/li>\n\n\n\n<li>remonty zawieszeni,&nbsp;<\/li>\n\n\n\n<li>remonty generalne,&nbsp;<\/li>\n\n\n\n<li>regeneracj\u0119 cz\u0119\u015bci,&nbsp;<\/li>\n\n\n\n<li>fachowe doradztwo,&nbsp;<\/li>\n\n\n\n<li>mo\u017cliwo\u015b\u0107 wynaj\u0119cia sprz\u0119tu zast\u0119pczego (dotyczy tylko w\u00f3zk\u00f3w wid\u0142owych i podno\u015bnik\u00f3w no\u017cycowych),&nbsp;<\/li>\n\n\n\n<li>modernizacja,&nbsp;<\/li>\n\n\n\n<li>naprawy bie\u017c\u0105ce,&nbsp;<\/li>\n\n\n\n<li>monta\u017c urz\u0105dze\u0144 na podwoziu.&nbsp;<\/li>\n<\/ul>\n\n\n\n<h2 class=\"wp-block-heading\">Serwisowany przez nasz\u0105 urz\u0105dzenia&nbsp;<\/h2>\n\n\n\n<p>Serwisujemy maszyny obj\u0119te dozorem technicznym takie jak:&nbsp;<\/p>\n\n\n\n<ul class=\"wp-block-list\">\n<li>podno\u015bniki koszowe,&nbsp;<\/li>\n\n\n\n<li>w\u00f3zki wid\u0142owe,&nbsp;<\/li>\n\n\n\n<li>podno\u015bniki no\u017cycowe,&nbsp;<\/li>\n\n\n\n<li>suwnice,&nbsp;<\/li>\n\n\n\n<li>\u0142adowarki teleskopowe,&nbsp;<\/li>\n\n\n\n<li>\u017curawie HDS.&nbsp;<\/li>\n<\/ul>\n\n\n\n<h2 class=\"wp-block-heading\">Serwis mobilny&nbsp;<\/h2>\n\n\n\n<p>Dzi\u0119ki serwisowi mobilnemu dokonujemy bie\u017c\u0105cych napraw w miejscu pracy maszyny bez konieczno\u015bci transportowania jej do serwisu. Nasz serwis mobilny jest dobrze wyposa\u017cony oraz posiada szybki dost\u0119p do cz\u0119\u015bci zamiennych.&nbsp;&nbsp;<\/p>\n\n\n\n<p>Nasi serwisanci to do\u015bwiadczeni specjali\u015bci z obszern\u0105 wiedz\u0105. Zaufa\u0142o nam tysi\u0105ce klient\u00f3w!&nbsp;<\/p>\n\n\n\n<h2 class=\"wp-block-heading\">Dlaczego warto skorzysta\u0107 z naszych us\u0142ug?&nbsp;<\/h2>\n\n\n\n<ul class=\"wp-block-list\">\n<li>Nasi pracownicy to zawodowcy z ogromnym do\u015bwiadczeniem.&nbsp;<\/li>\n\n\n\n<li>Posiadamy nowoczesne zaplecze serwisowe oraz rozbudowany serwis mobilny.&nbsp;&nbsp;<\/li>\n\n\n\n<li>Dajemy r\u00f3wnie\u017c mo\u017cliwo\u015b\u0107 wynaj\u0119cia sprz\u0119tu zast\u0119pczego na czas naprawy (dotyczy tylko w\u00f3zk\u00f3w wid\u0142owych i podno\u015bnik\u00f3w no\u017cycowych).&nbsp;<\/li>\n\n\n\n<li>W naszej ofercie posiadamy te\u017c us\u0142ugi pomocy przy zakupie maszyn UDT, audytu oraz doradztwa.&nbsp;<\/li>\n<\/ul>\n\n\n<div class=\"wp-block-image\">\n<figure class=\"alignright size-large is-resized\"><img decoding=\"async\" src=\"https:\/\/operatorzy.edu.pl\/wp-content\/uploads\/2023\/03\/screen_2x-8-854x1280.jpg\" alt=\"popsuta \u0142adowarka teleskopowa\u00a0\" class=\"wp-image-2348\" width=\"344\" height=\"515\" srcset=\"https:\/\/operatorzy.edu.pl\/wp-content\/uploads\/2023\/03\/screen_2x-8-854x1280.jpg 854w, https:\/\/operatorzy.edu.pl\/wp-content\/uploads\/2023\/03\/screen_2x-8-200x300.jpg 200w, https:\/\/operatorzy.edu.pl\/wp-content\/uploads\/2023\/03\/screen_2x-8-768x1152.jpg 768w, https:\/\/operatorzy.edu.pl\/wp-content\/uploads\/2023\/03\/screen_2x-8-1024x1536.jpg 1024w, https:\/\/operatorzy.edu.pl\/wp-content\/uploads\/2023\/03\/screen_2x-8-8x12.jpg 8w, https:\/\/operatorzy.edu.pl\/wp-content\/uploads\/2023\/03\/screen_2x-8.jpg 1067w\" sizes=\"(max-width: 344px) 100vw, 344px\" \/><\/figure>\n<\/div>\n\n\n<h2 class=\"wp-block-heading\">Oferta naszego o\u015brodka szkoleniowego&nbsp;<\/h2>\n\n\n\n<p>Oferujemy tak\u017ce kursy na operator\u00f3w oraz konserwator\u00f3w:&nbsp;&nbsp;<\/p>\n\n\n\n<ul class=\"wp-block-list\">\n<li>\u017curawi przewo\u017anych i przeno\u015bnych, &nbsp;<\/li>\n\n\n\n<li>podno\u015bnik\u00f3w no\u017cycowych,&nbsp;&nbsp;<\/li>\n\n\n\n<li>\u017curawi pok\u0142adowych,&nbsp;&nbsp;<\/li>\n\n\n\n<li>\u0142adowarek teleskopowych,&nbsp;&nbsp;<\/li>\n\n\n\n<li>\u017curawi stacjonarnych,&nbsp;&nbsp;<\/li>\n\n\n\n<li>\u017curawi kolejowych i na pojazdach kolejowych,&nbsp;&nbsp;<\/li>\n\n\n\n<li>suwnic,&nbsp;&nbsp;<\/li>\n\n\n\n<li>\u017curawi szynowych,&nbsp;&nbsp;<\/li>\n\n\n\n<li>podno\u015bnik\u00f3w koszowych,&nbsp;&nbsp;<\/li>\n\n\n\n<li>\u017curawi wie\u017cowych i szybko montuj\u0105cych.&nbsp;<\/li>\n<\/ul>\n\n\n\n<p>Poza tym, u nas znajd\u0105 Pa\u0144stwo m.in.: <\/p>\n\n\n\n<ul class=\"wp-block-list\">\n<li>szkolenia wysoko\u015bciowe, &nbsp;<\/li>\n\n\n\n<li>spawalnicze, zgrzewania, &nbsp;<\/li>\n\n\n\n<li>na uprawnienia elektryczne, &nbsp;<\/li>\n\n\n\n<li>energetyczne i gazowe,&nbsp;<\/li>\n\n\n\n<li>na montera po\u0142\u0105cze\u0144 ko\u0142nierzowych.&nbsp;&nbsp;<\/li>\n<\/ul>\n\n\n\n<p>Je\u017celi jeste\u015b zainteresowany skorzystaniem z naszych us\u0142ug lub masz jakiekolwiek pytania skontaktuj si\u0119 z nami.&nbsp;<\/p>\n\n\n\n<h2 class=\"wp-block-heading\">Pytania naszych klient\u00f3w <\/h2>\n\n\n\t\t<details\t\thelp class=\"sc_fs_faq sc_card    \"\n\t\topen\t\t>\n\t\t\t\t\t<summary>\n\t\t\t\t<h3>Jakie urz\u0105dzenia serwisujecie? <\/h3>\t\t\t\t\t<\/summary>\n\t\t\t\t<div>\n\t\t\t\t\t\t<div class=\"sc_fs_faq__content\">\n\t\t\t\t\n\n<p>Serwisujemy suwnice, podno\u015bniki koszowe, w\u00f3zki wid\u0142owe, podno\u015bniki no\u017cycowe, \u0142adowarki teleskopowe oraz \u017curawie HDS.&nbsp;<\/p>\n\n\t\t\t<\/div>\n\t\t<\/div>\n\t\t<\/details>\n\t\t\t\t<details\t\thelp class=\"sc_fs_faq sc_card    \"\n\t\t\t\t>\n\t\t\t\t\t<summary>\n\t\t\t\t<h3>Czy oferujecie wynajem sprz\u0119tu zast\u0119pczego? <\/h3>\t\t\t\t\t<\/summary>\n\t\t\t\t<div>\n\t\t\t\t\t\t<div class=\"sc_fs_faq__content\">\n\t\t\t\t\n\n<p>Tak, umo\u017cliwiamy wynaj\u0119cie sprz\u0119tu zast\u0119pczego jednak dotyczy to tylko w\u00f3zk\u00f3w wid\u0142owych jej podno\u015bnik\u00f3w no\u017cycowych.&nbsp;<\/p>\n\n\t\t\t<\/div>\n\t\t<\/div>\n\t\t<\/details>\n\t\t\t\t<details\t\thelp class=\"sc_fs_faq sc_card    \"\n\t\t\t\t>\n\t\t\t\t\t<summary>\n\t\t\t\t<h3>Jakiego rodzaju us\u0142ugi oferujecie? <\/h3>\t\t\t\t\t<\/summary>\n\t\t\t\t<div>\n\t\t\t\t\t\t<div class=\"sc_fs_faq__content\">\n\t\t\t\t\n\n<p>Nasza firma oferuje pe\u0142n\u0105 obs\u0142ug\u0119 urz\u0105dze\u0144 obj\u0119tych dozorem technicznym w zakresie konserwacji, serwisu, przegl\u0105d\u00f3w oraz modernizacji, w tym: naprawy, remonty, modernizacj\u0119, przegl\u0105dy okresowe, diagnostyk\u0119, wymian\u0119 cz\u0119\u015bci. Oferujemy r\u00f3wnie\u017c fachowe doradztwo, wynajem sprz\u0119tu zast\u0119pczego, czy kursy na uprawnienia UDT na operator\u00f3w i konserwator\u00f3w urz\u0105dze\u0144.&nbsp;<\/p>\n\n\t\t\t<\/div>\n\t\t<\/div>\n\t\t<\/details>\n\t\t\t\t<details\t\thelp class=\"sc_fs_faq sc_card    \"\n\t\t\t\t>\n\t\t\t\t\t<summary>\n\t\t\t\t<h3>Czy firma oferuje serwis mobilny? <\/h3>\t\t\t\t\t<\/summary>\n\t\t\t\t<div>\n\t\t\t\t\t\t<div class=\"sc_fs_faq__content\">\n\t\t\t\t\n\n<p>Tak, firma oferuje serwis mobilny, dzi\u0119ki kt\u00f3remu dokonujemy bie\u017c\u0105cych napraw w miejscu pracy maszyny bez konieczno\u015bci transportowania jej. Serwis mobilny jest dobrze wyposa\u017cony i posiada szybki dost\u0119p do cz\u0119\u015bci zamiennych.&nbsp;<\/p>\n\n\t\t\t<\/div>\n\t\t<\/div>\n\t\t<\/details>\n\t\t\n<script type=\"application\/ld+json\">\n\t{\n\t\t\"@context\": \"https:\/\/schema.org\",\n\t\t\"@type\": \"FAQPage\",\n\t\t\"mainEntity\": [\n\t\t\t\t\t{\n\t\t\t\t\"@type\": \"Question\",\n\t\t\t\t\"name\": \"Jakie urz\u0105dzenia serwisujecie? \",\n\t\t\t\t\"acceptedAnswer\": {\n\t\t\t\t\t\"@type\": \"Answer\",\n\t\t\t\t\t\"text\": \"<p>Serwisujemy suwnice, podno\u015bniki koszowe, w\u00f3zki wid\u0142owe, podno\u015bniki no\u017cycowe, \u0142adowarki teleskopowe oraz \u017curawie HDS.&nbsp;<\/p>\"\n\t\t\t\t\t\t\t\t\t}\n\t\t\t}\n\t\t\t,\t\t\t\t{\n\t\t\t\t\"@type\": \"Question\",\n\t\t\t\t\"name\": \"Czy oferujecie wynajem sprz\u0119tu zast\u0119pczego? \",\n\t\t\t\t\"acceptedAnswer\": {\n\t\t\t\t\t\"@type\": \"Answer\",\n\t\t\t\t\t\"text\": \"<p>Tak, umo\u017cliwiamy wynaj\u0119cie sprz\u0119tu zast\u0119pczego jednak dotyczy to tylko w\u00f3zk\u00f3w wid\u0142owych jej podno\u015bnik\u00f3w no\u017cycowych.&nbsp;<\/p>\"\n\t\t\t\t\t\t\t\t\t}\n\t\t\t}\n\t\t\t,\t\t\t\t{\n\t\t\t\t\"@type\": \"Question\",\n\t\t\t\t\"name\": \"Jakiego rodzaju us\u0142ugi oferujecie? \",\n\t\t\t\t\"acceptedAnswer\": {\n\t\t\t\t\t\"@type\": \"Answer\",\n\t\t\t\t\t\"text\": \"<p>Nasza firma oferuje pe\u0142n\u0105 obs\u0142ug\u0119 urz\u0105dze\u0144 obj\u0119tych dozorem technicznym w zakresie konserwacji, serwisu, przegl\u0105d\u00f3w oraz modernizacji, w tym: naprawy, remonty, modernizacj\u0119, przegl\u0105dy okresowe, diagnostyk\u0119, wymian\u0119 cz\u0119\u015bci. Oferujemy r\u00f3wnie\u017c fachowe doradztwo, wynajem sprz\u0119tu zast\u0119pczego, czy kursy na uprawnienia UDT na operator\u00f3w i konserwator\u00f3w urz\u0105dze\u0144.&nbsp;<\/p>\"\n\t\t\t\t\t\t\t\t\t}\n\t\t\t}\n\t\t\t,\t\t\t\t{\n\t\t\t\t\"@type\": \"Question\",\n\t\t\t\t\"name\": \"Czy firma oferuje serwis mobilny? \",\n\t\t\t\t\"acceptedAnswer\": {\n\t\t\t\t\t\"@type\": \"Answer\",\n\t\t\t\t\t\"text\": \"<p>Tak, firma oferuje serwis mobilny, dzi\u0119ki kt\u00f3remu dokonujemy bie\u017c\u0105cych napraw w miejscu pracy maszyny bez konieczno\u015bci transportowania jej. Serwis mobilny jest dobrze wyposa\u017cony i posiada szybki dost\u0119p do cz\u0119\u015bci zamiennych.&nbsp;<\/p>\"\n\t\t\t\t\t\t\t\t\t}\n\t\t\t}\n\t\t\t\t\t\t]\n\t}\n<\/script>\n","protected":false},"excerpt":{"rendered":"<p>Oferujemy pe\u0142n\u0105 obs\u0142ug\u0119 urz\u0105dze\u0144 obj\u0119tych dozorem technicznym w zakresie konserwacji, serwisu, przegl\u0105d\u00f3w oraz modernizacji. Serwisujemy suwnice, podno\u015bniki koszowe, w\u00f3zki wid\u0142owe, podno\u015bniki no\u017cycowe, \u0142adowarki teleskopowe oraz \u017curawie HDS.&nbsp; Zakres naszych us\u0142ug&nbsp; Zakres wykonywanych przez nas us\u0142ug obejmuje:&nbsp; Serwisowany przez nasz\u0105 urz\u0105dzenia&nbsp; Serwisujemy maszyny obj\u0119te dozorem technicznym takie jak:&nbsp; Serwis mobilny&nbsp; Dzi\u0119ki serwisowi mobilnemu dokonujemy bie\u017c\u0105cych napraw [&hellip;]<\/p>\n","protected":false},"author":3,"featured_media":2350,"parent":2503,"menu_order":0,"comment_status":"closed","ping_status":"closed","template":"template-podkategorie.php","meta":{"footnotes":""},"class_list":["post-2347","page","type-page","status-publish","has-post-thumbnail","hentry"],"aioseo_notices":[],"_links":{"self":[{"href":"https:\/\/operatorzy.edu.pl\/es\/wp-json\/wp\/v2\/pages\/2347","targetHints":{"allow":["GET"]}}],"collection":[{"href":"https:\/\/operatorzy.edu.pl\/es\/wp-json\/wp\/v2\/pages"}],"about":[{"href":"https:\/\/operatorzy.edu.pl\/es\/wp-json\/wp\/v2\/types\/page"}],"author":[{"embeddable":true,"href":"https:\/\/operatorzy.edu.pl\/es\/wp-json\/wp\/v2\/users\/3"}],"replies":[{"embeddable":true,"href":"https:\/\/operatorzy.edu.pl\/es\/wp-json\/wp\/v2\/comments?post=2347"}],"version-history":[{"count":3,"href":"https:\/\/operatorzy.edu.pl\/es\/wp-json\/wp\/v2\/pages\/2347\/revisions"}],"predecessor-version":[{"id":2505,"href":"https:\/\/operatorzy.edu.pl\/es\/wp-json\/wp\/v2\/pages\/2347\/revisions\/2505"}],"up":[{"embeddable":true,"href":"https:\/\/operatorzy.edu.pl\/es\/wp-json\/wp\/v2\/pages\/2503"}],"wp:featuredmedia":[{"embeddable":true,"href":"https:\/\/operatorzy.edu.pl\/es\/wp-json\/wp\/v2\/media\/2350"}],"wp:attachment":[{"href":"https:\/\/operatorzy.edu.pl\/es\/wp-json\/wp\/v2\/media?parent=2347"}],"curies":[{"name":"wp","href":"https:\/\/api.w.org\/{rel}","templated":true}]}}