{"id":2446,"date":"2023-03-13T12:28:07","date_gmt":"2023-03-13T11:28:07","guid":{"rendered":"https:\/\/operatorzy.edu.pl\/?page_id=2446"},"modified":"2023-03-15T10:47:51","modified_gmt":"2023-03-15T09:47:51","slug":"ralsburna-kranar","status":"publish","type":"page","link":"https:\/\/operatorzy.edu.pl\/sv\/szkolenia\/urzad-dozoru-technicznego\/zurawie-szynowe\/","title":{"rendered":"R\u00e4lsmonterade kranar (hamnkranar) - utbildning f\u00f6r operat\u00f6rer och underh\u00e5llare"},"content":{"rendered":"<p>\u017burawie portowenale\u017c\u0105 do urz\u0105dze\u0144 d\u017awignicowych, u\u017cywanych do przenoszenia towar\u00f3w celem ich za\u0142adunku i roz\u0142adunku. Jak ich nazwa wskazuje zazwyczaj korzysta si\u0119 z nich przy pracy w portach morskich. Ich konstrukcja pozwala na wykonywanie wielu czynno\u015bci jednocze\u015bnie: mog\u0105 opuszcza\u0107 lub podnosi\u0107 \u0142adunki, obracaj\u0105c si\u0119 wok\u00f3\u0142 w\u0142asnej osi, a przy tym zmienia\u0107 nachylenie wysi\u0119gnika i porusza\u0107 si\u0119 wzd\u0142u\u017c wybrze\u017ca.<br \/>To niezwykle pomocne maszyny przy za\u0142adunku i roz\u0142adunku statk\u00f3w towarowych.<\/p>\r\n<p><img decoding=\"async\" class=\"aligncenter wp-image-2526 size-large\" src=\"https:\/\/operatorzy.edu.pl\/wp-content\/uploads\/2023\/03\/ghv-1280x854.jpeg\" alt=\"\u017curaw szynowy podczas pracy w porcie\" width=\"750\" height=\"500\" srcset=\"https:\/\/operatorzy.edu.pl\/wp-content\/uploads\/2023\/03\/ghv-1280x854.jpeg 1280w, https:\/\/operatorzy.edu.pl\/wp-content\/uploads\/2023\/03\/ghv-300x200.jpeg 300w, https:\/\/operatorzy.edu.pl\/wp-content\/uploads\/2023\/03\/ghv-768x513.jpeg 768w, https:\/\/operatorzy.edu.pl\/wp-content\/uploads\/2023\/03\/ghv-1536x1025.jpeg 1536w, https:\/\/operatorzy.edu.pl\/wp-content\/uploads\/2023\/03\/ghv-18x12.jpeg 18w, https:\/\/operatorzy.edu.pl\/wp-content\/uploads\/2023\/03\/ghv.jpeg 1600w\" sizes=\"(max-width: 750px) 100vw, 750px\" \/><\/p>\r\n<h3>\u017burawie portowe mo\u017cemy podzieli\u0107 na dwa rodzaje pod wzgl\u0119dem ich konstrukcji:<\/h3>\r\n<ul>\r\n<li>4 &#8211; przegubowe,<\/li>\r\n<li>oraz wysi\u0119gnikowe, z kompensacj\u0105 linow\u0105.<\/li>\r\n<\/ul>\r\n<p>Aby zosta\u0107 operatorem lub konserwatorem, trzeba uprzednio zdoby\u0107 uprawnienia pozwalaj\u0105ce na prac\u0119.<\/p>\r\n<h2><strong>Nasze szkolenia<\/strong><\/h2>\r\n<p>Nasza firma oferuje szkolenia poprzedzaj\u0105ce.\u00a0 U nas nab\u0119dziesz niezb\u0119dn\u0105 teori\u0119 oraz praktycznie nauczysz si\u0119 obs\u0142ugi, czy te\u017c utrzymania \u017curawi w dobrym stanie technicznym.<\/p>\r\n<h2><strong>Dla kogo s\u0105 nasze szkolenia?<\/strong><\/h2>\r\n<p>Zar\u00f3wno klient\u00f3w indywidualnych, jak i firm. Kurs mo\u017ce si\u0119 odby\u0107 u nas w o\u015brodku lub u klienta. Jako kandydat na uczestnika kursu nale\u017cy spe\u0142ni\u0107 tylko par\u0119 prostych wymaga\u0144:<\/p>\r\n<ul>\r\n<li>mie\u0107 uko\u0144czone 18 lat,<\/li>\r\n<li>posiada\u0107 wykszta\u0142cenie co najmniej podstawowe,<\/li>\r\n<li>wykaza\u0107 si\u0119 brakiem zdrowotnych przeciwwskaza\u0144 do pracy na stanowisku, udokumentowanym przez odpowiedniego lekarza.<\/li>\r\n<\/ul>\r\n<h3><strong><img decoding=\"async\" class=\"alignright wp-image-2525\" src=\"https:\/\/operatorzy.edu.pl\/wp-content\/uploads\/2023\/03\/fgc-201x300.jpeg\" alt=\"szkolenie z obs\u0142ugi \u017curawia portowego \" width=\"270\" height=\"403\" srcset=\"https:\/\/operatorzy.edu.pl\/wp-content\/uploads\/2023\/03\/fgc-201x300.jpeg 201w, https:\/\/operatorzy.edu.pl\/wp-content\/uploads\/2023\/03\/fgc-857x1280.jpeg 857w, https:\/\/operatorzy.edu.pl\/wp-content\/uploads\/2023\/03\/fgc-768x1147.jpeg 768w, https:\/\/operatorzy.edu.pl\/wp-content\/uploads\/2023\/03\/fgc-1028x1536.jpeg 1028w, https:\/\/operatorzy.edu.pl\/wp-content\/uploads\/2023\/03\/fgc-8x12.jpeg 8w, https:\/\/operatorzy.edu.pl\/wp-content\/uploads\/2023\/03\/fgc.jpeg 1071w\" sizes=\"(max-width: 270px) 100vw, 270px\" \/>Szkolenie sk\u0142ada si\u0119 z teorii oraz praktyki, a ramowy plan wyk\u0142ad\u00f3w zawiera:<\/strong><\/h3>\r\n<ul>\r\n<li>informacje na temat dozoru technicznego,<\/li>\r\n<li>budow\u0119 i funkcj\u0119 \u017curawi,<\/li>\r\n<li>wszystko o w\u0142a\u015bciwej eksploatacji,<\/li>\r\n<li>przepisy BHP,<\/li>\r\n<li>mo\u017cliwe zagro\u017cenia przy pracy i jak im zapobiec,<\/li>\r\n<li>szczeg\u00f3\u0142owa teoria na temat obs\u0142ugi \u017curawi,<\/li>\r\n<li>praca w trudnych warunkach,<\/li>\r\n<li>dla konserwator\u00f3w: dokonywanie przegl\u0105du, utrzymanie maszyny w dobrym stanie technicznym i ocena tego stanu, obowi\u0105zki konserwatora, post\u0119powanie w przypadku awarii oraz zapobieganie im.<\/li>\r\n<\/ul>\r\n<p>Po tym nast\u0119puj\u0105 praktyczne \u0107wiczenia z urz\u0105dzeniami, gdzie przysz\u0142y operator uczy si\u0119 pracy z \u017curawiami oraz przygotowania do niej, a konserwator oceny technicznej oraz wykorzystania substancji konserwuj\u0105cych (jak smary i oleje).<\/p>\r\n<h2><strong>Egzamin TDT<\/strong><\/h2>\r\n<p>Po sko\u0144czonym szkoleniu, kursant mo\u017ce podej\u015b\u0107 do egzaminu przed komisj\u0105 TDT. Ten odbywa si\u0119 w miejscu pracy. Mo\u017cna zda\u0107 <img decoding=\"async\" class=\"alignright wp-image-2524\" src=\"https:\/\/operatorzy.edu.pl\/wp-content\/uploads\/2023\/03\/dfx-201x300.jpeg\" alt=\"\u017curaw szynowy podczas pracy w porcie\" width=\"270\" height=\"403\" srcset=\"https:\/\/operatorzy.edu.pl\/wp-content\/uploads\/2023\/03\/dfx-201x300.jpeg 201w, https:\/\/operatorzy.edu.pl\/wp-content\/uploads\/2023\/03\/dfx-857x1280.jpeg 857w, https:\/\/operatorzy.edu.pl\/wp-content\/uploads\/2023\/03\/dfx-768x1147.jpeg 768w, https:\/\/operatorzy.edu.pl\/wp-content\/uploads\/2023\/03\/dfx-1028x1536.jpeg 1028w, https:\/\/operatorzy.edu.pl\/wp-content\/uploads\/2023\/03\/dfx-8x12.jpeg 8w, https:\/\/operatorzy.edu.pl\/wp-content\/uploads\/2023\/03\/dfx.jpeg 1071w\" sizes=\"(max-width: 270px) 100vw, 270px\" \/>egzamin r\u00f3wnie\u017c w naszym o\u015brodku, aby w przysz\u0142o\u015bci m\u00f3c pracowa\u0107 z \u017curawiami portowymi. Jego pozytywny wynik (zar\u00f3wno teorii i praktyki) jest r\u00f3wnoznaczny z otrzymaniem uprawnie\u0144, wydawanych na 5 lat od daty zdania egzaminu.<\/p>\r\n<h2><strong>Dlaczego warto nas wybra\u0107?<\/strong><\/h2>\r\n<p>Pomagamy we wszelkich formalno\u015bciach zwi\u0105zanych z zapisem oraz p\u00f3\u017aniejszym odbiorem certyfikatu. Nasi pracownicy, to <br \/>specjali\u015bci z wieloletnim do\u015bwiadczeniem, kt\u00f3rzy ch\u0119tnie dziel\u0105 si\u0119 swoj\u0105 wiedz\u0105 i pomog\u0105 Ci pomy\u015blnie zda\u0107 egzamin za pierwszym podej\u015bciem. Tw\u00f3j sukces, to nasz sukces.<\/p>\r\n<h2><strong>Praca w zawodzie<\/strong><\/h2>\r\n<p>Posiadacze uprawnie\u0144 od TDT mog\u0105 pracowa\u0107 na terenie Polski, Unii Europejskiej oraz w Kanadzie,\u00a0 USA i Szwajcarii. Je\u015bli zaistnieje taka potrzeba, mo\u017cne przed\u0142u\u017cy\u0107 certyfikat, czego warunkiem jest udokumentowanie minimum 3 lat pracy w zawodzie w okresie wa\u017cno\u015bci uprawnie\u0144.<br \/>Praca na stanowisku operatora czy konserwatora daje wiele mo\u017cliwo\u015bci pracy zar\u00f3wno w Polsce, jak i za granic\u0105. Gwarancj\u0105 jest zdobycie dobrze p\u0142atnego zatrudnienia lub mo\u017cliwo\u015b\u0107 za\u0142o\u017cenia w\u0142asnej firmy.<\/p>\r\n<h2>Pytania i odpowiedzi<\/h2>\r\n\t\t<details\t\thelp class=\"sc_fs_faq sc_card    \"\n\t\t\t\t>\n\t\t\t\t\t<summary>\n\t\t\t\t<h3>Jak dzielimy \u017curawie szynowe? <\/h3>\t\t\t\t\t<\/summary>\n\t\t\t\t<div>\n\t\t\t\t\t\t<div class=\"sc_fs_faq__content\">\n\t\t\t\t\r\n\r\n\r\n<p>Mo\u017cemy je podzieli\u0107 na dwie kategorie: 4 &#8211; przegubowe oraz wysi\u0119gnikowe, z kompensacj\u0105 linow\u0105. Ze wzgl\u0119du na kon strukcj\u0119 w\u00f3zka (platformy, na kt\u00f3rej zamontowany jest element obracaj\u0105cy si\u0119) dzielimy je na \u017curawie: portalowe (bramowe) szynowe, portalowe (bramowe) na ogumionych ko\u0142ach, samojezdne i mocowane na cokole.<\/p>\r\n\t\t\t<\/div>\n\t\t<\/div>\n\t\t<\/details>\n\t\t\t\t<details\t\thelp class=\"sc_fs_faq sc_card    \"\n\t\t\t\t>\n\t\t\t\t\t<summary>\n\t\t\t\t<h3>Jak dzia\u0142aj\u0105 \u017curawie portowe? <\/h3>\t\t\t\t\t<\/summary>\n\t\t\t\t<div>\n\t\t\t\t\t\t<div class=\"sc_fs_faq__content\">\n\t\t\t\t\r\n\r\n\r\n<p>S\u0105 to maszyny, kt\u00f3rych zalet\u0105 jest wykonywania wielu czynno\u015bci jednocze\u015bnie. Mog\u0105 podnosi\u0107 i opuszcza\u0107 \u0142adunki, obraca\u0107 si\u0119 wok\u00f3\u0142 w\u0142asnej osi, zmienia\u0107 nachylenie wysi\u0119gnika i porusza\u0107 si\u0119 po nabrze\u017cu.\u00a0<\/p>\r\n\t\t\t<\/div>\n\t\t<\/div>\n\t\t<\/details>\n\t\t\n<script type=\"application\/ld+json\">\n\t{\n\t\t\"@context\": \"https:\/\/schema.org\",\n\t\t\"@type\": \"FAQPage\",\n\t\t\"mainEntity\": [\n\t\t\t\t\t{\n\t\t\t\t\"@type\": \"Question\",\n\t\t\t\t\"name\": \"Jak dzielimy \u017curawie szynowe? \",\n\t\t\t\t\"acceptedAnswer\": {\n\t\t\t\t\t\"@type\": \"Answer\",\n\t\t\t\t\t\"text\": \"<p>Mo\u017cemy je podzieli\u0107 na dwie kategorie: 4 - przegubowe oraz wysi\u0119gnikowe, z kompensacj\u0105 linow\u0105. Ze wzgl\u0119du na kon strukcj\u0119 w\u00f3zka (platformy, na kt\u00f3rej zamontowany jest element obracaj\u0105cy si\u0119) dzielimy je na \u017curawie: portalowe (bramowe) szynowe, portalowe (bramowe) na ogumionych ko\u0142ach, samojezdne i mocowane na cokole.<\/p>\"\n\t\t\t\t\t\t\t\t\t}\n\t\t\t}\n\t\t\t,\t\t\t\t{\n\t\t\t\t\"@type\": \"Question\",\n\t\t\t\t\"name\": \"Jak dzia\u0142aj\u0105 \u017curawie portowe? \",\n\t\t\t\t\"acceptedAnswer\": {\n\t\t\t\t\t\"@type\": \"Answer\",\n\t\t\t\t\t\"text\": \"<p>S\u0105 to maszyny, kt\u00f3rych zalet\u0105 jest wykonywania wielu czynno\u015bci jednocze\u015bnie. Mog\u0105 podnosi\u0107 i opuszcza\u0107 \u0142adunki, obraca\u0107 si\u0119 wok\u00f3\u0142 w\u0142asnej osi, zmienia\u0107 nachylenie wysi\u0119gnika i porusza\u0107 si\u0119 po nabrze\u017cu.\u00a0<\/p>\"\n\t\t\t\t\t\t\t\t\t}\n\t\t\t}\n\t\t\t\t\t\t]\n\t}\n<\/script>\n","protected":false},"excerpt":{"rendered":"<p>\u017burawie portowenale\u017c\u0105 do urz\u0105dze\u0144 d\u017awignicowych, u\u017cywanych do przenoszenia towar\u00f3w celem ich za\u0142adunku i roz\u0142adunku. Jak ich nazwa wskazuje zazwyczaj korzysta si\u0119 z nich przy pracy w portach morskich. Ich konstrukcja pozwala na wykonywanie wielu czynno\u015bci jednocze\u015bnie: mog\u0105 opuszcza\u0107 lub podnosi\u0107 \u0142adunki, obracaj\u0105c si\u0119 wok\u00f3\u0142 w\u0142asnej osi, a przy tym zmienia\u0107 nachylenie wysi\u0119gnika i porusza\u0107 si\u0119 [&hellip;]<\/p>\n","protected":false},"author":5,"featured_media":2526,"parent":1468,"menu_order":0,"comment_status":"closed","ping_status":"closed","template":"","meta":{"footnotes":""},"class_list":["post-2446","page","type-page","status-publish","has-post-thumbnail","hentry"],"aioseo_notices":[],"_links":{"self":[{"href":"https:\/\/operatorzy.edu.pl\/sv\/wp-json\/wp\/v2\/pages\/2446","targetHints":{"allow":["GET"]}}],"collection":[{"href":"https:\/\/operatorzy.edu.pl\/sv\/wp-json\/wp\/v2\/pages"}],"about":[{"href":"https:\/\/operatorzy.edu.pl\/sv\/wp-json\/wp\/v2\/types\/page"}],"author":[{"embeddable":true,"href":"https:\/\/operatorzy.edu.pl\/sv\/wp-json\/wp\/v2\/users\/5"}],"replies":[{"embeddable":true,"href":"https:\/\/operatorzy.edu.pl\/sv\/wp-json\/wp\/v2\/comments?post=2446"}],"version-history":[{"count":6,"href":"https:\/\/operatorzy.edu.pl\/sv\/wp-json\/wp\/v2\/pages\/2446\/revisions"}],"predecessor-version":[{"id":2529,"href":"https:\/\/operatorzy.edu.pl\/sv\/wp-json\/wp\/v2\/pages\/2446\/revisions\/2529"}],"up":[{"embeddable":true,"href":"https:\/\/operatorzy.edu.pl\/sv\/wp-json\/wp\/v2\/pages\/1468"}],"wp:featuredmedia":[{"embeddable":true,"href":"https:\/\/operatorzy.edu.pl\/sv\/wp-json\/wp\/v2\/media\/2526"}],"wp:attachment":[{"href":"https:\/\/operatorzy.edu.pl\/sv\/wp-json\/wp\/v2\/media?parent=2446"}],"curies":[{"name":"wp","href":"https:\/\/api.w.org\/{rel}","templated":true}]}}